{"id":2245,"date":"2020-11-25T17:27:56","date_gmt":"2020-11-25T16:27:56","guid":{"rendered":"https:\/\/www.pharmacieonline.lu\/produit\/excedryn-30-cpr\/"},"modified":"2026-04-02T19:55:31","modified_gmt":"2026-04-02T17:55:31","slug":"excedryn-30-cpr","status":"publish","type":"product","link":"https:\/\/www.pharmacieonline.lu\/en\/produit\/excedryn-30-cpr\/","title":{"rendered":"EXCEDRYN 30 CPR"},"content":{"rendered":"<p>Each tablet of Excedryn contains three active substances: acetylsalicylic acid, paracetamol and caffeine.<\/p>\n<p>Acetylsalicylic acid and paracetamol reduce pain and fever, and acetylsalicylic acid also reduces inflammation.<br \/>\nCaffeine is a mild stimulant which increases the effect of acetylsalicylic acid and paracetamol.<\/p>","protected":false},"excerpt":{"rendered":"<p class=\"qtranxs-available-languages-message qtranxs-available-languages-message-en\">\n<p>Excedryn est utilis\u00e9 pour le traitement aigu des maux de t\u00eate et des attaques de migraine (sympt\u00f4mes tels que maux de t\u00eate, naus\u00e9es, sensibilit\u00e9 \u00e0 la lumi\u00e8re et au bruit et incapacit\u00e9s fonctionnelles) avec ou sans aura.<\/p>\n","protected":false},"featured_media":2729,"template":"","meta":{"_acf_changed":false,"footnotes":""},"product_brand":[],"product_cat":[43,94],"product_tag":[],"class_list":{"0":"post-2245","1":"product","2":"type-product","3":"status-publish","4":"has-post-thumbnail","6":"product_cat-medicaments-en-vente-libre","7":"product_cat-maux","9":"first","10":"outofstock","11":"taxable","12":"shipping-taxable","13":"purchasable","14":"product-type-simple"},"acf":[],"_links":{"self":[{"href":"https:\/\/www.pharmacieonline.lu\/en\/wp-json\/wp\/v2\/product\/2245","targetHints":{"allow":["GET"]}}],"collection":[{"href":"https:\/\/www.pharmacieonline.lu\/en\/wp-json\/wp\/v2\/product"}],"about":[{"href":"https:\/\/www.pharmacieonline.lu\/en\/wp-json\/wp\/v2\/types\/product"}],"version-history":[{"count":0,"href":"https:\/\/www.pharmacieonline.lu\/en\/wp-json\/wp\/v2\/product\/2245\/revisions"}],"wp:featuredmedia":[{"embeddable":true,"href":"https:\/\/www.pharmacieonline.lu\/en\/wp-json\/wp\/v2\/media\/2729"}],"wp:attachment":[{"href":"https:\/\/www.pharmacieonline.lu\/en\/wp-json\/wp\/v2\/media?parent=2245"}],"wp:term":[{"taxonomy":"product_brand","embeddable":true,"href":"https:\/\/www.pharmacieonline.lu\/en\/wp-json\/wp\/v2\/product_brand?post=2245"},{"taxonomy":"product_cat","embeddable":true,"href":"https:\/\/www.pharmacieonline.lu\/en\/wp-json\/wp\/v2\/product_cat?post=2245"},{"taxonomy":"product_tag","embeddable":true,"href":"https:\/\/www.pharmacieonline.lu\/en\/wp-json\/wp\/v2\/product_tag?post=2245"}],"curies":[{"name":"wp","href":"https:\/\/api.w.org\/{rel}","templated":true}]}}