{"id":2331,"date":"2020-11-25T17:27:58","date_gmt":"2020-11-25T16:27:58","guid":{"rendered":"https:\/\/www.pharmacieonline.lu\/produit\/footner-exfoliating-socks\/"},"modified":"2026-04-22T12:25:22","modified_gmt":"2026-04-22T10:25:22","slug":"footner-exfoliating-socks","status":"publish","type":"product","link":"https:\/\/www.pharmacieonline.lu\/en\/produit\/footner-exfoliating-socks\/","title":{"rendered":"FOOTNER EXFOLIATING SOCKS"},"content":{"rendered":"<p>Ultra soft feet in just one application<br \/>\nEffortlessly removes calluses and hard skin<br \/>\nInstant solution for hot and hot feet<\/p>\n<p>Using Footner Exfoliating Socks is a quick and easy solution to getting rid of hard, dry and cracked skin! Revolutionary product for ultra-soft feet in just one 60-minute application.Uses the skin&#8217;s natural process to rid your feet the formation of dead skin. After just one application, your feet will shed this dead skin. Your feet will be softer and smoother than ever. Using these products will help exfoliate the hardened skin on your feet. Footner Exfoliating Socks uses the skin&#8217;s natural exfoliation process to remove dead skin from the feet. Within 7-10 days * you will have smooth, rejuvenated and super-soft feet. Soaking your feet in lukewarm water before putting on the socks speeds up the process. Although not necessary, this will shorten the time it takes to exfoliate old skin. Some feet will exfoliate more than others. It depends on the thickness of the hardened skin. Although the peeling skin may appear dry, avoid using moisturizers during the exfoliation process, as this may reduce the effect of the product.<\/p>\n<p>It is recommended to wait at least 3 weeks before the next treatment. To prevent unwanted exfoliation, such as on the tops of your feet. Do not use the product if you are hypersensitive to one or more of the ingredients in Footner Exfoliating Socks. If irritation persists, consult a physician. Consult a doctor if you have diabetes or have circulation problems and want to use this product.<\/p>\n<p>*on average<\/p>\n<p>Use<\/p>\n<p>1. Cut the plastic sock with scissors along the dotted lines.<\/p>\n<p>&nbsp;<\/p>\n<p>2. Put the Footner Exfoliating Sock on your foot and use the tape to secure the top of the sock.<\/p>\n<p>&nbsp;<\/p>\n<p>3. Wear the socks for 60 minutes.<\/p>\n<p>4. Wash your feet. It is recommended to use the Footner Exfoliating Socks every 2-3 months to always have super soft feet. In some cases of hard skin, Footner may not remove the desired amount of skin in one application.<\/p>","protected":false},"excerpt":{"rendered":"<p class=\"qtranxs-available-languages-message qtranxs-available-languages-message-en\">\n<p>Ultraweiche F\u00fc\u00dfe in nur einer Anwendung<br \/>\nEntfernt m\u00fchelos Schwielen und harte Haut<br \/>\nSofortl\u00f6sung f\u00fcr hei\u00dfe und hei\u00dfe F\u00fc\u00dfe<\/p>\n<p>Die Verwendung von Footner Peeling-Socken ist eine schnelle und einfache L\u00f6sung, um harte, trockene und rissige Haut loszuwerden! Revolution\u00e4res Produkt f\u00fcr ultraweiche F\u00fc\u00dfe in nur einer 60-min\u00fctigen Anwendung. Verwendet den nat\u00fcrlichen Prozess der Haut, um Ihre F\u00fc\u00dfe zu befreien die Bildung abgestorbener Haut. Nach nur einer Anwendung werden Ihre F\u00fc\u00dfe diese abgestorbene Haut abl\u00f6sen. Ihre F\u00fc\u00dfe werden weicher und glatter als je zuvor. Mit diesen Produkten k\u00f6nnen Sie die verh\u00e4rtete Haut Ihrer F\u00fc\u00dfe peelen. Footner Peeling Socks verwendet das nat\u00fcrliche Peeling der Haut, um abgestorbene Haut von den F\u00fc\u00dfen zu entfernen. Innerhalb von 7-10 Tagen * haben Sie glatte, verj\u00fcngte und superweiche F\u00fc\u00dfe. Wenn Sie Ihre F\u00fc\u00dfe vor dem Anziehen der Socken in lauwarmes Wasser legen, wird der Vorgang beschleunigt. Dies ist zwar nicht erforderlich, verk\u00fcrzt jedoch die Zeit, die zum Peeling alter Haut ben\u00f6tigt wird. Einige F\u00fc\u00dfe peelen mehr als andere. Dies h\u00e4ngt von der Dicke der verh\u00e4rteten Haut ab. Obwohl die sch\u00e4lende Haut trocken erscheint, sollten Sie w\u00e4hrend des Peelings keine Feuchtigkeitscremes verwenden, da dies die Wirkung des Produkts verringern kann.<\/p>\n<p>Es wird empfohlen, mindestens 3 Wochen vor der n\u00e4chsten Behandlung zu warten. Um unerw\u00fcnschtes Peeling zu vermeiden, z. B. auf Ihren Fu\u00dfspitzen. Verwenden Sie das Produkt nicht, wenn Sie \u00fcberempfindlich gegen einen oder mehrere der Inhaltsstoffe von Footner Peelingsocken sind. Bei anhaltender Reizung einen Arzt konsultieren. Konsultieren Sie einen Arzt, wenn Sie an Diabetes leiden oder Kreislaufprobleme haben und dieses Produkt verwenden m\u00f6chten.<\/p>\n<p>*im Durchschnitt<\/p>\n<p>Verwenden<\/p>\n<p>1. Schneiden Sie die Plastiksocke mit einer Schere entlang der gepunkteten Linien.<\/p>\n<p>&nbsp;<\/p>\n<p>2. Legen Sie die Footner Peelingsocke auf Ihren Fu\u00df und befestigen Sie die Oberseite der Socke mit dem Klebeband.<\/p>\n<p>&nbsp;<\/p>\n<p>3. Tragen Sie die Socken 60 Minuten lang.<\/p>\n<p>4. Waschen Sie Ihre F\u00fc\u00dfe. Es wird empfohlen, die Footner Peelingsocken alle 2-3 Monate zu verwenden, um immer superweiche F\u00fc\u00dfe zu haben. In einigen F\u00e4llen von harter Haut entfernt Footner m\u00f6glicherweise nicht die gew\u00fcnschte Hautmenge in einer Anwendung.<\/p>\n","protected":false},"featured_media":2625,"template":"","meta":{"_acf_changed":false,"footnotes":""},"product_brand":[],"product_cat":[42,765],"product_tag":[],"class_list":{"0":"post-2331","1":"product","2":"type-product","3":"status-publish","4":"has-post-thumbnail","6":"product_cat-para-pharmacie","7":"product_cat-soins-pieds","9":"first","10":"outofstock","11":"taxable","12":"shipping-taxable","13":"purchasable","14":"product-type-simple"},"acf":[],"_links":{"self":[{"href":"https:\/\/www.pharmacieonline.lu\/en\/wp-json\/wp\/v2\/product\/2331","targetHints":{"allow":["GET"]}}],"collection":[{"href":"https:\/\/www.pharmacieonline.lu\/en\/wp-json\/wp\/v2\/product"}],"about":[{"href":"https:\/\/www.pharmacieonline.lu\/en\/wp-json\/wp\/v2\/types\/product"}],"version-history":[{"count":0,"href":"https:\/\/www.pharmacieonline.lu\/en\/wp-json\/wp\/v2\/product\/2331\/revisions"}],"wp:featuredmedia":[{"embeddable":true,"href":"https:\/\/www.pharmacieonline.lu\/en\/wp-json\/wp\/v2\/media\/2625"}],"wp:attachment":[{"href":"https:\/\/www.pharmacieonline.lu\/en\/wp-json\/wp\/v2\/media?parent=2331"}],"wp:term":[{"taxonomy":"product_brand","embeddable":true,"href":"https:\/\/www.pharmacieonline.lu\/en\/wp-json\/wp\/v2\/product_brand?post=2331"},{"taxonomy":"product_cat","embeddable":true,"href":"https:\/\/www.pharmacieonline.lu\/en\/wp-json\/wp\/v2\/product_cat?post=2331"},{"taxonomy":"product_tag","embeddable":true,"href":"https:\/\/www.pharmacieonline.lu\/en\/wp-json\/wp\/v2\/product_tag?post=2331"}],"curies":[{"name":"wp","href":"https:\/\/api.w.org\/{rel}","templated":true}]}}