{"id":23581,"date":"2022-02-24T17:12:37","date_gmt":"2022-02-24T16:12:37","guid":{"rendered":"https:\/\/www.pharmacieonline.lu\/?post_type=product&#038;p=23581"},"modified":"2026-04-04T15:55:23","modified_gmt":"2026-04-04T13:55:23","slug":"hills-can-vet-adult-dental-med-10kg","status":"publish","type":"product","link":"https:\/\/www.pharmacieonline.lu\/en\/produit\/hills-can-vet-adult-dental-med-10kg\/","title":{"rendered":"HILLS CAN VET ADULT DENTAL MED 10KG"},"content":{"rendered":"<p><span class=\"nowrap\">la nourriture pour chiens adultes VET ESSENTIALS<\/span>\u00a0DENTAL HEALTH Adult Medium avec poulet fournit une nutrition avanc\u00e9e avec 5 avantages essentiels pour la sant\u00e9 de votre chien, y compris une technologie dentaire unique cliniquement prouv\u00e9e pour garder les dents et les gencives en bonne sant\u00e9. Les croquettes plus grandes, avec la technologie de fibre monodirectionnelle, aident \u00e0 nettoyer les dents comme une brosse \u00e0 dents.<\/p>","protected":false},"excerpt":{"rendered":"<p>la nourriture pour chiens adultes VET ESSENTIALS\u00a0DENTAL HEALTH Adult Medium avec poulet fournit une nutrition avanc\u00e9e avec 5 avantages essentiels pour la sant\u00e9 de votre chien, y compris une technologie dentaire unique cliniquement prouv\u00e9e pour garder les dents et les gencives en bonne sant\u00e9. Les croquettes plus grandes, avec la technologie de fibre monodirectionnelle, aident [&hellip;]<\/p>\n","protected":false},"featured_media":23584,"template":"","meta":{"_acf_changed":false,"footnotes":""},"product_brand":[],"product_cat":[151,159,46],"product_tag":[],"class_list":{"0":"post-23581","1":"product","2":"type-product","3":"status-publish","4":"has-post-thumbnail","6":"product_cat-chiens","7":"product_cat-digestion-chiens","8":"product_cat-veterinaire","10":"first","11":"instock","12":"taxable","13":"shipping-taxable","14":"purchasable","15":"product-type-simple"},"acf":[],"_links":{"self":[{"href":"https:\/\/www.pharmacieonline.lu\/en\/wp-json\/wp\/v2\/product\/23581","targetHints":{"allow":["GET"]}}],"collection":[{"href":"https:\/\/www.pharmacieonline.lu\/en\/wp-json\/wp\/v2\/product"}],"about":[{"href":"https:\/\/www.pharmacieonline.lu\/en\/wp-json\/wp\/v2\/types\/product"}],"version-history":[{"count":0,"href":"https:\/\/www.pharmacieonline.lu\/en\/wp-json\/wp\/v2\/product\/23581\/revisions"}],"wp:featuredmedia":[{"embeddable":true,"href":"https:\/\/www.pharmacieonline.lu\/en\/wp-json\/wp\/v2\/media\/23584"}],"wp:attachment":[{"href":"https:\/\/www.pharmacieonline.lu\/en\/wp-json\/wp\/v2\/media?parent=23581"}],"wp:term":[{"taxonomy":"product_brand","embeddable":true,"href":"https:\/\/www.pharmacieonline.lu\/en\/wp-json\/wp\/v2\/product_brand?post=23581"},{"taxonomy":"product_cat","embeddable":true,"href":"https:\/\/www.pharmacieonline.lu\/en\/wp-json\/wp\/v2\/product_cat?post=23581"},{"taxonomy":"product_tag","embeddable":true,"href":"https:\/\/www.pharmacieonline.lu\/en\/wp-json\/wp\/v2\/product_tag?post=23581"}],"curies":[{"name":"wp","href":"https:\/\/api.w.org\/{rel}","templated":true}]}}