{"id":24682,"date":"2022-04-12T17:10:44","date_gmt":"2022-04-12T15:10:44","guid":{"rendered":"https:\/\/www.pharmacieonline.lu\/?post_type=product&#038;p=24682"},"modified":"2026-04-05T06:25:22","modified_gmt":"2026-04-05T04:25:22","slug":"nuxe-nux-cf-cr-concentre-multi-fon-100ml","status":"publish","type":"product","link":"https:\/\/www.pharmacieonline.lu\/en\/produit\/nuxe-nux-cf-cr-concentre-multi-fon-100ml\/","title":{"rendered":"NUXE CREME FRAICHE 3en1 100ML"},"content":{"rendered":"<p>Cr\u00e8me fra\u00eeche de beaut\u00e9\u00ae 3-in-1 100ml<\/p>\n<p>3 products in one tube!<\/p>\n<p>-As a cream: half a hazelnut is enough to boost the hydration of your skin and provide a feeling of immediate comfort. Radiant for 81%** of women, the skin is softer and sublimated.<br \/>\n-By removing make-up: use the equivalent of two almonds to activate its cleansing power under the effect of the massage. It dissolves make-up and impurities from the face and eyes without leaving a greasy film. For soft and hydrated skin.<br \/>\n-As a mask: apply a thick layer and leave on for 5 minutes, once or twice a week for plumped and plumped skin.<br \/>\nIts formula respects the skin microbiome, the skin is healthy and full of vitality.<\/p>","protected":false},"excerpt":{"rendered":"<p>Cr\u00e8me fra\u00eeche de beaut\u00e9\u00ae 3-in-1 100ml 3 products in one tube! -As a cream: half a hazelnut is enough to boost the hydration of your skin and provide a feeling of immediate comfort. Radiant for 81%** of women, the skin is softer and sublimated. -By removing make-up: use the equivalent of two almonds to activate [&hellip;]<\/p>\n","protected":false},"featured_media":24683,"template":"","meta":{"_acf_changed":false,"footnotes":""},"product_brand":[],"product_cat":[47,42,761,54,782],"product_tag":[],"class_list":{"0":"post-24682","1":"product","2":"type-product","3":"status-publish","4":"has-post-thumbnail","6":"product_cat-dermocosmetique","7":"product_cat-para-pharmacie","8":"product_cat-demaquillant-eau-micellaire-tonique","9":"product_cat-soins-du-visage","10":"product_cat-vegan","12":"first","13":"instock","14":"taxable","15":"shipping-taxable","16":"purchasable","17":"product-type-simple"},"acf":[],"_links":{"self":[{"href":"https:\/\/www.pharmacieonline.lu\/en\/wp-json\/wp\/v2\/product\/24682","targetHints":{"allow":["GET"]}}],"collection":[{"href":"https:\/\/www.pharmacieonline.lu\/en\/wp-json\/wp\/v2\/product"}],"about":[{"href":"https:\/\/www.pharmacieonline.lu\/en\/wp-json\/wp\/v2\/types\/product"}],"version-history":[{"count":0,"href":"https:\/\/www.pharmacieonline.lu\/en\/wp-json\/wp\/v2\/product\/24682\/revisions"}],"wp:featuredmedia":[{"embeddable":true,"href":"https:\/\/www.pharmacieonline.lu\/en\/wp-json\/wp\/v2\/media\/24683"}],"wp:attachment":[{"href":"https:\/\/www.pharmacieonline.lu\/en\/wp-json\/wp\/v2\/media?parent=24682"}],"wp:term":[{"taxonomy":"product_brand","embeddable":true,"href":"https:\/\/www.pharmacieonline.lu\/en\/wp-json\/wp\/v2\/product_brand?post=24682"},{"taxonomy":"product_cat","embeddable":true,"href":"https:\/\/www.pharmacieonline.lu\/en\/wp-json\/wp\/v2\/product_cat?post=24682"},{"taxonomy":"product_tag","embeddable":true,"href":"https:\/\/www.pharmacieonline.lu\/en\/wp-json\/wp\/v2\/product_tag?post=24682"}],"curies":[{"name":"wp","href":"https:\/\/api.w.org\/{rel}","templated":true}]}}