{"id":24878,"date":"2022-04-22T14:04:22","date_gmt":"2022-04-22T12:04:22","guid":{"rendered":"https:\/\/www.pharmacieonline.lu\/?post_type=product&#038;p=24878"},"modified":"2026-04-09T10:55:28","modified_gmt":"2026-04-09T08:55:28","slug":"nuxe-nux-cf-cr-legere-pnm-50ml","status":"publish","type":"product","link":"https:\/\/www.pharmacieonline.lu\/en\/produit\/nuxe-nux-cf-cr-legere-pnm-50ml\/","title":{"rendered":"NUXE CREME FRAICHE CR LEGERE PNM 50ML"},"content":{"rendered":"<p>Moisturizing Mattifying Fluid | 48h, Cr\u00e8me fra\u00eeche de beaut\u00e9\u00ae 50ml<\/p>\n<p>Mattifies and boosts skin hydration for 48 hours.<\/p>\n<p>Combination skin<\/p>\n<p>96% ingredients of natural origin<\/p>\n<p>Melt for indulgent hydration.<\/p>\n<p>An ultra-light and addictive texture that provides a wave of freshness on the skin.<\/p>\n<p>Enriched with Vegetable Milk and Sweet Almond Oil, this fluid boosts hydration for 48 hours* and instantly mattifies combination skin.<\/p>\n<p>The skin is visibly transformed: skin texture is refined and pores are tightened for 91%** of women.<\/p>\n<p>Sensations of discomfort and tightness are reduced for immediate relief. The skin is fresher, the complexion is luminous and radiant.<\/p>\n<p>Its formula respects the skin microbiome, the skin is healthy and full of vitality.<\/p>\n<p>The 48h Moisturizing Mattifying Fluid: a treatment formulated and manufactured in France.<\/p>","protected":false},"excerpt":{"rendered":"<p>Moisturizing Mattifying Fluid | 48h, Cr\u00e8me fra\u00eeche de beaut\u00e9\u00ae 50ml Mattifies and boosts skin hydration for 48 hours. Combination skin 96% ingredients of natural origin Melt for indulgent hydration. An ultra-light and addictive texture that provides a wave of freshness on the skin. Enriched with Vegetable Milk and Sweet Almond Oil, this fluid boosts hydration [&hellip;]<\/p>\n","protected":false},"featured_media":24879,"template":"","meta":{"_acf_changed":false,"footnotes":""},"product_brand":[],"product_cat":[47,42,54,782],"product_tag":[],"class_list":{"0":"post-24878","1":"product","2":"type-product","3":"status-publish","4":"has-post-thumbnail","6":"product_cat-dermocosmetique","7":"product_cat-para-pharmacie","8":"product_cat-soins-du-visage","9":"product_cat-vegan","11":"first","12":"outofstock","13":"taxable","14":"shipping-taxable","15":"purchasable","16":"product-type-simple"},"acf":[],"_links":{"self":[{"href":"https:\/\/www.pharmacieonline.lu\/en\/wp-json\/wp\/v2\/product\/24878","targetHints":{"allow":["GET"]}}],"collection":[{"href":"https:\/\/www.pharmacieonline.lu\/en\/wp-json\/wp\/v2\/product"}],"about":[{"href":"https:\/\/www.pharmacieonline.lu\/en\/wp-json\/wp\/v2\/types\/product"}],"version-history":[{"count":0,"href":"https:\/\/www.pharmacieonline.lu\/en\/wp-json\/wp\/v2\/product\/24878\/revisions"}],"wp:featuredmedia":[{"embeddable":true,"href":"https:\/\/www.pharmacieonline.lu\/en\/wp-json\/wp\/v2\/media\/24879"}],"wp:attachment":[{"href":"https:\/\/www.pharmacieonline.lu\/en\/wp-json\/wp\/v2\/media?parent=24878"}],"wp:term":[{"taxonomy":"product_brand","embeddable":true,"href":"https:\/\/www.pharmacieonline.lu\/en\/wp-json\/wp\/v2\/product_brand?post=24878"},{"taxonomy":"product_cat","embeddable":true,"href":"https:\/\/www.pharmacieonline.lu\/en\/wp-json\/wp\/v2\/product_cat?post=24878"},{"taxonomy":"product_tag","embeddable":true,"href":"https:\/\/www.pharmacieonline.lu\/en\/wp-json\/wp\/v2\/product_tag?post=24878"}],"curies":[{"name":"wp","href":"https:\/\/api.w.org\/{rel}","templated":true}]}}