{"id":24884,"date":"2022-04-22T14:08:55","date_gmt":"2022-04-22T12:08:55","guid":{"rendered":"https:\/\/www.pharmacieonline.lu\/?post_type=product&#038;p=24884"},"modified":"2026-04-09T12:25:30","modified_gmt":"2026-04-09T10:25:30","slug":"nuxe-nux-cf-cr-fondante-pn-30ml","status":"publish","type":"product","link":"https:\/\/www.pharmacieonline.lu\/en\/produit\/nuxe-nux-cf-cr-fondante-pn-30ml\/","title":{"rendered":"NUXE CREME FRAICHE CR FONDANTE PN 30ML"},"content":{"rendered":"<p>Hydrating Plumping Cream | 48h, Cr\u00e8me fra\u00eeche de beaut\u00e9\u00ae 30ml<\/p>\n<p>Plumps and boosts skin hydration for 48 hours<\/p>\n<p>Normal skins<\/p>\n<p>97% ingredients of natural origin<\/p>\n<p>Melt for indulgent hydration.<\/p>\n<p>A deliciously velvety and addictive texture that infuses the skin with its thirst-quenching properties.<\/p>\n<p>Enriched with Vegetable Milk and Sweet Almond Oil, this cream boosts hydration for 48 hours* and plumps the skin instantly, with visible effectiveness for 95%** of women. The skin is smoother, plumper.<\/p>\n<p>Sensations of discomfort and tightness are reduced for immediate relief. The skin is fresher, the complexion is radiant.<\/p>\n<p>Its formula respects the skin microbiome, the skin is healthy and full of vitality.<\/p>\n<p>The 48h Moisturizing Plumping Cream: a treatment formulated and manufactured in France.<\/p>","protected":false},"excerpt":{"rendered":"<p>Hydrating Plumping Cream | 48h, Cr\u00e8me fra\u00eeche de beaut\u00e9\u00ae 30ml Plumps and boosts skin hydration for 48 hours Normal skins 97% ingredients of natural origin Melt for indulgent hydration. A deliciously velvety and addictive texture that infuses the skin with its thirst-quenching properties. Enriched with Vegetable Milk and Sweet Almond Oil, this cream boosts hydration [&hellip;]<\/p>\n","protected":false},"featured_media":24885,"template":"","meta":{"_acf_changed":false,"footnotes":""},"product_brand":[],"product_cat":[47,42,54,782],"product_tag":[],"class_list":{"0":"post-24884","1":"product","2":"type-product","3":"status-publish","4":"has-post-thumbnail","6":"product_cat-dermocosmetique","7":"product_cat-para-pharmacie","8":"product_cat-soins-du-visage","9":"product_cat-vegan","11":"first","12":"instock","13":"taxable","14":"shipping-taxable","15":"purchasable","16":"product-type-simple"},"acf":[],"_links":{"self":[{"href":"https:\/\/www.pharmacieonline.lu\/en\/wp-json\/wp\/v2\/product\/24884","targetHints":{"allow":["GET"]}}],"collection":[{"href":"https:\/\/www.pharmacieonline.lu\/en\/wp-json\/wp\/v2\/product"}],"about":[{"href":"https:\/\/www.pharmacieonline.lu\/en\/wp-json\/wp\/v2\/types\/product"}],"version-history":[{"count":0,"href":"https:\/\/www.pharmacieonline.lu\/en\/wp-json\/wp\/v2\/product\/24884\/revisions"}],"wp:featuredmedia":[{"embeddable":true,"href":"https:\/\/www.pharmacieonline.lu\/en\/wp-json\/wp\/v2\/media\/24885"}],"wp:attachment":[{"href":"https:\/\/www.pharmacieonline.lu\/en\/wp-json\/wp\/v2\/media?parent=24884"}],"wp:term":[{"taxonomy":"product_brand","embeddable":true,"href":"https:\/\/www.pharmacieonline.lu\/en\/wp-json\/wp\/v2\/product_brand?post=24884"},{"taxonomy":"product_cat","embeddable":true,"href":"https:\/\/www.pharmacieonline.lu\/en\/wp-json\/wp\/v2\/product_cat?post=24884"},{"taxonomy":"product_tag","embeddable":true,"href":"https:\/\/www.pharmacieonline.lu\/en\/wp-json\/wp\/v2\/product_tag?post=24884"}],"curies":[{"name":"wp","href":"https:\/\/api.w.org\/{rel}","templated":true}]}}