{"id":38403,"date":"2023-09-07T09:43:59","date_gmt":"2023-09-07T07:43:59","guid":{"rendered":"https:\/\/www.pharmacieonline.lu\/?post_type=product&#038;p=38403"},"modified":"2026-04-08T17:55:21","modified_gmt":"2026-04-08T15:55:21","slug":"akildia-creme-pieds-secs-75-ml","status":"publish","type":"product","link":"https:\/\/www.pharmacieonline.lu\/en\/produit\/akildia-creme-pieds-secs-75-ml\/","title":{"rendered":"AKILDIA CREME PIEDS SECS 75 ML"},"content":{"rendered":"<p>General description<\/p>\n<p>Hydrates the upper layers of the epidermis. Promotes healing.<\/p>\n<p>Indication<\/p>\n<p>Softens the epidermis. Improves the regeneration of the epidermis. Buffers the skin&#8217;s pH to its physiological value. Formula reinforced with Glistin\u00ae, which protects the skin&#8217;s nerve cells from neurodegeneration.<\/p>","protected":false},"excerpt":{"rendered":"<p class=\"qtranxs-available-languages-message qtranxs-available-languages-message-en\">\n<div class=\"Info Description\">\n<div class=\"description-title\">\n<h3>Description g\u00e9n\u00e9rale\u00a0<i class=\"arrow-up\"><\/i><\/h3>\n<\/div>\n<div class=\"TinyMceText visible-description\">\n<p>Hydrate les couches sup\u00e9rieures de l&#8217;\u00e9piderme.Favorise la cicatrisation.<\/p>\n<\/div>\n<\/div>\n<div class=\"Info Description hocus-focus\">\n<div class=\"description-title hocus-focus\">\n<h3 class=\"hocus-focus\"><span class=\"hocus-focus\">Indication\u00a0<\/span><i class=\"arrow-up\"><\/i><\/h3>\n<\/div>\n<div class=\"TinyMceText visible-description\">\n<p class=\"\">Assouplit l&#8217;\u00e9piderme.Am\u00e9liore la r\u00e9g\u00e9n\u00e9ration de l&#8217;\u00e9piderme. Tamponne le pH de la peau \u00e0 sa valeur physiologique. Formule renforc\u00e9e en Glistin\u00ae, qui prot\u00e8ge les cellules nerveuses de la peau de la neuro-d\u00e9g\u00e9n\u00e9rescence.<\/p>\n<\/div>\n<\/div>\n","protected":false},"featured_media":38404,"template":"","meta":{"_acf_changed":false,"footnotes":""},"product_brand":[],"product_cat":[47,42,765],"product_tag":[],"class_list":{"0":"post-38403","1":"product","2":"type-product","3":"status-publish","4":"has-post-thumbnail","6":"product_cat-dermocosmetique","7":"product_cat-para-pharmacie","8":"product_cat-soins-pieds","10":"first","11":"instock","12":"taxable","13":"shipping-taxable","14":"purchasable","15":"product-type-simple"},"acf":[],"_links":{"self":[{"href":"https:\/\/www.pharmacieonline.lu\/en\/wp-json\/wp\/v2\/product\/38403","targetHints":{"allow":["GET"]}}],"collection":[{"href":"https:\/\/www.pharmacieonline.lu\/en\/wp-json\/wp\/v2\/product"}],"about":[{"href":"https:\/\/www.pharmacieonline.lu\/en\/wp-json\/wp\/v2\/types\/product"}],"version-history":[{"count":0,"href":"https:\/\/www.pharmacieonline.lu\/en\/wp-json\/wp\/v2\/product\/38403\/revisions"}],"wp:featuredmedia":[{"embeddable":true,"href":"https:\/\/www.pharmacieonline.lu\/en\/wp-json\/wp\/v2\/media\/38404"}],"wp:attachment":[{"href":"https:\/\/www.pharmacieonline.lu\/en\/wp-json\/wp\/v2\/media?parent=38403"}],"wp:term":[{"taxonomy":"product_brand","embeddable":true,"href":"https:\/\/www.pharmacieonline.lu\/en\/wp-json\/wp\/v2\/product_brand?post=38403"},{"taxonomy":"product_cat","embeddable":true,"href":"https:\/\/www.pharmacieonline.lu\/en\/wp-json\/wp\/v2\/product_cat?post=38403"},{"taxonomy":"product_tag","embeddable":true,"href":"https:\/\/www.pharmacieonline.lu\/en\/wp-json\/wp\/v2\/product_tag?post=38403"}],"curies":[{"name":"wp","href":"https:\/\/api.w.org\/{rel}","templated":true}]}}