{"id":39045,"date":"2023-09-11T16:52:33","date_gmt":"2023-09-11T14:52:33","guid":{"rendered":"https:\/\/www.pharmacieonline.lu\/?post_type=product&#038;p=39045"},"modified":"2026-04-07T11:55:14","modified_gmt":"2026-04-07T09:55:14","slug":"avene-antirougeurs-calm-masque-50-ml","status":"publish","type":"product","link":"https:\/\/www.pharmacieonline.lu\/en\/produit\/avene-antirougeurs-calm-masque-50-ml\/","title":{"rendered":"AVENE ANTIROUGEURS CALM MASQUE 50 ML"},"content":{"rendered":"<p>Description general<br \/>\nThis mask has an effective protective effect on the surface of the skin for added comfort and comfort. From contact with the skin, the texture evolves to create an intense sensation in the fra\u00eecheur. This anti-rouge mask with texture gel is rich in thermal water from Av\u00e8ne and contains Hesp\u00e9ridine methyl chalcone, an actif that favors the microcirculation cutaneous. The TRP-Regulin\u2122 action reduces the sensations of comfort and increases the intensity of the skin. Les rougeurs sont visiblement r\u00e9duites.<\/p>\n<p>Indication<br \/>\nAntirougeurs CALM Masque is particularly particuli\u00e8rement indiqu\u00e9 pour tous les types de peaux sensitive sujettes aux rougeurs.<\/p>\n<p>Usage<br \/>\nAppliquez en couche \u00e9paisse sur le visage. Laissez agir 10 minutes. Retirez delicatement \u00e0 l&#8217;aide d&#8217;un mouchoir. Terminez en pulverisant a fine brume d&#8217;Eau thermale d&#8217;Av\u00e8ne apaisante.<\/p>\n<p>Composition<br \/>\nAVENE THERMAL SPRING WATER (AVENE AQUA). OCTYLDODECANOL. GLYCERIN. 1,2-HEXANEDIOL. 4-T-BUTYLCYCLOHEXANOL. ACRYLATES\/C10-30 ALKYL ACRYLATE CROSSPOLYMER. BHT. BLUE 1 (CI 42090). CAPRYLYL GLYCOL. DISODIUM EDTA. HESPERIDIN METHYL CHALCONE. METHYLDIHYDROJASMONATES. PONGAMIA GLABRA SEED OIL. SODIUM HYDROXIDE. TOCOPHERYL ACETATE. TROPOLON. WATER (AQUA)<\/p>\n<p>Propriet\u00e9s<br \/>\n\u2022 ANTI-ROUGEURS : the TRP-Regulin\u2122 reduces cutaneous activation.<\/p>","protected":false},"excerpt":{"rendered":"<p>Description general This mask has an effective protective effect on the surface of the skin for added comfort and comfort. From contact with the skin, the texture evolves to create an intense sensation in the fra\u00eecheur. This anti-rouge mask with texture gel is rich in thermal water from Av\u00e8ne and contains Hesp\u00e9ridine methyl chalcone, an [&hellip;]<\/p>\n","protected":false},"featured_media":39050,"template":"","meta":{"_acf_changed":false,"footnotes":""},"product_brand":[],"product_cat":[47,42,54],"product_tag":[],"class_list":{"0":"post-39045","1":"product","2":"type-product","3":"status-publish","4":"has-post-thumbnail","6":"product_cat-dermocosmetique","7":"product_cat-para-pharmacie","8":"product_cat-soins-du-visage","10":"first","11":"outofstock","12":"taxable","13":"shipping-taxable","14":"purchasable","15":"product-type-simple"},"acf":[],"_links":{"self":[{"href":"https:\/\/www.pharmacieonline.lu\/en\/wp-json\/wp\/v2\/product\/39045","targetHints":{"allow":["GET"]}}],"collection":[{"href":"https:\/\/www.pharmacieonline.lu\/en\/wp-json\/wp\/v2\/product"}],"about":[{"href":"https:\/\/www.pharmacieonline.lu\/en\/wp-json\/wp\/v2\/types\/product"}],"version-history":[{"count":0,"href":"https:\/\/www.pharmacieonline.lu\/en\/wp-json\/wp\/v2\/product\/39045\/revisions"}],"wp:featuredmedia":[{"embeddable":true,"href":"https:\/\/www.pharmacieonline.lu\/en\/wp-json\/wp\/v2\/media\/39050"}],"wp:attachment":[{"href":"https:\/\/www.pharmacieonline.lu\/en\/wp-json\/wp\/v2\/media?parent=39045"}],"wp:term":[{"taxonomy":"product_brand","embeddable":true,"href":"https:\/\/www.pharmacieonline.lu\/en\/wp-json\/wp\/v2\/product_brand?post=39045"},{"taxonomy":"product_cat","embeddable":true,"href":"https:\/\/www.pharmacieonline.lu\/en\/wp-json\/wp\/v2\/product_cat?post=39045"},{"taxonomy":"product_tag","embeddable":true,"href":"https:\/\/www.pharmacieonline.lu\/en\/wp-json\/wp\/v2\/product_tag?post=39045"}],"curies":[{"name":"wp","href":"https:\/\/api.w.org\/{rel}","templated":true}]}}