{"id":41553,"date":"2023-11-13T11:10:54","date_gmt":"2023-11-13T10:10:54","guid":{"rendered":"https:\/\/www.pharmacieonline.lu\/?post_type=product&#038;p=41553"},"modified":"2026-04-28T20:25:23","modified_gmt":"2026-04-28T18:25:23","slug":"vicks-vapopad-rech-lavande-romarin-a7","status":"publish","type":"product","link":"https:\/\/www.pharmacieonline.lu\/en\/produit\/vicks-vapopad-rech-lavande-romarin-a7\/","title":{"rendered":"VICKS VAPOPAD RECH LAVANDE\/ROMARIN A7"},"content":{"rendered":"<p class=\"qtranxs-available-languages-message qtranxs-available-languages-message-en\"> <\/p><p><\/p>\n<h2 class=\"h4\">Description<\/h2>\n<div class=\"content mb-3\">\n<div>Vicks Paediatric Vapopads 7 Recharges Parfum\u00e9es Romarin Lavande est un assainissant d&#8217;atmosph\u00e8re. Il lib\u00e8re des vapeurs apaisantes de romarin et de lavande gr\u00e2ce au diffuseur humidificateur Vicks Paediatric CoolMist mais aussi \u00e0 L&#8217;Inhalateur Vapeur Portable de Vicks.<\/div>\n<div><\/div>\n<div>Chaque pad est conditionn\u00e9 dans un sachet individuel. Un pad permet 8 heures de diffusion.<\/div>\n<\/div>\n<h2 class=\"h4\">Indication<\/h2>\n<div class=\"content mb-3\">\n<div>Sortir une recharge de son emballage sans la toucher et la faire glisser dans la fente du diffuseur. Brancher l&#8217;appareil. Remplacer la recharge au bout de 8 heures.<\/div>\n<div>\nD\u00e9sinfection de l&#8217;atmosph\u00e8re. Ne pas utiliser chez les nourrissons de moins de 4.5 kilos.<\/div>\n<\/div>\n<h2 class=\"h4\">Ingr\u00e9dients<\/h2>\n<div class=\"content mb-3\">Huiles Essentielles d&#8217;Eucalyptus, de Romarin et de Lavande.<\/div>\n<h2 class=\"h4\">Avertissement<\/h2>\n<div class=\"content mb-3\">Ne pas utiliser chez les nourrissons de moins de 4.5 kilos.<\/div>\n<p><\/p>","protected":false},"excerpt":{"rendered":"<p>Description Vicks Paediatric Vapopads 7 Recharges Parfum\u00e9es Romarin Lavande est un assainissant d&#8217;atmosph\u00e8re. Il lib\u00e8re des vapeurs apaisantes de romarin et de lavande gr\u00e2ce au diffuseur humidificateur Vicks Paediatric CoolMist mais aussi \u00e0 L&#8217;Inhalateur Vapeur Portable de Vicks. Chaque pad est conditionn\u00e9 dans un sachet individuel. Un pad permet 8 heures de diffusion. Indication Sortir [&hellip;]<\/p>\n","protected":false},"featured_media":41652,"template":"","meta":{"_acf_changed":false,"footnotes":""},"product_brand":[],"product_cat":[43,85],"product_tag":[],"class_list":{"0":"post-41553","1":"product","2":"type-product","3":"status-publish","4":"has-post-thumbnail","6":"product_cat-medicaments-en-vente-libre","7":"product_cat-rhume","9":"first","10":"outofstock","11":"taxable","12":"shipping-taxable","13":"purchasable","14":"product-type-simple"},"acf":[],"_links":{"self":[{"href":"https:\/\/www.pharmacieonline.lu\/en\/wp-json\/wp\/v2\/product\/41553","targetHints":{"allow":["GET"]}}],"collection":[{"href":"https:\/\/www.pharmacieonline.lu\/en\/wp-json\/wp\/v2\/product"}],"about":[{"href":"https:\/\/www.pharmacieonline.lu\/en\/wp-json\/wp\/v2\/types\/product"}],"version-history":[{"count":0,"href":"https:\/\/www.pharmacieonline.lu\/en\/wp-json\/wp\/v2\/product\/41553\/revisions"}],"wp:featuredmedia":[{"embeddable":true,"href":"https:\/\/www.pharmacieonline.lu\/en\/wp-json\/wp\/v2\/media\/41652"}],"wp:attachment":[{"href":"https:\/\/www.pharmacieonline.lu\/en\/wp-json\/wp\/v2\/media?parent=41553"}],"wp:term":[{"taxonomy":"product_brand","embeddable":true,"href":"https:\/\/www.pharmacieonline.lu\/en\/wp-json\/wp\/v2\/product_brand?post=41553"},{"taxonomy":"product_cat","embeddable":true,"href":"https:\/\/www.pharmacieonline.lu\/en\/wp-json\/wp\/v2\/product_cat?post=41553"},{"taxonomy":"product_tag","embeddable":true,"href":"https:\/\/www.pharmacieonline.lu\/en\/wp-json\/wp\/v2\/product_tag?post=41553"}],"curies":[{"name":"wp","href":"https:\/\/api.w.org\/{rel}","templated":true}]}}