{"id":42284,"date":"2024-01-09T11:23:27","date_gmt":"2024-01-09T10:23:27","guid":{"rendered":"https:\/\/www.pharmacieonline.lu\/?post_type=product&#038;p=42284"},"modified":"2026-04-14T09:55:13","modified_gmt":"2026-04-14T07:55:13","slug":"bio-carnitine-100-caps","status":"publish","type":"product","link":"https:\/\/www.pharmacieonline.lu\/en\/produit\/bio-carnitine-100-caps\/","title":{"rendered":"BIO CARNITINE 100 CAPS"},"content":{"rendered":"<p>La carnitine se trouve principalement dans des aliments tels que les produits laitiers et la viande rouge, l&#8217;agneau, le cerf et le b\u0153uf \u00e9tant les sources les plus riches. La substance ne se trouve qu&#8217;en quantit\u00e9s limit\u00e9es dans les prot\u00e9ines v\u00e9g\u00e9tales, de sorte que les v\u00e9g\u00e9tariens (et les v\u00e9g\u00e9taliens) ont souvent une concentration beaucoup plus faible de cet acide amin\u00e9 dans leur organisme.<\/p>\n<p><strong>UTILISATION<\/strong><\/p>\n<p>1 g\u00e9lule par jour, sauf avis contraire. A prendre de pr\u00e9f\u00e9rence au cours d&#8217;un repas.<\/p>\n<p><strong>COMPOSITION<\/strong><\/p>\n<p>1 g\u00e9lule contient : L-carnitine 250 mg.<\/p>\n<p>Tartrate de L-carnitine ; agent de charge : cellulose microcristalline ; agent d&#8217;enrobage : hydroxypropylm\u00e9thylcellulose ; anti-agglom\u00e9rant : sels de magn\u00e9sium d&#8217;acides gras ; agent raffermissant : dioxyde de silicium.<\/p>","protected":false},"excerpt":{"rendered":"<p>La carnitine se trouve principalement dans des aliments tels que les produits laitiers et la viande rouge, l&#8217;agneau, le cerf et le b\u0153uf \u00e9tant les sources les plus riches. La substance ne se trouve qu&#8217;en quantit\u00e9s limit\u00e9es dans les prot\u00e9ines v\u00e9g\u00e9tales, de sorte que les v\u00e9g\u00e9tariens (et les v\u00e9g\u00e9taliens) ont souvent une concentration beaucoup plus [&hellip;]<\/p>\n","protected":false},"featured_media":42286,"template":"","meta":{"_acf_changed":false,"footnotes":""},"product_brand":[],"product_cat":[953],"product_tag":[],"class_list":{"0":"post-42284","1":"product","2":"type-product","3":"status-publish","4":"has-post-thumbnail","6":"product_cat-complements-alimentaires","8":"first","9":"outofstock","10":"taxable","11":"shipping-taxable","12":"purchasable","13":"product-type-simple"},"acf":[],"_links":{"self":[{"href":"https:\/\/www.pharmacieonline.lu\/en\/wp-json\/wp\/v2\/product\/42284","targetHints":{"allow":["GET"]}}],"collection":[{"href":"https:\/\/www.pharmacieonline.lu\/en\/wp-json\/wp\/v2\/product"}],"about":[{"href":"https:\/\/www.pharmacieonline.lu\/en\/wp-json\/wp\/v2\/types\/product"}],"version-history":[{"count":0,"href":"https:\/\/www.pharmacieonline.lu\/en\/wp-json\/wp\/v2\/product\/42284\/revisions"}],"wp:featuredmedia":[{"embeddable":true,"href":"https:\/\/www.pharmacieonline.lu\/en\/wp-json\/wp\/v2\/media\/42286"}],"wp:attachment":[{"href":"https:\/\/www.pharmacieonline.lu\/en\/wp-json\/wp\/v2\/media?parent=42284"}],"wp:term":[{"taxonomy":"product_brand","embeddable":true,"href":"https:\/\/www.pharmacieonline.lu\/en\/wp-json\/wp\/v2\/product_brand?post=42284"},{"taxonomy":"product_cat","embeddable":true,"href":"https:\/\/www.pharmacieonline.lu\/en\/wp-json\/wp\/v2\/product_cat?post=42284"},{"taxonomy":"product_tag","embeddable":true,"href":"https:\/\/www.pharmacieonline.lu\/en\/wp-json\/wp\/v2\/product_tag?post=42284"}],"curies":[{"name":"wp","href":"https:\/\/api.w.org\/{rel}","templated":true}]}}