{"id":46015,"date":"2024-07-17T15:53:59","date_gmt":"2024-07-17T13:53:59","guid":{"rendered":"https:\/\/www.pharmacieonline.lu\/?post_type=product&#038;p=46015"},"modified":"2026-04-02T19:55:12","modified_gmt":"2026-04-02T17:55:12","slug":"filorga-lift-mask1-masque-tissu-unitaire","status":"publish","type":"product","link":"https:\/\/www.pharmacieonline.lu\/en\/produit\/filorga-lift-mask1-masque-tissu-unitaire\/","title":{"rendered":"FILORGA LIFT MASK1 MASQUE TISSU UNITAIRE"},"content":{"rendered":"<p>NOTIZ:<\/p>\n<p>Anti-Aging-Gesichtsmaske mit Hyalurons\u00e4ure f\u00fcr einen gelifteten Hauteffekt.<\/p>\n<p>VERWENDEN :<\/p>\n<p>Auf das zuvor gereinigte Gesicht auftragen. Falten Sie die Maske auseinander, entfernen Sie dann vorsichtig die Schutzfolie, um eine gelierte Seite freizulegen, und legen Sie sie auf das Gesicht. Nach dem Auftragen der Maske die zweite Schutzschicht entfernen und 15 Minuten einwirken lassen.<\/p>\n<p>Tragen Sie den \u00dcberschuss auf, indem Sie ihn mit Aufw\u00e4rtsbewegungen auf Dekollet\u00e9, Hals und Gesicht einmassieren. Ohne Sp\u00fclen. 3x pro Woche anwenden.<\/p>\n<p>KOMPOSITION :<\/p>\n<p>AQUA (WASSER, EAU), GLYCERIN, PENTYLEN GLYKOL, POLYSORBAT 20, ZITRONENS\u00c4URE, CURCUMA LONGA (KURKUMA) WURZELEXTRAKT, PROPANEDIOL, L\u00d6SLICHES KOLLAGEN, NATRIUMBENZOAT, PHYTIN\u00c4URE, SOPHORA JAPONICA BLUMENEXTRAKT.<\/p>","protected":false},"excerpt":{"rendered":"<p>NOTIZ: Anti-Aging-Gesichtsmaske mit Hyalurons\u00e4ure f\u00fcr einen gelifteten Hauteffekt. VERWENDEN : Auf das zuvor gereinigte Gesicht auftragen. Falten Sie die Maske auseinander, entfernen Sie dann vorsichtig die Schutzfolie, um eine gelierte Seite freizulegen, und legen Sie sie auf das Gesicht. Nach dem Auftragen der Maske die zweite Schutzschicht entfernen und 15 Minuten einwirken lassen. Tragen Sie [&hellip;]<\/p>\n","protected":false},"featured_media":46016,"template":"","meta":{"_acf_changed":false,"footnotes":""},"product_brand":[],"product_cat":[47,42,54],"product_tag":[],"class_list":{"0":"post-46015","1":"product","2":"type-product","3":"status-publish","4":"has-post-thumbnail","6":"product_cat-dermocosmetique","7":"product_cat-para-pharmacie","8":"product_cat-soins-du-visage","10":"first","11":"instock","12":"taxable","13":"shipping-taxable","14":"purchasable","15":"product-type-simple"},"acf":[],"_links":{"self":[{"href":"https:\/\/www.pharmacieonline.lu\/en\/wp-json\/wp\/v2\/product\/46015","targetHints":{"allow":["GET"]}}],"collection":[{"href":"https:\/\/www.pharmacieonline.lu\/en\/wp-json\/wp\/v2\/product"}],"about":[{"href":"https:\/\/www.pharmacieonline.lu\/en\/wp-json\/wp\/v2\/types\/product"}],"version-history":[{"count":0,"href":"https:\/\/www.pharmacieonline.lu\/en\/wp-json\/wp\/v2\/product\/46015\/revisions"}],"wp:featuredmedia":[{"embeddable":true,"href":"https:\/\/www.pharmacieonline.lu\/en\/wp-json\/wp\/v2\/media\/46016"}],"wp:attachment":[{"href":"https:\/\/www.pharmacieonline.lu\/en\/wp-json\/wp\/v2\/media?parent=46015"}],"wp:term":[{"taxonomy":"product_brand","embeddable":true,"href":"https:\/\/www.pharmacieonline.lu\/en\/wp-json\/wp\/v2\/product_brand?post=46015"},{"taxonomy":"product_cat","embeddable":true,"href":"https:\/\/www.pharmacieonline.lu\/en\/wp-json\/wp\/v2\/product_cat?post=46015"},{"taxonomy":"product_tag","embeddable":true,"href":"https:\/\/www.pharmacieonline.lu\/en\/wp-json\/wp\/v2\/product_tag?post=46015"}],"curies":[{"name":"wp","href":"https:\/\/api.w.org\/{rel}","templated":true}]}}