{"id":47934,"date":"2024-11-27T10:40:25","date_gmt":"2024-11-27T09:40:25","guid":{"rendered":"https:\/\/www.pharmacieonline.lu\/?post_type=product&#038;p=47934"},"modified":"2026-04-10T21:55:07","modified_gmt":"2026-04-10T19:55:07","slug":"physiomance-t-nat-max-60-cpr","status":"publish","type":"product","link":"https:\/\/www.pharmacieonline.lu\/en\/produit\/physiomance-t-nat-max-60-cpr\/","title":{"rendered":"PHYSIOMANCE T-NAT MAX 60 CPR"},"content":{"rendered":"<p class=\"qtranxs-available-languages-message qtranxs-available-languages-message-en\"> <\/p><p><strong>INDICATION\u00a0<\/strong><\/p>\n<p>Booster la testost\u00e9rone et am\u00e9liorer les performances physiques et sexuelles.<\/p>\n<p><strong>UTILISATION\u00a0<\/strong><\/p>\n<p>2 comprim\u00e9s par jour.<\/p>\n<p><strong>COMPOSITION\u00a0<\/strong><\/p>\n<p>Agents de charge : cellulose microcristalline, phosphate dicalcique et phosphate tricalcique, \u00a0extrait de racine de ginseng (<em>Panax ginseng C.A. Meyer<\/em>), extrait de fruit de\u00a0<em>Tribulus terrestris<\/em>, extrait de graine de cacao\u00a0<em>Theobroma cacao<\/em>\u00a0et de peau de fruit de grenadier\u00a0<em>Punica granatum<\/em>, anti-agglom\u00e9rant : acides gras, \u00a0bisglycinate de zinc, poudre de carotte, agents d&#8217;enrobage : hydroxypropylm\u00e9thylcellulose, acide st\u00e9arique et cellulose microcristalline, vitamine B5 (calcium D panthothenate), vitamine D3 naturelle (chol\u00e9calcif\u00e9rol), vitamine B6 (pyridoxal 5\u2032-phosphate), vitamine B12 (m\u00e9thylcobalamine) vitamine B9 (L-m\u00e9thylfolate de calcium).<\/p>","protected":false},"excerpt":{"rendered":"<p>INDICATION\u00a0 Booster la testost\u00e9rone et am\u00e9liorer les performances physiques et sexuelles. UTILISATION\u00a0 2 comprim\u00e9s par jour. COMPOSITION\u00a0 Agents de charge : cellulose microcristalline, phosphate dicalcique et phosphate tricalcique, \u00a0extrait de racine de ginseng (Panax ginseng C.A. Meyer), extrait de fruit de\u00a0Tribulus terrestris, extrait de graine de cacao\u00a0Theobroma cacao\u00a0et de peau de fruit de grenadier\u00a0Punica granatum, [&hellip;]<\/p>\n","protected":false},"featured_media":47935,"template":"","meta":{"_acf_changed":false,"footnotes":""},"product_brand":[],"product_cat":[42,951,953,948],"product_tag":[],"class_list":{"0":"post-47934","1":"product","2":"type-product","3":"status-publish","4":"has-post-thumbnail","6":"product_cat-para-pharmacie","7":"product_cat-physiomance","8":"product_cat-complements-alimentaires","9":"product_cat-therascience-physionutrition","11":"first","12":"outofstock","13":"taxable","14":"shipping-taxable","15":"purchasable","16":"product-type-simple"},"acf":[],"_links":{"self":[{"href":"https:\/\/www.pharmacieonline.lu\/en\/wp-json\/wp\/v2\/product\/47934","targetHints":{"allow":["GET"]}}],"collection":[{"href":"https:\/\/www.pharmacieonline.lu\/en\/wp-json\/wp\/v2\/product"}],"about":[{"href":"https:\/\/www.pharmacieonline.lu\/en\/wp-json\/wp\/v2\/types\/product"}],"version-history":[{"count":0,"href":"https:\/\/www.pharmacieonline.lu\/en\/wp-json\/wp\/v2\/product\/47934\/revisions"}],"wp:featuredmedia":[{"embeddable":true,"href":"https:\/\/www.pharmacieonline.lu\/en\/wp-json\/wp\/v2\/media\/47935"}],"wp:attachment":[{"href":"https:\/\/www.pharmacieonline.lu\/en\/wp-json\/wp\/v2\/media?parent=47934"}],"wp:term":[{"taxonomy":"product_brand","embeddable":true,"href":"https:\/\/www.pharmacieonline.lu\/en\/wp-json\/wp\/v2\/product_brand?post=47934"},{"taxonomy":"product_cat","embeddable":true,"href":"https:\/\/www.pharmacieonline.lu\/en\/wp-json\/wp\/v2\/product_cat?post=47934"},{"taxonomy":"product_tag","embeddable":true,"href":"https:\/\/www.pharmacieonline.lu\/en\/wp-json\/wp\/v2\/product_tag?post=47934"}],"curies":[{"name":"wp","href":"https:\/\/api.w.org\/{rel}","templated":true}]}}