{"id":4809,"date":"2020-12-08T10:00:08","date_gmt":"2020-12-08T09:00:08","guid":{"rendered":"https:\/\/www.pharmacieonline.lu\/?post_type=product&#038;p=4809"},"modified":"2026-04-07T11:55:33","modified_gmt":"2026-04-07T09:55:33","slug":"pranarom-synergies-force-vitalite-30ml","status":"publish","type":"product","link":"https:\/\/www.pharmacieonline.lu\/en\/produit\/pranarom-synergies-force-vitalite-30ml\/","title":{"rendered":"PRANAROM SYNERGIES FORCE VITALITE 30ML"},"content":{"rendered":"<p>Strength and vitality THE DIFFUSABLES<\/p>\n<p>ORGANIC (ECO)<\/p>\n<p>Invigorating and stimulating freshness &#8211; Pine and Ravintsara<\/p>\n<p>An invigorating and invigorating accord interspersed with fruity and airy notes.<\/p>\n<p>All the invigorating energy of Pine, Ravintsara and Mint concentrated in an energizing and stimulating composition. This mixture concentrates the virtues of essential oils to regain tone and vitality in the event of temporary fatigue or difficult period in winter.<\/p>\n<p>Use<\/p>\n<p>Tips: \u2022 Use only diffusers that do not heat up.<\/p>\n<p>\u2022 Pour 3 to 5 drops for a room of 9 to 15m\u00b2 (see instructions for use of the diffuser used).<\/p>\n<p>Composition<\/p>\n<p>Composition: 100% organic essential oils *: Maritime pine, globular eucalyptus, mentholated eucalyptus, spearmint, sweet orange, Ravintsara, Mandravasarotra.<\/p>","protected":false},"excerpt":{"rendered":"<p class=\"qtranxs-available-languages-message qtranxs-available-languages-message-en\">\n<div id=\"product-description-short-5626\" class=\"product-description-small h5\">\n<div>Pin et Ravintsara &#8211; Fraicheur tonifiante et stimulante<\/div>\n<\/div>\n<div id=\"product-description-5626\" class=\"product-description\">\n<div>\n<p>Un accord vivifiant et tonique entrem\u00eal\u00e9 de notes fruit\u00e9es et a\u00e9r\u00e9es.<\/p>\n<p>Toute l\u2019\u00e9nergie revigorante du Pin, du Ravintsara et de la Menthe concentr\u00e9e en une composition dynamisante et stimulante. Ce m\u00e9lange concentre les vertus des huiles essentielles pour retrouver tonus et vitalit\u00e9 en cas de fatigue passag\u00e8re ou de p\u00e9riode difficile en hiver.<\/p>\n<\/div>\n<\/div>\n<div>\n<h5>Posologie<\/h5>\n<div class=\"product-dosage\">\u2022 Utiliser uniquement des diffuseurs qui ne chauffent pas.<br \/>\n\u2022 Verser 3 \u00e0 5 gouttes pour une pi\u00e8ce de 9 \u00e0 15m\u00b2 (voir mode d\u2019emploi du diffuseur utilis\u00e9).<\/div>\n<\/div>\n","protected":false},"featured_media":4810,"template":"","meta":{"_acf_changed":false,"footnotes":""},"product_brand":[],"product_cat":[42,79],"product_tag":[],"class_list":{"0":"post-4809","1":"product","2":"type-product","3":"status-publish","4":"has-post-thumbnail","6":"product_cat-para-pharmacie","7":"product_cat-aromatherapie","9":"first","10":"outofstock","11":"taxable","12":"shipping-taxable","13":"purchasable","14":"product-type-simple"},"acf":[],"_links":{"self":[{"href":"https:\/\/www.pharmacieonline.lu\/en\/wp-json\/wp\/v2\/product\/4809","targetHints":{"allow":["GET"]}}],"collection":[{"href":"https:\/\/www.pharmacieonline.lu\/en\/wp-json\/wp\/v2\/product"}],"about":[{"href":"https:\/\/www.pharmacieonline.lu\/en\/wp-json\/wp\/v2\/types\/product"}],"version-history":[{"count":0,"href":"https:\/\/www.pharmacieonline.lu\/en\/wp-json\/wp\/v2\/product\/4809\/revisions"}],"wp:featuredmedia":[{"embeddable":true,"href":"https:\/\/www.pharmacieonline.lu\/en\/wp-json\/wp\/v2\/media\/4810"}],"wp:attachment":[{"href":"https:\/\/www.pharmacieonline.lu\/en\/wp-json\/wp\/v2\/media?parent=4809"}],"wp:term":[{"taxonomy":"product_brand","embeddable":true,"href":"https:\/\/www.pharmacieonline.lu\/en\/wp-json\/wp\/v2\/product_brand?post=4809"},{"taxonomy":"product_cat","embeddable":true,"href":"https:\/\/www.pharmacieonline.lu\/en\/wp-json\/wp\/v2\/product_cat?post=4809"},{"taxonomy":"product_tag","embeddable":true,"href":"https:\/\/www.pharmacieonline.lu\/en\/wp-json\/wp\/v2\/product_tag?post=4809"}],"curies":[{"name":"wp","href":"https:\/\/api.w.org\/{rel}","templated":true}]}}