{"id":4811,"date":"2020-12-08T10:03:19","date_gmt":"2020-12-08T09:03:19","guid":{"rendered":"https:\/\/www.pharmacieonline.lu\/?post_type=product&#038;p=4811"},"modified":"2026-04-07T11:55:33","modified_gmt":"2026-04-07T09:55:33","slug":"pranarom-synergies-zeste-tonique-30ml","status":"publish","type":"product","link":"https:\/\/www.pharmacieonline.lu\/en\/produit\/pranarom-synergies-zeste-tonique-30ml\/","title":{"rendered":"PRANAROM SYNERGIES ZESTE TONIQUE 30ML"},"content":{"rendered":"<p>LES DIFFUSABLES tonic zest &#8211; ORGANIC (ECO)<\/p>\n<p>Sparkling tangy fragrance &#8211; Lemon and Bergamot<\/p>\n<p>Sparkling and tangy notes that evoke the freshness and bright yellow of lemon.<\/p>\n<p>Invigorating fragrance of essences of zest, orange leaves and lemon: a real sparkling olfactory explosion that will boost your optimism and your enthusiasm! Let yourself be transported by these notes of freshly cut citrus fruits that smell of the sun.<\/p>\n<p>Use<\/p>\n<p>Tips: \u2022 Use only diffusers that do not heat up.<\/p>\n<p>\u2022 Pour 3 to 5 drops for a room of 9 to 15m\u00b2 (see instructions for use of the diffuser used).<\/p>\n<p>Precautions:<\/p>\n<p>&#8211; Place the diffuser away from any heating device and out of reach of children in a well ventilated room. &#8211; Position the diffuser to avoid direct contact with the face or eyes. &#8211; Do not distribute in the room of children under 2 years old &#8211; Distribute in the absence of sensitive people (pregnant woman, baby, person with asthma or who has suffered from convulsions) or sensitive animals.<\/p>\n<p>Composition<\/p>\n<p>Composition: 100% organic essential oils *: Lemon tree, Bergamot, Lime &#8211; lime, Petitgrain bigarade, Sweet orange, Spearmint, Star anise.<\/p>","protected":false},"excerpt":{"rendered":"<p class=\"qtranxs-available-languages-message qtranxs-available-languages-message-en\">\n<div id=\"product-description-short-5624\" class=\"product-description-small h5\">\n<div>Citron et Bergamote &#8211; Fragrance p\u00e9tillante acidul\u00e9<\/div>\n<\/div>\n<div id=\"product-description-5624\" class=\"product-description\">\n<div>\n<p>Des notes p\u00e9tillantes et acidul\u00e9es qui \u00e9voquent la fraicheur et le jaune \u00e9clatant du citron.<\/p>\n<p>Fragrance tonique des essences de zestes, de feuilles d\u2019Orange et de Citron : une v\u00e9ritable explosion olfactive p\u00e9tillante qui boostera votre optimisme et votre enthousiasme?! Laissez-vous transporter par ces notes d\u2019agrumes fraichement coup\u00e9s qui sentent bon le soleil.<\/p>\n<\/div>\n<\/div>\n<div>\n<h5>Posologie<\/h5>\n<div class=\"product-dosage\">\u2022 Utiliser uniquement des diffuseurs qui ne chauffent pas.<br \/>\n\u2022 Verser 3 \u00e0 5 gouttes pour une pi\u00e8ce de 9 \u00e0 15m\u00b2 (voir mode d\u2019emploi du diffuseur utilis\u00e9).<\/div>\n<\/div>\n","protected":false},"featured_media":4812,"template":"","meta":{"_acf_changed":false,"footnotes":""},"product_brand":[],"product_cat":[42,79],"product_tag":[],"class_list":{"0":"post-4811","1":"product","2":"type-product","3":"status-publish","4":"has-post-thumbnail","6":"product_cat-para-pharmacie","7":"product_cat-aromatherapie","9":"first","10":"instock","11":"taxable","12":"shipping-taxable","13":"purchasable","14":"product-type-simple"},"acf":[],"_links":{"self":[{"href":"https:\/\/www.pharmacieonline.lu\/en\/wp-json\/wp\/v2\/product\/4811","targetHints":{"allow":["GET"]}}],"collection":[{"href":"https:\/\/www.pharmacieonline.lu\/en\/wp-json\/wp\/v2\/product"}],"about":[{"href":"https:\/\/www.pharmacieonline.lu\/en\/wp-json\/wp\/v2\/types\/product"}],"version-history":[{"count":0,"href":"https:\/\/www.pharmacieonline.lu\/en\/wp-json\/wp\/v2\/product\/4811\/revisions"}],"wp:featuredmedia":[{"embeddable":true,"href":"https:\/\/www.pharmacieonline.lu\/en\/wp-json\/wp\/v2\/media\/4812"}],"wp:attachment":[{"href":"https:\/\/www.pharmacieonline.lu\/en\/wp-json\/wp\/v2\/media?parent=4811"}],"wp:term":[{"taxonomy":"product_brand","embeddable":true,"href":"https:\/\/www.pharmacieonline.lu\/en\/wp-json\/wp\/v2\/product_brand?post=4811"},{"taxonomy":"product_cat","embeddable":true,"href":"https:\/\/www.pharmacieonline.lu\/en\/wp-json\/wp\/v2\/product_cat?post=4811"},{"taxonomy":"product_tag","embeddable":true,"href":"https:\/\/www.pharmacieonline.lu\/en\/wp-json\/wp\/v2\/product_tag?post=4811"}],"curies":[{"name":"wp","href":"https:\/\/api.w.org\/{rel}","templated":true}]}}