{"id":4819,"date":"2020-12-08T10:10:17","date_gmt":"2020-12-08T09:10:17","guid":{"rendered":"https:\/\/www.pharmacieonline.lu\/?post_type=product&#038;p=4819"},"modified":"2026-04-07T17:55:38","modified_gmt":"2026-04-07T15:55:38","slug":"5420008525384","status":"publish","type":"product","link":"https:\/\/www.pharmacieonline.lu\/en\/produit\/5420008525384\/","title":{"rendered":"PRANAROM SYNERGIES ZEN BIO 30ML"},"content":{"rendered":"<p>Zen<\/p>\n<p>THE DIFFUSABLES<\/p>\n<p>ORGANIC (ECO)<\/p>\n<p>Harmony and relaxation &#8211; Orange and Cedar<\/p>\n<p>The citrus bouquet gives way to the soothing and mystical notes of cedar.<\/p>\n<p>Subtle composition with mixed notes of Orange and Cedar which will give you a soft, relaxing and beneficial feeling. Zen is to be diffused to promote relaxation and reconnect with calm thanks to a serene and soothing atmosphere.<\/p>\n<p>Use<\/p>\n<p>Tips: \u2022 Use only diffusers that do not heat up.<\/p>\n<p>\u2022 Pour 3 to 5 drops for a room of 9 to 15m\u00b2 (see instructions for use of the diffuser used).<\/p>\n<p>Precautions:<\/p>\n<p>&#8211; Place the diffuser away from any heating device and out of reach of children in a well ventilated room. &#8211; Position the diffuser to avoid direct contact with the face or eyes. &#8211; Do not distribute in the room of children under 2 years old &#8211; Distribute in the absence of sensitive people (pregnant woman, baby, person with asthma or who has suffered from convulsions) or sensitive animals.<\/p>\n<p>Composition<\/p>\n<p>Composition: 100% organic essential oils *: Sweet orange, Lemon beds, Atlas cedar, Mandarin tree.<\/p>","protected":false},"excerpt":{"rendered":"<p class=\"qtranxs-available-languages-message qtranxs-available-languages-message-en\">\n<div id=\"product-description-short-5629\" class=\"product-description-small h5\">\n<div>Orange et C\u00e8dre &#8211; Harmonie et relaxation<\/div>\n<\/div>\n<div id=\"product-description-5629\" class=\"product-description\">\n<div>\n<p>Le bouquet d\u2019agrumes laisse la place aux notes apaisantes et mystiques du c\u00e8dre.<\/p>\n<p>Composition subtile aux notes d\u2019Orange et de C\u00e8dre m\u00eal\u00e9es qui vous procureront une douce sensation relaxante et bienfaisante.<br \/>\nZen est \u00e0 diffuser pour favoriser la d\u00e9tente et renouer avec le calme gr\u00e2ce \u00e0 une ambiance sereine et apaisante.<\/p>\n<\/div>\n<\/div>\n<div><\/div>\n<div>\n<h5>Posologie<\/h5>\n<div class=\"product-dosage\">\u2022 Utiliser uniquement des diffuseurs qui ne chauffent pas.<br \/>\n\u2022 Verser 3 \u00e0 5 gouttes pour une pi\u00e8ce de 9 \u00e0 15m\u00b2 (voir mode d\u2019emploi du diffuseur utilis\u00e9).<\/div>\n<\/div>\n","protected":false},"featured_media":4820,"template":"","meta":{"_acf_changed":false,"footnotes":""},"product_brand":[],"product_cat":[42,79],"product_tag":[],"class_list":{"0":"post-4819","1":"product","2":"type-product","3":"status-publish","4":"has-post-thumbnail","6":"product_cat-para-pharmacie","7":"product_cat-aromatherapie","9":"first","10":"instock","11":"taxable","12":"shipping-taxable","13":"purchasable","14":"product-type-simple"},"acf":[],"_links":{"self":[{"href":"https:\/\/www.pharmacieonline.lu\/en\/wp-json\/wp\/v2\/product\/4819","targetHints":{"allow":["GET"]}}],"collection":[{"href":"https:\/\/www.pharmacieonline.lu\/en\/wp-json\/wp\/v2\/product"}],"about":[{"href":"https:\/\/www.pharmacieonline.lu\/en\/wp-json\/wp\/v2\/types\/product"}],"version-history":[{"count":0,"href":"https:\/\/www.pharmacieonline.lu\/en\/wp-json\/wp\/v2\/product\/4819\/revisions"}],"wp:featuredmedia":[{"embeddable":true,"href":"https:\/\/www.pharmacieonline.lu\/en\/wp-json\/wp\/v2\/media\/4820"}],"wp:attachment":[{"href":"https:\/\/www.pharmacieonline.lu\/en\/wp-json\/wp\/v2\/media?parent=4819"}],"wp:term":[{"taxonomy":"product_brand","embeddable":true,"href":"https:\/\/www.pharmacieonline.lu\/en\/wp-json\/wp\/v2\/product_brand?post=4819"},{"taxonomy":"product_cat","embeddable":true,"href":"https:\/\/www.pharmacieonline.lu\/en\/wp-json\/wp\/v2\/product_cat?post=4819"},{"taxonomy":"product_tag","embeddable":true,"href":"https:\/\/www.pharmacieonline.lu\/en\/wp-json\/wp\/v2\/product_tag?post=4819"}],"curies":[{"name":"wp","href":"https:\/\/api.w.org\/{rel}","templated":true}]}}