{"id":4821,"date":"2020-12-08T10:11:06","date_gmt":"2020-12-08T09:11:06","guid":{"rendered":"https:\/\/www.pharmacieonline.lu\/?post_type=product&#038;p=4821"},"modified":"2026-04-07T11:55:32","modified_gmt":"2026-04-07T09:55:32","slug":"pranarom-synergies-eucalypur-bio-30ml","status":"publish","type":"product","link":"https:\/\/www.pharmacieonline.lu\/en\/produit\/pranarom-synergies-eucalypur-bio-30ml\/","title":{"rendered":"PRANAROM SYNERGIES EUCALYPUR BIO 30ML"},"content":{"rendered":"<p>Eucaly&#8217;Pur LES DIFFUSABLES<\/p>\n<p>ORGANIC (ECO)<\/p>\n<p>Purifying and airy notes &#8211; Eucalyptus and Mint<\/p>\n<p>The nobility of this fragrance with fresh and woody notes reminds us of all the majesty of the tree.<\/p>\n<p>Airy and green freshness, characteristic of Eucalyptus, Mint and Pine. This fragrance combines the sweetness and energy of the forests to provide you with daily protection. Free your breath thanks to the purifying and balsamic scents.<\/p>\n<p>Use<\/p>\n<p>Tips: \u2022 Use only diffusers that do not heat up.<\/p>\n<p>\u2022 Pour 3 to 5 drops for a room of 9 to 15m\u00b2 (see instructions for use of the diffuser used).<\/p>\n<p>Composition<\/p>\n<p>Composition: 100% organic essential oils *: Atlas cedar, mentholated Eucalyptus, Eucalyptus smithii, Globular Eucalyptus, Scots pine, Field mint, Peppermint, Marjoram with shells, Vetiver<\/p>","protected":false},"excerpt":{"rendered":"<p class=\"qtranxs-available-languages-message qtranxs-available-languages-message-en\">\n<div id=\"product-description-short-5625\" class=\"product-description-small h5\">\n<div>Eucalyptus et Menthe &#8211; Notes purifiantes et a\u00e9riennes<\/div>\n<\/div>\n<div id=\"product-description-5625\" class=\"product-description\">\n<div>\n<p>La noblesse de ce parfum aux notes fra\u00eeches et bois\u00e9es nous rappelle toute la majest\u00e9 de l\u2019arbre.<\/p>\n<p>Fra\u00eecheur a\u00e9rienne et verte, caract\u00e9ristiques de l\u2019Eucalyptus, de la Menthe et du Pin. Cette fragrance combine la douceur et l\u2019\u00e9nergie des for\u00eats pour vous assurer une protection au quotidien. Lib\u00e9rez votre respiration gr\u00e2ce aux senteurs purifiantes et balsamiques.<\/p>\n<\/div>\n<\/div>\n<div><\/div>\n<div>\n<h5>Posologie<\/h5>\n<div class=\"product-dosage\">\u2022 Utiliser uniquement des diffuseurs qui ne chauffent pas.<br \/>\n\u2022 Verser 3 \u00e0 5 gouttes pour une pi\u00e8ce de 9 \u00e0 15m\u00b2 (voir mode d\u2019emploi du diffuseur utilis\u00e9).<\/div>\n<\/div>\n","protected":false},"featured_media":4822,"template":"","meta":{"_acf_changed":false,"footnotes":""},"product_brand":[],"product_cat":[42,79],"product_tag":[],"class_list":{"0":"post-4821","1":"product","2":"type-product","3":"status-publish","4":"has-post-thumbnail","6":"product_cat-para-pharmacie","7":"product_cat-aromatherapie","9":"first","10":"instock","11":"taxable","12":"shipping-taxable","13":"purchasable","14":"product-type-simple"},"acf":[],"_links":{"self":[{"href":"https:\/\/www.pharmacieonline.lu\/en\/wp-json\/wp\/v2\/product\/4821","targetHints":{"allow":["GET"]}}],"collection":[{"href":"https:\/\/www.pharmacieonline.lu\/en\/wp-json\/wp\/v2\/product"}],"about":[{"href":"https:\/\/www.pharmacieonline.lu\/en\/wp-json\/wp\/v2\/types\/product"}],"version-history":[{"count":0,"href":"https:\/\/www.pharmacieonline.lu\/en\/wp-json\/wp\/v2\/product\/4821\/revisions"}],"wp:featuredmedia":[{"embeddable":true,"href":"https:\/\/www.pharmacieonline.lu\/en\/wp-json\/wp\/v2\/media\/4822"}],"wp:attachment":[{"href":"https:\/\/www.pharmacieonline.lu\/en\/wp-json\/wp\/v2\/media?parent=4821"}],"wp:term":[{"taxonomy":"product_brand","embeddable":true,"href":"https:\/\/www.pharmacieonline.lu\/en\/wp-json\/wp\/v2\/product_brand?post=4821"},{"taxonomy":"product_cat","embeddable":true,"href":"https:\/\/www.pharmacieonline.lu\/en\/wp-json\/wp\/v2\/product_cat?post=4821"},{"taxonomy":"product_tag","embeddable":true,"href":"https:\/\/www.pharmacieonline.lu\/en\/wp-json\/wp\/v2\/product_tag?post=4821"}],"curies":[{"name":"wp","href":"https:\/\/api.w.org\/{rel}","templated":true}]}}