{"id":4825,"date":"2020-12-08T10:20:33","date_gmt":"2020-12-08T09:20:33","guid":{"rendered":"https:\/\/www.pharmacieonline.lu\/?post_type=product&#038;p=4825"},"modified":"2026-04-07T15:55:38","modified_gmt":"2026-04-07T13:55:38","slug":"maxilase-20000-u-sir-200-ml","status":"publish","type":"product","link":"https:\/\/www.pharmacieonline.lu\/en\/produit\/maxilase-20000-u-sir-200-ml\/","title":{"rendered":"MAXILASE 20000 U SIR 200 ML"},"content":{"rendered":"<p>Active substance: Alpha-amylase<br \/>\nCommon excipients: Orange yellow S, Sucrose<br \/>\nOther excipients (specific to certain forms): Citric acid monohydrate, Stearic acid, Carmellose calcium, White beeswax, Purified water, Glycerol, Gum tragacanth, Gum arabic, Bleached dewaxed shellac, Lactoglobulin-lactose, Lactose, Mandarin essence, Mandarin essence deterpenated, Orange essence, Sodium methyl p-hydroxybenzoate, Sodium propyl p-hydroxybenzoate, Povidone, Sucrose solution, Colloidal anhydrous silica, Talc, Titanium dioxide<\/p>","protected":false},"excerpt":{"rendered":"<p class=\"qtranxs-available-languages-message qtranxs-available-languages-message-en\">\n<div class=\"detail\">\n<div>\n<p>Ce m\u00e9dicament contient une enzyme destin\u00e9e \u00e0 lutter contre l&#8217;\u0153d\u00e8me et l&#8217;inflammation.<\/p>\n<p>Il est utilis\u00e9 dans le traitement d&#8217;appoint de l&#8217;inflammation aigu\u00eb de la gorge.<\/p>\n<p>POSOLOGIE USUELLE :<\/p>\n<\/div>\n<div class=\"s-rubric posol\">\n<div class=\"detail\">\n<div class=\"lst\">\n<ul class=\"tiret\">\n<li><span class=\"cat\">Adulte<\/span>\u00a0: 1 comprim\u00e9 ou 1 cuill\u00e8re \u00e0 soupe de sirop, 3 fois par jour.<\/li>\n<li><span class=\"cat\">Enfant de plus de 3 ans (plus de 15 kg)<\/span>\u00a0: 2 cuill\u00e8res \u00e0 caf\u00e9 de sirop, 3 fois par jour.<\/li>\n<li><span class=\"cat\">Enfant de 6 mois \u00e0 3 ans (de 7 \u00e0 15 kg)<\/span>\u00a0: 1 cuill\u00e8re \u00e0 caf\u00e9 de sirop, 3 fois par jour.<\/li>\n<\/ul>\n<\/div>\n<p>La dur\u00e9e du traitement ne doit pas d\u00e9passer 5 jours sans avis m\u00e9dical.<\/p>\n<\/div>\n<\/div>\n<\/div>\n","protected":false},"featured_media":4826,"template":"","meta":{"_acf_changed":false,"footnotes":""},"product_brand":[],"product_cat":[793,43,83],"product_tag":[],"class_list":{"0":"post-4825","1":"product","2":"type-product","3":"status-publish","4":"has-post-thumbnail","6":"product_cat-sirops","7":"product_cat-medicaments-en-vente-libre","8":"product_cat-gorge","10":"first","11":"instock","12":"taxable","13":"shipping-taxable","14":"purchasable","15":"product-type-simple"},"acf":[],"_links":{"self":[{"href":"https:\/\/www.pharmacieonline.lu\/en\/wp-json\/wp\/v2\/product\/4825","targetHints":{"allow":["GET"]}}],"collection":[{"href":"https:\/\/www.pharmacieonline.lu\/en\/wp-json\/wp\/v2\/product"}],"about":[{"href":"https:\/\/www.pharmacieonline.lu\/en\/wp-json\/wp\/v2\/types\/product"}],"version-history":[{"count":0,"href":"https:\/\/www.pharmacieonline.lu\/en\/wp-json\/wp\/v2\/product\/4825\/revisions"}],"wp:featuredmedia":[{"embeddable":true,"href":"https:\/\/www.pharmacieonline.lu\/en\/wp-json\/wp\/v2\/media\/4826"}],"wp:attachment":[{"href":"https:\/\/www.pharmacieonline.lu\/en\/wp-json\/wp\/v2\/media?parent=4825"}],"wp:term":[{"taxonomy":"product_brand","embeddable":true,"href":"https:\/\/www.pharmacieonline.lu\/en\/wp-json\/wp\/v2\/product_brand?post=4825"},{"taxonomy":"product_cat","embeddable":true,"href":"https:\/\/www.pharmacieonline.lu\/en\/wp-json\/wp\/v2\/product_cat?post=4825"},{"taxonomy":"product_tag","embeddable":true,"href":"https:\/\/www.pharmacieonline.lu\/en\/wp-json\/wp\/v2\/product_tag?post=4825"}],"curies":[{"name":"wp","href":"https:\/\/api.w.org\/{rel}","templated":true}]}}