{"id":4829,"date":"2020-12-08T10:30:24","date_gmt":"2020-12-08T09:30:24","guid":{"rendered":"https:\/\/www.pharmacieonline.lu\/?post_type=product&#038;p=4829"},"modified":"2026-04-21T07:55:56","modified_gmt":"2026-04-21T05:55:56","slug":"activox-menthe-eucalyptus-24-past","status":"publish","type":"product","link":"https:\/\/www.pharmacieonline.lu\/en\/produit\/activox-menthe-eucalyptus-24-past\/","title":{"rendered":"ACTIVOX MENTHE EUCALYPTUS 24 PAST"},"content":{"rendered":"<p>Activox\u00ae: 2 plants to soften the throat!<\/p>\n<p>Building on their expertise in the field of phytotherapy, Arkopharma laboratories have specially developed Activox\u00ae Pastilles: a formula based on Erysimum and Matricaria rigorously selected by Group experts.<\/p>\n<p>&nbsp;<\/p>\n<p>Erysimum is known for its soothing action on the throat and provides a pleasant feeling of freshness. It is also recommended in case of vocal cord fatigue (hoarseness).<br \/>\nLike Erysimum, Matricaria is known for its soothing action on the throat. It is thus useful during winter periods.<br \/>\nIngredient detail<\/p>\n<p>Sweetener: Sorbitol &#8211; Extract of flowering top of erysimum (Sisymbrium officinale (L.) Scop.) &#8211; Thickener: Gum arabic &#8211; Extract of matricaria flower (Matricaria chamomilla L.) &#8211; Eucalyptus essential oil (Eucalyptus globulus) &#8211; Menthol &#8211; Colorant: patent blue V.<\/p>","protected":false},"excerpt":{"rendered":"<p class=\"qtranxs-available-languages-message qtranxs-available-languages-message-en\">\n<div class=\"product-categories\">\n<div class=\"category\"><a class=\"catalog-category-0\" href=\"https:\/\/www.arkopharma.com\/fr-FR\/sante-naturelle\">SANT\u00c9 NATURELLE<\/a><\/div>\n<div class=\"category\"><a class=\"catalog-category-1\" href=\"https:\/\/www.arkopharma.com\/fr-FR\/maux-hiver\">MAUX DE L&#8217;HIVER\u00a0<\/a>,\u00a0<a class=\"catalog-category-1\" href=\"https:\/\/www.arkopharma.com\/fr-FR\/gorge-sensible\">GORGE SENSIBLE<\/a><\/div>\n<div class=\"category\"><span class=\"catalog-category-3\">Compl\u00e9ment alimentaire<\/span><\/div>\n<\/div>\n<div class=\"product-description-text\">\n<div class=\"field field--name-field-product-description field--type-text-long field--label-hidden field--item\">\n<p>Activox\u00ae Pastilles est un compl\u00e9ment alimentaire\u00a0<strong>sp\u00e9cialement formul\u00e9 pour adoucir la gorge<\/strong>.<\/p>\n<p>Les pastilles Activox\u00ae contiennent de l&#8217;<strong>Erysimum<\/strong>\u00a0et de la\u00a0<strong>Matricaire<\/strong>. Ces plantes sont connues pour leur action adoucissante au niveau de la gorge.<\/p>\n<p><strong>Sans sucre<\/strong>, les pastilles Activox\u00ae procurent une\u00a0<strong>sensation de fra\u00eecheur<\/strong> agr\u00e9able et durable et sont aussi conseill\u00e9es en cas de fatigiue des cordes vocales (enrouement)<\/p>\n<p>Compl\u00e9ment alimentaire. Pastilles \u00e0 sucer.<\/p>\n<ul>\n<li><u>Adultes\u00a0<\/u>: Prendre\u00a0<strong>4\u00a0\u00e0\u00a06\u00a0pastilles par jour\u00a0<\/strong>\u00e0 r\u00e9partir dans la journ\u00e9e (minimum 2\u00a0heures entre les prises).<\/li>\n<li><u>Enfants \u00e0 partir de 6\u00a0ans<\/u>\u00a0: Prendre\u00a0<strong>2\u00a0ou\u00a03\u00a0pastilles par jour\u00a0<\/strong>\u00e0 r\u00e9partir dans la journ\u00e9e (minimum 2\u00a0heures entre les prises).<\/li>\n<\/ul>\n<\/div>\n<\/div>\n","protected":false},"featured_media":4927,"template":"","meta":{"_acf_changed":false,"footnotes":""},"product_brand":[],"product_cat":[43,105,83,78],"product_tag":[],"class_list":{"0":"post-4829","1":"product","2":"type-product","3":"status-publish","4":"has-post-thumbnail","6":"product_cat-medicaments-en-vente-libre","7":"product_cat-comprimes-gorge","8":"product_cat-gorge","9":"product_cat-phytotherapie","11":"first","12":"instock","13":"taxable","14":"shipping-taxable","15":"purchasable","16":"product-type-simple"},"acf":[],"_links":{"self":[{"href":"https:\/\/www.pharmacieonline.lu\/en\/wp-json\/wp\/v2\/product\/4829","targetHints":{"allow":["GET"]}}],"collection":[{"href":"https:\/\/www.pharmacieonline.lu\/en\/wp-json\/wp\/v2\/product"}],"about":[{"href":"https:\/\/www.pharmacieonline.lu\/en\/wp-json\/wp\/v2\/types\/product"}],"version-history":[{"count":0,"href":"https:\/\/www.pharmacieonline.lu\/en\/wp-json\/wp\/v2\/product\/4829\/revisions"}],"wp:featuredmedia":[{"embeddable":true,"href":"https:\/\/www.pharmacieonline.lu\/en\/wp-json\/wp\/v2\/media\/4927"}],"wp:attachment":[{"href":"https:\/\/www.pharmacieonline.lu\/en\/wp-json\/wp\/v2\/media?parent=4829"}],"wp:term":[{"taxonomy":"product_brand","embeddable":true,"href":"https:\/\/www.pharmacieonline.lu\/en\/wp-json\/wp\/v2\/product_brand?post=4829"},{"taxonomy":"product_cat","embeddable":true,"href":"https:\/\/www.pharmacieonline.lu\/en\/wp-json\/wp\/v2\/product_cat?post=4829"},{"taxonomy":"product_tag","embeddable":true,"href":"https:\/\/www.pharmacieonline.lu\/en\/wp-json\/wp\/v2\/product_tag?post=4829"}],"curies":[{"name":"wp","href":"https:\/\/api.w.org\/{rel}","templated":true}]}}