{"id":4857,"date":"2020-12-08T14:29:47","date_gmt":"2020-12-08T13:29:47","guid":{"rendered":"https:\/\/www.pharmacieonline.lu\/?post_type=product&#038;p=4857"},"modified":"2026-04-04T20:25:17","modified_gmt":"2026-04-04T18:25:17","slug":"aspecton-hustensaft-100-ml","status":"publish","type":"product","link":"https:\/\/www.pharmacieonline.lu\/en\/produit\/aspecton-hustensaft-100-ml\/","title":{"rendered":"ASPECTON HUSTENSAFT 100 ML"},"content":{"rendered":"<p>Thyme syrup for oily cough<\/p>\n<p>Suitable for adults and children from 1 year old.<\/p>\n<p>dosage;<\/p>\n<p>children from 12 years old and adults; 3-4 * 10ml \/ day<\/p>\n<p>children aged 11-12; 3 * 5ml \/ day<\/p>\n<p>children 5-10 years old; 3-4 * 5ml \/ day<\/p>\n<p>children aged 1-4; 2 * 2.5ml \/ day<\/p>\n<p>Take preferably with a large amount of water<\/p>\n<p>can be taken with or without food<\/p>\n<p>sugar and alcohol free<\/p>\n<p>valid 6 months after opening.<\/p>","protected":false},"excerpt":{"rendered":"<p class=\"qtranxs-available-languages-message qtranxs-available-languages-message-en\">\n<p>Sirop \u00e0 base de thym pour toux grasse<\/p>\n<p>Convient \u00e0 l&#8217;adulte et \u00e0 l&#8217;enfant \u00e0 partir de 1an.<\/p>\n<p>posologie;<\/p>\n<p>enfants \u00e0 partir de 12 ans et adultes; 3-4* 10ml\/ jour<\/p>\n<p>enfants de 11-12 ans; 3*5ml\/jour<\/p>\n<p>enfants de 5-10ans; 3-4* 5ml\/jour<\/p>\n<p>enfants de 1-4ans; 2*2.5ml\/jour<\/p>\n<p>A prendre de pr\u00e9f\u00e9rence avec une grande quantit\u00e9 d&#8217;eau<\/p>\n<p>peut \u00eatre pris avec ou en dehors des repas<\/p>\n<p>sans sucre et sans alcool<\/p>\n<p>valable 6mois apr\u00e8s ouverture.<\/p>\n","protected":false},"featured_media":5126,"template":"","meta":{"_acf_changed":false,"footnotes":""},"product_brand":[],"product_cat":[108,43,82],"product_tag":[],"class_list":{"0":"post-4857","1":"product","2":"type-product","3":"status-publish","4":"has-post-thumbnail","6":"product_cat-toux-grasse","7":"product_cat-medicaments-en-vente-libre","8":"product_cat-toux","10":"first","11":"instock","12":"taxable","13":"shipping-taxable","14":"purchasable","15":"product-type-simple"},"acf":[],"_links":{"self":[{"href":"https:\/\/www.pharmacieonline.lu\/en\/wp-json\/wp\/v2\/product\/4857","targetHints":{"allow":["GET"]}}],"collection":[{"href":"https:\/\/www.pharmacieonline.lu\/en\/wp-json\/wp\/v2\/product"}],"about":[{"href":"https:\/\/www.pharmacieonline.lu\/en\/wp-json\/wp\/v2\/types\/product"}],"version-history":[{"count":0,"href":"https:\/\/www.pharmacieonline.lu\/en\/wp-json\/wp\/v2\/product\/4857\/revisions"}],"wp:featuredmedia":[{"embeddable":true,"href":"https:\/\/www.pharmacieonline.lu\/en\/wp-json\/wp\/v2\/media\/5126"}],"wp:attachment":[{"href":"https:\/\/www.pharmacieonline.lu\/en\/wp-json\/wp\/v2\/media?parent=4857"}],"wp:term":[{"taxonomy":"product_brand","embeddable":true,"href":"https:\/\/www.pharmacieonline.lu\/en\/wp-json\/wp\/v2\/product_brand?post=4857"},{"taxonomy":"product_cat","embeddable":true,"href":"https:\/\/www.pharmacieonline.lu\/en\/wp-json\/wp\/v2\/product_cat?post=4857"},{"taxonomy":"product_tag","embeddable":true,"href":"https:\/\/www.pharmacieonline.lu\/en\/wp-json\/wp\/v2\/product_tag?post=4857"}],"curies":[{"name":"wp","href":"https:\/\/api.w.org\/{rel}","templated":true}]}}