{"id":491,"date":"2020-11-25T17:26:59","date_gmt":"2020-11-25T16:26:59","guid":{"rendered":"https:\/\/www.pharmacieonline.lu\/produit\/vitry-coupe-ongle-de-poche-asie-bleu1055\/"},"modified":"2026-04-11T23:55:39","modified_gmt":"2026-04-11T21:55:39","slug":"vitry-coupe-ongle-de-poche-asie-bleu1055","status":"publish","type":"product","link":"https:\/\/www.pharmacieonline.lu\/en\/produit\/vitry-coupe-ongle-de-poche-asie-bleu1055\/","title":{"rendered":"VITRY COUPE ONGLE DE POCHE ASIE BLEU1055"},"content":{"rendered":"<p>Un coupe ongle de poche pratique et efficace un classique de la manucure \u00e0 emmener partout avec sois.<\/p>\n<p>Coupez vos ongles des mains avec pr\u00e9cision et en toute facilit\u00e9.<\/p>","protected":false},"excerpt":{"rendered":"<p>Un coupe ongle de poche pratique et efficace un classique de la manucure \u00e0 emmener partout avec sois. Coupez vos ongles des mains avec pr\u00e9cision et en toute facilit\u00e9.<\/p>\n","protected":false},"featured_media":5438,"template":"","meta":{"_acf_changed":false,"footnotes":""},"product_brand":[],"product_cat":[42,955],"product_tag":[],"class_list":{"0":"post-491","1":"product","2":"type-product","3":"status-publish","4":"has-post-thumbnail","6":"product_cat-para-pharmacie","7":"product_cat-accessoires-manucure-pedicure","9":"first","10":"outofstock","11":"taxable","12":"shipping-taxable","13":"purchasable","14":"product-type-simple"},"acf":[],"_links":{"self":[{"href":"https:\/\/www.pharmacieonline.lu\/en\/wp-json\/wp\/v2\/product\/491","targetHints":{"allow":["GET"]}}],"collection":[{"href":"https:\/\/www.pharmacieonline.lu\/en\/wp-json\/wp\/v2\/product"}],"about":[{"href":"https:\/\/www.pharmacieonline.lu\/en\/wp-json\/wp\/v2\/types\/product"}],"version-history":[{"count":0,"href":"https:\/\/www.pharmacieonline.lu\/en\/wp-json\/wp\/v2\/product\/491\/revisions"}],"wp:featuredmedia":[{"embeddable":true,"href":"https:\/\/www.pharmacieonline.lu\/en\/wp-json\/wp\/v2\/media\/5438"}],"wp:attachment":[{"href":"https:\/\/www.pharmacieonline.lu\/en\/wp-json\/wp\/v2\/media?parent=491"}],"wp:term":[{"taxonomy":"product_brand","embeddable":true,"href":"https:\/\/www.pharmacieonline.lu\/en\/wp-json\/wp\/v2\/product_brand?post=491"},{"taxonomy":"product_cat","embeddable":true,"href":"https:\/\/www.pharmacieonline.lu\/en\/wp-json\/wp\/v2\/product_cat?post=491"},{"taxonomy":"product_tag","embeddable":true,"href":"https:\/\/www.pharmacieonline.lu\/en\/wp-json\/wp\/v2\/product_tag?post=491"}],"curies":[{"name":"wp","href":"https:\/\/api.w.org\/{rel}","templated":true}]}}