{"id":49157,"date":"2025-03-10T16:25:38","date_gmt":"2025-03-10T15:25:38","guid":{"rendered":"https:\/\/www.pharmacieonline.lu\/?post_type=product&#038;p=49157"},"modified":"2026-04-09T03:55:17","modified_gmt":"2026-04-09T01:55:17","slug":"caudalie-premier-cru-le-serum-30ml","status":"publish","type":"product","link":"https:\/\/www.pharmacieonline.lu\/en\/produit\/caudalie-premier-cru-le-serum-30ml\/","title":{"rendered":"CAUDALIE PREMIER CRU LE SERUM 30ML"},"content":{"rendered":"<p>New Longevity formula for younger skin for longer.<br \/>\nBoosted by our longevity patent and a natural plumping filler, Le S\u00e9rum Premier Cru reactivates the skin&#8217;s youth mechanisms and increases cellular performance. Its high concentration of hyaluronic acids provides immediate and intense hydration to the skin. Enriched with tensing sugars with a visible effect from 3 minutes and up to 6 hours, it also contains niacinamide to improve skin texture.<br \/>\nRecyclable glass bottle*<br \/>\n*Excluding multi-material pumps and caps, recyclable only in Caudalie SPA Boutiques thanks to the Terracycle partnership.<\/p>\n<p>Usage<br \/>\nApply Le S\u00e9rum Premier Cru morning and evening to the face, neck and d\u00e9collet\u00e9, before your cream.<br \/>\nComposition<\/p>\n<p>AQUA\/WATER\/EAU, GLYCERIN, PROPANEDIOL, NIACINAMIDE, PALMITOYL GRAPEVINE SHOOT EXTRACT, PALMITOYL GRAPE SEED EXTRACT, CAPRYLIC\/CAPRIC TRIGLYCERIDE, CAPRYLYL GLYCOL, GLYCERYL CAPRYLATE\/CAPRATE, SODIUM HYALURONATE, CARBOMER, POLYACRYLATE CROSSPOLYMER-6, HYDROXYETHYL ACRYLATE\/SODIUM ACRYLOYLDIMETHYL TAURATE COPOLYMER, HELIANTHUS ANNUUS (SUNFLOWER) SEED OIL, TOCOPHEROL, HYDROLYZED HYALURONIC ACID, MAGNOLIA OFFICINALIS BARK EXTRACT, PAEONIA LACTIFLORA ROOT EXTRACT, ADENOSINE, SODIUM HYDROXIDE, SODIUM PHYTATE, GLEDITSIA TRIACANTHOS SEED EXTRACT, SORBITAN ISOSTEARATE, ANIBA ROSODORA WOOD EXTRACT, PARFUM (FRAGRANCE), GERANIOL, LINALOOL, CITRONELLOL.(319\/015)<\/p>","protected":false},"excerpt":{"rendered":"<p>New Longevity formula for younger skin for longer. Boosted by our longevity patent and a natural plumping filler, Le S\u00e9rum Premier Cru reactivates the skin&#8217;s youth mechanisms and increases cellular performance. Its high concentration of hyaluronic acids provides immediate and intense hydration to the skin. Enriched with tensing sugars with a visible effect from 3 [&hellip;]<\/p>\n","protected":false},"featured_media":49159,"template":"","meta":{"_acf_changed":false,"footnotes":""},"product_brand":[],"product_cat":[54],"product_tag":[],"class_list":{"0":"post-49157","1":"product","2":"type-product","3":"status-publish","4":"has-post-thumbnail","6":"product_cat-soins-du-visage","8":"first","9":"instock","10":"taxable","11":"shipping-taxable","12":"purchasable","13":"product-type-simple"},"acf":[],"_links":{"self":[{"href":"https:\/\/www.pharmacieonline.lu\/en\/wp-json\/wp\/v2\/product\/49157","targetHints":{"allow":["GET"]}}],"collection":[{"href":"https:\/\/www.pharmacieonline.lu\/en\/wp-json\/wp\/v2\/product"}],"about":[{"href":"https:\/\/www.pharmacieonline.lu\/en\/wp-json\/wp\/v2\/types\/product"}],"version-history":[{"count":0,"href":"https:\/\/www.pharmacieonline.lu\/en\/wp-json\/wp\/v2\/product\/49157\/revisions"}],"wp:featuredmedia":[{"embeddable":true,"href":"https:\/\/www.pharmacieonline.lu\/en\/wp-json\/wp\/v2\/media\/49159"}],"wp:attachment":[{"href":"https:\/\/www.pharmacieonline.lu\/en\/wp-json\/wp\/v2\/media?parent=49157"}],"wp:term":[{"taxonomy":"product_brand","embeddable":true,"href":"https:\/\/www.pharmacieonline.lu\/en\/wp-json\/wp\/v2\/product_brand?post=49157"},{"taxonomy":"product_cat","embeddable":true,"href":"https:\/\/www.pharmacieonline.lu\/en\/wp-json\/wp\/v2\/product_cat?post=49157"},{"taxonomy":"product_tag","embeddable":true,"href":"https:\/\/www.pharmacieonline.lu\/en\/wp-json\/wp\/v2\/product_tag?post=49157"}],"curies":[{"name":"wp","href":"https:\/\/api.w.org\/{rel}","templated":true}]}}