{"id":49977,"date":"2025-04-25T17:41:03","date_gmt":"2025-04-25T15:41:03","guid":{"rendered":"https:\/\/www.pharmacieonline.lu\/?post_type=product&#038;p=49977"},"modified":"2026-04-05T03:55:13","modified_gmt":"2026-04-05T01:55:13","slug":"nuxe-hairbody-mist-sensual-era-100ml","status":"publish","type":"product","link":"https:\/\/www.pharmacieonline.lu\/en\/produit\/nuxe-hairbody-mist-sensual-era-100ml\/","title":{"rendered":"NUXE HAIR&#038;BODY MIST SENSUAL ERA 100ML"},"content":{"rendered":"<p>D\u00e9clin\u00e9e en trois fragrances uniques, the brume Hair and Skin mise au point par la marque Nuxe enveloppe the corps and les cheveux d&#8217;un voile de parfum d\u00e9licieux, envo\u00fbtant ou p\u00e9tillant. Ideal during the seasonal season, the perfume can be worn in a relaxed manner.<\/p>\n<p>Int\u00e9r\u00eats de la brume parfumante corps et cheveux nuxe Hair and Skin<br \/>\nFine and agr\u00e9able, the hair Nuxe Hair &amp; Skin suitable for all types of hair and hair. Compos\u00e9e de minimum 88% d&#8217;ingr\u00e9dients d&#8217;origine naturelle, this brume parfumante peut \u00eatre appliqu\u00e9 sur le corps et sur les longueurs \u00e0 tout moment de la journ\u00e9e pour sentir bon et b\u00e9n\u00e9ficier d&#8217;une sensation de fra\u00eecheur appr\u00e9ciable en \u00e9t\u00e9.<\/p>\n<p>The brume parfumante corps and cheveux Nuxe offers three senteurs inoubliables pour s&#8217;adapter \u00e0 toutes les envies:<\/p>\n<p>The brume Sensual Era dispose d&#8217;une aura solarire enivrante, sensuelle et \u00e9clatante. Elle met en avant la fleur d&#8217;orange lumineuse, sublim\u00e9e par un coeur de magnolia et par une vanille enveloppante ;<\/p>\n<p>Simple and rapid in use, the Nuxe Hair &amp; Skin product is presented in a bottle that is easy to use in a beach bag. Elle ne colle pas et ne laisse pas de fini gras sur la peau et les cheveux.<\/p>\n<p>Vegan formula, without ingredients from animal origin.<\/p>\n<p>&nbsp;<\/p>","protected":false},"excerpt":{"rendered":"<p>D\u00e9clin\u00e9e en trois fragrances uniques, the brume Hair and Skin mise au point par la marque Nuxe enveloppe the corps and les cheveux d&#8217;un voile de parfum d\u00e9licieux, envo\u00fbtant ou p\u00e9tillant. Ideal during the seasonal season, the perfume can be worn in a relaxed manner. Int\u00e9r\u00eats de la brume parfumante corps et cheveux nuxe Hair [&hellip;]<\/p>\n","protected":false},"featured_media":49979,"template":"","meta":{"_acf_changed":false,"footnotes":""},"product_brand":[],"product_cat":[53],"product_tag":[],"class_list":{"0":"post-49977","1":"product","2":"type-product","3":"status-publish","4":"has-post-thumbnail","6":"product_cat-cheveux","8":"first","9":"outofstock","10":"taxable","11":"shipping-taxable","12":"purchasable","13":"product-type-simple"},"acf":[],"_links":{"self":[{"href":"https:\/\/www.pharmacieonline.lu\/en\/wp-json\/wp\/v2\/product\/49977","targetHints":{"allow":["GET"]}}],"collection":[{"href":"https:\/\/www.pharmacieonline.lu\/en\/wp-json\/wp\/v2\/product"}],"about":[{"href":"https:\/\/www.pharmacieonline.lu\/en\/wp-json\/wp\/v2\/types\/product"}],"version-history":[{"count":0,"href":"https:\/\/www.pharmacieonline.lu\/en\/wp-json\/wp\/v2\/product\/49977\/revisions"}],"wp:featuredmedia":[{"embeddable":true,"href":"https:\/\/www.pharmacieonline.lu\/en\/wp-json\/wp\/v2\/media\/49979"}],"wp:attachment":[{"href":"https:\/\/www.pharmacieonline.lu\/en\/wp-json\/wp\/v2\/media?parent=49977"}],"wp:term":[{"taxonomy":"product_brand","embeddable":true,"href":"https:\/\/www.pharmacieonline.lu\/en\/wp-json\/wp\/v2\/product_brand?post=49977"},{"taxonomy":"product_cat","embeddable":true,"href":"https:\/\/www.pharmacieonline.lu\/en\/wp-json\/wp\/v2\/product_cat?post=49977"},{"taxonomy":"product_tag","embeddable":true,"href":"https:\/\/www.pharmacieonline.lu\/en\/wp-json\/wp\/v2\/product_tag?post=49977"}],"curies":[{"name":"wp","href":"https:\/\/api.w.org\/{rel}","templated":true}]}}