{"id":49985,"date":"2025-04-25T17:45:25","date_gmt":"2025-04-25T15:45:25","guid":{"rendered":"https:\/\/www.pharmacieonline.lu\/?post_type=product&#038;p=49985"},"modified":"2026-04-12T18:26:06","modified_gmt":"2026-04-12T16:26:06","slug":"nuxe-hairbody-mist-sunset-bliss-100ml","status":"publish","type":"product","link":"https:\/\/www.pharmacieonline.lu\/en\/produit\/nuxe-hairbody-mist-sunset-bliss-100ml\/","title":{"rendered":"NUXE HAIR&#038;BODY MIST SUNSET BLISS 100ML"},"content":{"rendered":"<p>D\u00e9clin\u00e9e en trois fragrances uniques, la\u00a0brume Hair and Skin\u00a0mise au point par la marque Nuxe\u00a0enveloppe le corps et les cheveux d&#8217;un voile de parfum d\u00e9licieux, envo\u00fbtant ou p\u00e9tillant. Ideal for the season, the perfume can be worn in a relaxed manner.<\/p>\n<p>Int\u00e9r\u00eats de la brume parfumante corps et cheveux nuxe Hair and Skin<\/p>\n<p>Fine and agr\u00e9able, the\u00a0brume\u00a0Nuxe Hair &amp; Skin\u00a0convient \u00e0 tous les types de peau et de cheveux. Compos\u00e9e de minimum 88% d&#8217;ingr\u00e9dients d&#8217;origine naturelle, this\u00a0brume perfume\u00a0peut \u00eatre appliqu\u00e9 sur le corps et sur les longueurs \u00e0 tout moment de la journ\u00e9e pour sentir bon et b\u00e9n\u00e9ficier d&#8217;une sensation de fra\u00eecheur appr\u00e9ciable en \u00e9t\u00e9.<\/p>\n<p>La\u00a0brume perfume corps et cheveux Nuxe\u00a0offre three senteurs inoubliables\u00a0pour s&#8217;adapter \u00e0 toutes les envies :<\/p>\n<p>La\u00a0brume Sunset Bliss\u00a0vous fait voyager sous les tropiques gr\u00e2ce \u00e0 son parfum addictif qui rappelle le soleil, l&#8217;\u00e9t\u00e9 et les vacances. Pour ce faire, this fragrance solaire allie the coco \u00e0 la fleur de tiar\u00e9 et \u00e0 la vanilla ;<\/p>\n<p>Simple and rapid use, the Nuxe Hair &amp; Skin is presented in a bottle that is easy to use in a beach bag. Elle ne colle pas et ne laisse pas de fini gras sur la peau et les cheveux.<\/p>\n<p>Vegan formula, without ingredients from animal origin.<\/p>\n<p>&nbsp;<\/p>","protected":false},"excerpt":{"rendered":"<p>D\u00e9clin\u00e9e en trois fragrances uniques, la\u00a0brume Hair and Skin\u00a0mise au point par la marque Nuxe\u00a0enveloppe le corps et les cheveux d&#8217;un voile de parfum d\u00e9licieux, envo\u00fbtant ou p\u00e9tillant. Ideal for the season, the perfume can be worn in a relaxed manner. Int\u00e9r\u00eats de la brume parfumante corps et cheveux nuxe Hair and Skin Fine and [&hellip;]<\/p>\n","protected":false},"featured_media":49987,"template":"","meta":{"_acf_changed":false,"footnotes":""},"product_brand":[],"product_cat":[53],"product_tag":[],"class_list":{"0":"post-49985","1":"product","2":"type-product","3":"status-publish","4":"has-post-thumbnail","6":"product_cat-cheveux","8":"first","9":"instock","10":"sale","11":"taxable","12":"shipping-taxable","13":"purchasable","14":"product-type-simple"},"acf":[],"_links":{"self":[{"href":"https:\/\/www.pharmacieonline.lu\/en\/wp-json\/wp\/v2\/product\/49985","targetHints":{"allow":["GET"]}}],"collection":[{"href":"https:\/\/www.pharmacieonline.lu\/en\/wp-json\/wp\/v2\/product"}],"about":[{"href":"https:\/\/www.pharmacieonline.lu\/en\/wp-json\/wp\/v2\/types\/product"}],"version-history":[{"count":0,"href":"https:\/\/www.pharmacieonline.lu\/en\/wp-json\/wp\/v2\/product\/49985\/revisions"}],"wp:featuredmedia":[{"embeddable":true,"href":"https:\/\/www.pharmacieonline.lu\/en\/wp-json\/wp\/v2\/media\/49987"}],"wp:attachment":[{"href":"https:\/\/www.pharmacieonline.lu\/en\/wp-json\/wp\/v2\/media?parent=49985"}],"wp:term":[{"taxonomy":"product_brand","embeddable":true,"href":"https:\/\/www.pharmacieonline.lu\/en\/wp-json\/wp\/v2\/product_brand?post=49985"},{"taxonomy":"product_cat","embeddable":true,"href":"https:\/\/www.pharmacieonline.lu\/en\/wp-json\/wp\/v2\/product_cat?post=49985"},{"taxonomy":"product_tag","embeddable":true,"href":"https:\/\/www.pharmacieonline.lu\/en\/wp-json\/wp\/v2\/product_tag?post=49985"}],"curies":[{"name":"wp","href":"https:\/\/api.w.org\/{rel}","templated":true}]}}