{"id":49991,"date":"2025-04-25T17:49:46","date_gmt":"2025-04-25T15:49:46","guid":{"rendered":"https:\/\/www.pharmacieonline.lu\/?post_type=product&#038;p=49991"},"modified":"2026-04-15T15:55:08","modified_gmt":"2026-04-15T13:55:08","slug":"nicorette-mint-spray-buccal-1mg-2132ml","status":"publish","type":"product","link":"https:\/\/www.pharmacieonline.lu\/en\/produit\/nicorette-mint-spray-buccal-1mg-2132ml\/","title":{"rendered":"NICORETTE MINT SPRAY BUCCAL 1MG 2*13,2ML"},"content":{"rendered":"<p>Nicorette\u00ae Spray Mint duopack will help you stop the smoke. The nicotine therapy is added to the environment of the smoke in three seconds with several vaporizations. The spray r\u00e9prime les sympt\u00f4mes de sevrage tels que l&#8217;irritabilit\u00e9 et la diminution de l&#8217;app\u00e9tit, ce qui vous permet de mieux r\u00e9ussir \u00e0 vivre sans tobacco. Nicorette\u00ae Spray Mint duopack is a quick way to destroy your environment of smoke. Les deux sprays Nicorette replaces just 300 cigarettes. Le go\u00fbt de menthe assures une haleine fra\u00eeche. Use Nicorette\u00ae Spray Mint duopack in association with Nicorette\u00ae Invisi Patch if you have a large smoke, if you have a problem with current and uncontrollable fumes, or if you have another therapy for replacing the nicotine without giving sufficient results auparavant. Nicorette\u00ae Invisi Patch is a discreet patch that reprime the envies de nicotine pendant 16 hours. Combinez-le avec votre volont\u00e9 and Nicorette\u00ae Spray Mint and achieves an important versatility without tobacco. In a packaging duo practical.<\/p>\n<p>Nicorette\u00ae Spray Mint saves your smoke in a few seconds with 1 to 2 vaporizations. Commencez all with a pulverization. If you don&#8217;t see it, use a second pulverization.<br \/>\nThe spray therapy \u00e0 la nicotine r\u00e9prime les sympt\u00f4mes de sevrage tels que l&#8217;irritabilit\u00e9 and the diminution of the appetite, ce qui vous permet de mieux r\u00e9ussir \u00e0 vivre sans tabac.<br \/>\nNicorette\u00ae Spray Mint is a quick way to destroy your environment of smoke. Les deux sprays Nicorette replaces just 300 cigarettes. The taste of the menthe ensures a haleine fra\u00eeche and durable.<br \/>\nNicorette\u00ae Spray Mint is a medication intended for adults. It is used by non-fumeurs. In a packaging duo practical.<br \/>\nCombine the Nicorette\u00ae Spray Mint with the Nicorette\u00ae Invisi Patch if you have a large smoker and have a very important version without tobacco.<br \/>\nIndication<\/p>\n<p>Nicorette Mint is destined to help you stop the smoke without having to decide whether to smoke a tobacco or to reduce your consumption of cigarettes before the final stop. This is a type of treatment that appeals to the Traitement de Substitution Nicotinique (TSN).<\/p>\n<p>Nicorette Mint soulage les sympt\u00f4mes de sevrage nicotinique, y compris les envies irr\u00e9sistibles de fumer, des sympt\u00f4mes qui apparaissent \u00e0 l&#8217;arr\u00eat du tabagisme. Lorsque vous arr\u00eatez soudainement la consumption de tobacco et que votre organisme ne re\u00e7oit plus de nicotine, vous ressentez different forms de d\u00e9sagr\u00e9ments connus sous le nom de sympt\u00f4mes de sevrage. The use of Nicorette Mint permeates or reduces the damage and causes the irresistible fumes in the car to continue to feed the organism with a small quantity of nicotine depending on the period. Nicorette Mint contains gold, carbon monoxide and other toxins from the cigarette smoke.<\/p>\n<p>Pour augmenter vos chances d&#8217;arr\u00eater de fumer, vous devriez, si possible, chercher une aide et des conseils.<\/p>\n<p>Usage<\/p>\n<p>D\u00e9verrouillez the dispositif de security for children. Tenez l&#8217;embout du spray before your bouche ouverte. Vaporize in the cavit\u00e9 buccale or later in the game without avaler, inhaler, humidifier les l\u00e8vres, manger or boire. R\u00e9p\u00e9tez l&#8217;operation si votre envie de fumer ne dispara\u00eet pas au about de quelques minutes. Don&#8217;t forget to use the spray after use.<\/p>\n<p>Composition<br \/>\nSubstance active (par ml solution) : 13.6 mg de nicotine<br \/>\nExcipients: propyl\u00e8ne glycol, \u00e9thanol anhydre, trom\u00e9tamol, poloxam\u00e8re 407, glyc\u00e9rol, hydrog\u00e9nocarbonate de sodium, l\u00e9vomenthol, ar\u00f4me de menthe, ar\u00f4me rafra\u00eechissant, sucralose, ac\u00e9sulfam\u00e8re-potassium, acide chlorhydrique (pour l&#8217;adjustement du pH), eau purified<\/p>","protected":false},"excerpt":{"rendered":"<p>Nicorette\u00ae Spray Mint duopack will help you stop the smoke. The nicotine therapy is added to the environment of the smoke in three seconds with several vaporizations. The spray r\u00e9prime les sympt\u00f4mes de sevrage tels que l&#8217;irritabilit\u00e9 et la diminution de l&#8217;app\u00e9tit, ce qui vous permet de mieux r\u00e9ussir \u00e0 vivre sans tobacco. Nicorette\u00ae Spray [&hellip;]<\/p>\n","protected":false},"featured_media":49993,"template":"","meta":{"_acf_changed":false,"footnotes":""},"product_brand":[],"product_cat":[87],"product_tag":[],"class_list":{"0":"post-49991","1":"product","2":"type-product","3":"status-publish","4":"has-post-thumbnail","6":"product_cat-arret-du-tabac","8":"first","9":"instock","10":"taxable","11":"shipping-taxable","12":"purchasable","13":"product-type-simple"},"acf":[],"_links":{"self":[{"href":"https:\/\/www.pharmacieonline.lu\/en\/wp-json\/wp\/v2\/product\/49991","targetHints":{"allow":["GET"]}}],"collection":[{"href":"https:\/\/www.pharmacieonline.lu\/en\/wp-json\/wp\/v2\/product"}],"about":[{"href":"https:\/\/www.pharmacieonline.lu\/en\/wp-json\/wp\/v2\/types\/product"}],"version-history":[{"count":0,"href":"https:\/\/www.pharmacieonline.lu\/en\/wp-json\/wp\/v2\/product\/49991\/revisions"}],"wp:featuredmedia":[{"embeddable":true,"href":"https:\/\/www.pharmacieonline.lu\/en\/wp-json\/wp\/v2\/media\/49993"}],"wp:attachment":[{"href":"https:\/\/www.pharmacieonline.lu\/en\/wp-json\/wp\/v2\/media?parent=49991"}],"wp:term":[{"taxonomy":"product_brand","embeddable":true,"href":"https:\/\/www.pharmacieonline.lu\/en\/wp-json\/wp\/v2\/product_brand?post=49991"},{"taxonomy":"product_cat","embeddable":true,"href":"https:\/\/www.pharmacieonline.lu\/en\/wp-json\/wp\/v2\/product_cat?post=49991"},{"taxonomy":"product_tag","embeddable":true,"href":"https:\/\/www.pharmacieonline.lu\/en\/wp-json\/wp\/v2\/product_tag?post=49991"}],"curies":[{"name":"wp","href":"https:\/\/api.w.org\/{rel}","templated":true}]}}