{"id":50012,"date":"2025-04-25T18:08:23","date_gmt":"2025-04-25T16:08:23","guid":{"rendered":"https:\/\/www.pharmacieonline.lu\/?post_type=product&#038;p=50012"},"modified":"2026-04-12T18:25:49","modified_gmt":"2026-04-12T16:25:49","slug":"physiomance-permea-gold-15-sach","status":"publish","type":"product","link":"https:\/\/www.pharmacieonline.lu\/en\/produit\/physiomance-permea-gold-15-sach\/","title":{"rendered":"PHYSIOMANCE PERMEA GOLD 15 SACH"},"content":{"rendered":"<p>Compl\u00e9ment alimentaire with \u00e9dulcorant d&#8217;origine naturelle<\/p>\n<p>PHYSIOMANCE\u00ae Perm\u00e9a Gold is a formula \u00e9labor\u00e9e and development by our team of research and development. PHYSIOMANCE\u00ae Perm\u00e9a Gold has the ability to work on the research and development of a solution that is specially adapted to contribute to the normal functioning of the muqueuses and to produce a good function of the digestible tube.<\/p>\n<p>PHYSIOMANCE\u00ae Perm\u00e9a Gold apporte, pour 1 sachet:<\/p>\n<p>5 g of natural fibers from BIO Fibrassentiel\u00ae brevet\u00e9es, \u00e0 l&#8217;efficacit\u00e9 scientifiquement prouv\u00e9e sur the development of a muqueuse de quality and guarantees without FODMAP ;<br \/>\n1 g of querc\u00e9tine issue du Sophora japonica, 20 fois plus biodisponible qu&#8217;un extrait standard;<br \/>\n500 mg d&#8217;orange extra and de pamplemousse MicrobiomeX\u00ae titr\u00e9 \u00e0 420 mg en hesp\u00e9ridine et \u00e0 25 mg en naringine, \u00e0 l&#8217;efficacit\u00e9 cliniquement prouv\u00e9e sur le soutien du syst\u00e8me immunitaire et l&#8217;am\u00e9lioration des d\u00e9fenses de l&#8217;intestin ;<br \/>\n500 mg of 2&#8242;-fucosyllactose Care4U\u00ae, sucre fucosyl\u00e9 obtained from natural fermentation and purification at 98%, guaranteeing high quality;<br \/>\n300 mg of butyrate, metabolite of microbiota;<br \/>\n300 mg d\u2019extrait de Boswellia serrata titr\u00e9 \u00e0 195 mg en acides bowelliques, which is close to the health of the tube gastrointestinal;<br \/>\n200 mg of L-thr\u00e9onine and 50 mg of serine, amino acids constituting mucin, and 3 g of L-glutamine, 1 g of taurine, and 200 mg of N-acetylcyst\u00e9ine, 3 amino acids and derived substances;<br \/>\n100 mg of a complex of 5 enzymes (\u03b1-amylase, protease, lactase, cellulase, lipase);<br \/>\nA complex micronutritionnel, indispensable to the intestinal ecosystem:<br \/>\n100 mg of magnesium, containing 26% of the AR*, which contributes to the reduction of fatigue and the synthesis of normal proteins;<br \/>\n55 \u00b5g of s\u00e9l\u00e9nium, containing 100% of the AR*, and 10 mg of zinc, representing 100% of the AR*, which contributes to the normal functioning of the immunitary system;<br \/>\n100% of AR* and vitamins B2 and B3, which contribute to the maintenance of normal muscles and reduce fatigue;<br \/>\n100% of AR* and vitamins B5 that help reduce fatigue;<br \/>\n100% of AR* and vitamins B6, B9, B12, C, which contribute to normal functioning of the immune system and reduce fatigue;<br \/>\n100% of AR* and vitamins B8, which contribute to the maintenance of normal muscles;<br \/>\n100% of the AR* and natural vitamins D3, which contribute to the normal functioning of the immune system<br \/>\n100% of AR* and vitamins B1 and E naturelle.<br \/>\n*Apports de r\u00e9f\u00e9rence<br \/>\nCare4U\u00ae is a registered trademark of IFF or its affiliates and is used under license by Therascience.<br \/>\nMicrobiomeX\u00ae is a registered trademark of BIOACTOR B.V.<\/p>\n<p>The naturality of the formulas<\/p>\n<p>No products are developed with a high level of quality and effectiveness of the action!<\/p>\n<p>Choisissez the best with PHYSIOMANCE\u00ae Perm\u00e9a Gold, a natural form respecting the clean label THERASCIENCE\u00ae! Avec ce label, nous certifions des formulaes naturelles, du choix des actifs jusqu&#8217;aux excipients, sans colorant ni ar\u00f4me artificiel, sans aspartame, sans dioxyde de titane, sans OGM, sans nanoparticles, non irradi\u00e9, sans silice collo\u00efdale, sans conservateur, non test\u00e9 sur les animals et manufactured in Europe.<br \/>\nPar ailleurs, nous portons une attention toute particuli\u00e8re \u00e0 l&#8217;origin de nos extraits de plants, mushrooms et algues, \u00e0 leur qualit\u00e9 bact\u00e9riologique et \u00e0 l&#8217;efficacit\u00e9 de ces extraits. C&#8217;est pourquoi nous avons d\u00e9velopp\u00e9 le High Quality Process\u00ae, a proc\u00e9d\u00e9 d\u00e9pos\u00e9 by our Laboratoire qui garantit l&#8217;origine, the quality ainsi que l&#8217;efficacit\u00e9 de all extraits de plants, champignons et algues s\u00e9lectionn\u00e9s.<\/p>\n<p>Conseils d&#8217;utilisation<br \/>\n1 sachet per day avant l&#8217;un des principaux repas, pendant 15 days minimum.<br \/>\nVerse the powder in a shaker, add 200 ml of water and continue drinking.<\/p>\n<p>Precautions d&#8217;emploi:<\/p>\n<p>Reserve for adults.<br \/>\nSurveillance is necessary in cases of simultaneous medication.<br \/>\nLes complements are designed for other uses of other foods with the addition of 2\u2032-fucosyllactose and are consumed every day.<br \/>\nThe complements of alimentaires can be used in a variety of different modes of life and are used as substitutes for a variety of alimentary regimes and equilibrium. Ne pas d\u00e9passer les doses journali\u00e8res recommended. Tenir le product hors de port\u00e9e des youngen enfants.<\/p>\n<p>En cas d&#8217;association de plusieurs compl\u00e9ments alimentaires, demandez consultation \u00e0 votre professionalnel de sant\u00e9.<\/p>\n<p>Ingredients:<br \/>\nFiber d&#8217;acacia Fibrassentiel\u00ae (Acacia seyal), L-glutamine, ar\u00f4mes naturels, taurine, querc\u00e9tine, glyc\u00e9rophosphate de magn\u00e9sium, 2&#8217;Fucosyllactose Care4U\u00ae (lait), extraits de fruits d&#8217;orange (Citrus sinensis) et pamplemousse (Citrus x paradisi) MicrobiomeX\u00ae, extrait de r\u00e9sine Boswellia serrata, butyrate de sodium, L-thr\u00e9onine, N-acetylcyst\u00e9ine, acidifiant: acide citrique, m\u00e9lange d&#8217;enzymes (prot\u00e9ase, alpha amylase, lactase, cellulase, lipase), vitamins C (acide L-ascorbique), L-s\u00e9rine, \u00e9dulcorant: glycosides de st\u00e9viol issus de Stevia, bisglycinate de zinc, L-s\u00e9l\u00e9nomethioni<\/p>","protected":false},"excerpt":{"rendered":"<p>Compl\u00e9ment alimentaire with \u00e9dulcorant d&#8217;origine naturelle PHYSIOMANCE\u00ae Perm\u00e9a Gold is a formula \u00e9labor\u00e9e and development by our team of research and development. PHYSIOMANCE\u00ae Perm\u00e9a Gold has the ability to work on the research and development of a solution that is specially adapted to contribute to the normal functioning of the muqueuses and to produce a [&hellip;]<\/p>\n","protected":false},"featured_media":50013,"template":"","meta":{"_acf_changed":false,"footnotes":""},"product_brand":[],"product_cat":[953,948],"product_tag":[],"class_list":{"0":"post-50012","1":"product","2":"type-product","3":"status-publish","4":"has-post-thumbnail","6":"product_cat-complements-alimentaires","7":"product_cat-therascience-physionutrition","9":"first","10":"instock","11":"taxable","12":"shipping-taxable","13":"purchasable","14":"product-type-simple"},"acf":[],"_links":{"self":[{"href":"https:\/\/www.pharmacieonline.lu\/en\/wp-json\/wp\/v2\/product\/50012","targetHints":{"allow":["GET"]}}],"collection":[{"href":"https:\/\/www.pharmacieonline.lu\/en\/wp-json\/wp\/v2\/product"}],"about":[{"href":"https:\/\/www.pharmacieonline.lu\/en\/wp-json\/wp\/v2\/types\/product"}],"version-history":[{"count":0,"href":"https:\/\/www.pharmacieonline.lu\/en\/wp-json\/wp\/v2\/product\/50012\/revisions"}],"wp:featuredmedia":[{"embeddable":true,"href":"https:\/\/www.pharmacieonline.lu\/en\/wp-json\/wp\/v2\/media\/50013"}],"wp:attachment":[{"href":"https:\/\/www.pharmacieonline.lu\/en\/wp-json\/wp\/v2\/media?parent=50012"}],"wp:term":[{"taxonomy":"product_brand","embeddable":true,"href":"https:\/\/www.pharmacieonline.lu\/en\/wp-json\/wp\/v2\/product_brand?post=50012"},{"taxonomy":"product_cat","embeddable":true,"href":"https:\/\/www.pharmacieonline.lu\/en\/wp-json\/wp\/v2\/product_cat?post=50012"},{"taxonomy":"product_tag","embeddable":true,"href":"https:\/\/www.pharmacieonline.lu\/en\/wp-json\/wp\/v2\/product_tag?post=50012"}],"curies":[{"name":"wp","href":"https:\/\/api.w.org\/{rel}","templated":true}]}}