{"id":50015,"date":"2025-04-25T18:10:32","date_gmt":"2025-04-25T16:10:32","guid":{"rendered":"https:\/\/www.pharmacieonline.lu\/?post_type=product&#038;p=50015"},"modified":"2026-04-10T04:25:24","modified_gmt":"2026-04-10T02:25:24","slug":"physiomance-rgo-60cpr","status":"publish","type":"product","link":"https:\/\/www.pharmacieonline.lu\/en\/produit\/physiomance-rgo-60cpr\/","title":{"rendered":"PHYSIOMANCE RGO 60CPR"},"content":{"rendered":"<p>Compl\u00e9ment alimentaire with \u00e9dulcorant d&#8217;origine naturelle<\/p>\n<p>PHYSIOMANCE RGO apporte, pour 6 compresses \u00e0 croquer:<\/p>\n<p>1,500 mg of lithothamne powder titr\u00e9e \u00e0 450 mg of calcium which contributes to the normal functioning of the digestive enzymes;<br \/>\n450 mg of extra camomille to help with the gastrointestinal symptoms.<br \/>\nPHYSIOMANCE RGO is present in the form of compresses in a croquer.<\/p>\n<p>PHYSIOMANCE RGO is ideal for nutritional accompaniment in cases of gastroesophageal reflux, lower sphincter dysfunction of the esophagus, remontant acids, etc.<\/p>\n<p>Pourquoi chooser PHYSIOMANCE RGO du Laboratoire THERASCIENCE?<\/p>\n<p>Pour a complete formula associant 1,500 mg of powder de lithothamne and 450 mg of extrait de camomille anglaise.<br \/>\nPour sa presentation sous forme de comprim\u00e9s \u00e0 croquer pour une rapidit\u00e9 d\u2019action et une facilit\u00e9 d\u2019utilisation.<br \/>\nLe saviez-vous?<\/p>\n<p>Les reflux gastro-esophagiens (RGO) sont dus au dysfunctionnement du sphincter \u0153sophagienf\u00e9rieur (SOI). En effet, la mauvaise fermeture de ce sphincter est responsable de la remont\u00e9e du suc gastrique vers l&#8217;\u0153sophage, qui se trouve alors expose \u00e0 l&#8217;acidit\u00e9 du liquide gastrique mais \u00e9galement \u00e0 de nombreuses enzymes telles que la pepsine, celle-ci \u00e9tant impliqu\u00e9e in the degradation of proteins. These remont\u00e9es gastriques provoke a sensation of desagr\u00e9able de \u201cbr\u00fblure d\u2019estomac\u201d. To solve the problem, the association of alginate, lithothamne and camouflage matrix assures the creation of a barrier limiting the reflux; It reduces the acidity of the gastric and oesophageal levels, and inhibits the pepsine action by executing an anti-inflammation action to protect the esophagus.<\/p>\n<p>Conseils d&#8217;utilisation<br \/>\n2 compressions \u00e0 croquer apr\u00e8s les deux principaux repas et 2 compressions \u00e0 croquer au coucher si besoin, within 10 days minimum. \u00c0 renouveler si besoin.<\/p>\n<p>Precautions d&#8217;emploi:<\/p>\n<p>Prendre de pref\u00e9rence \u00e0 distance de m\u00e9dicaments (2 hours). An excessive consumption can avoid the effects of laxation.<\/p>\n<p>The complements of alimentaires can be used in the cadre of a different mode of life and are also used as substitutes for a variety of alimentary regimes and equilibrium. Ne pas d\u00e9passer les doses journali\u00e8res recommended. Tenir le product hors de port\u00e9e des youngen enfants. En cas d&#8217;association de plusieurs compl\u00e9ments alimentaires, demandez consultation \u00e0 votre professionalnel de sant\u00e9.<\/p>\n<p>Ingredients:<br \/>\nAgent de charge: sorbitol, powder de lithothamne, agent de texture: alginate de sodium, extrait de fleur de camomille allerande, aroma natural menthe, anti-agglom\u00e9rant: acidic grass, \u00e9dulcorant: glycosides de st\u00e9viol issus de Stevia.<br \/>\nPoids net: 50.4 g<br \/>\nNutritional analysis:<br \/>\nPour 6 compresses %AR*<br \/>\nPoudre de lithothamne 1,500.0 mg<br \/>\ndont calcium 450.0 mg 56<br \/>\nExtrait de camomille anglais 450.0 mg<\/p>","protected":false},"excerpt":{"rendered":"<p>Compl\u00e9ment alimentaire with \u00e9dulcorant d&#8217;origine naturelle PHYSIOMANCE RGO apporte, pour 6 compresses \u00e0 croquer: 1,500 mg of lithothamne powder titr\u00e9e \u00e0 450 mg of calcium which contributes to the normal functioning of the digestive enzymes; 450 mg of extra camomille to help with the gastrointestinal symptoms. PHYSIOMANCE RGO is present in the form of compresses [&hellip;]<\/p>\n","protected":false},"featured_media":50016,"template":"","meta":{"_acf_changed":false,"footnotes":""},"product_brand":[],"product_cat":[953,948],"product_tag":[],"class_list":{"0":"post-50015","1":"product","2":"type-product","3":"status-publish","4":"has-post-thumbnail","6":"product_cat-complements-alimentaires","7":"product_cat-therascience-physionutrition","9":"first","10":"instock","11":"taxable","12":"shipping-taxable","13":"purchasable","14":"product-type-simple"},"acf":[],"_links":{"self":[{"href":"https:\/\/www.pharmacieonline.lu\/en\/wp-json\/wp\/v2\/product\/50015","targetHints":{"allow":["GET"]}}],"collection":[{"href":"https:\/\/www.pharmacieonline.lu\/en\/wp-json\/wp\/v2\/product"}],"about":[{"href":"https:\/\/www.pharmacieonline.lu\/en\/wp-json\/wp\/v2\/types\/product"}],"version-history":[{"count":0,"href":"https:\/\/www.pharmacieonline.lu\/en\/wp-json\/wp\/v2\/product\/50015\/revisions"}],"wp:featuredmedia":[{"embeddable":true,"href":"https:\/\/www.pharmacieonline.lu\/en\/wp-json\/wp\/v2\/media\/50016"}],"wp:attachment":[{"href":"https:\/\/www.pharmacieonline.lu\/en\/wp-json\/wp\/v2\/media?parent=50015"}],"wp:term":[{"taxonomy":"product_brand","embeddable":true,"href":"https:\/\/www.pharmacieonline.lu\/en\/wp-json\/wp\/v2\/product_brand?post=50015"},{"taxonomy":"product_cat","embeddable":true,"href":"https:\/\/www.pharmacieonline.lu\/en\/wp-json\/wp\/v2\/product_cat?post=50015"},{"taxonomy":"product_tag","embeddable":true,"href":"https:\/\/www.pharmacieonline.lu\/en\/wp-json\/wp\/v2\/product_tag?post=50015"}],"curies":[{"name":"wp","href":"https:\/\/api.w.org\/{rel}","templated":true}]}}