{"id":52248,"date":"2025-09-22T14:31:59","date_gmt":"2025-09-22T12:31:59","guid":{"rendered":"https:\/\/www.pharmacieonline.lu\/?post_type=product&#038;p=52248"},"modified":"2026-04-03T09:55:12","modified_gmt":"2026-04-03T07:55:12","slug":"furterer-triphasic-activ-grow-shp-200ml-2","status":"publish","type":"product","link":"https:\/\/www.pharmacieonline.lu\/en\/produit\/furterer-triphasic-activ-grow-shp-200ml-2\/","title":{"rendered":"FURTERER TRIPHASIC ACTIV GROW SHP 200ML"},"content":{"rendered":"<p>Description general<br \/>\nPublic \/ Patient, Pharmacien, Docteur, Maison de repos, H\u00f4pital, Infirmi\u00e8re, Physioth\u00e9rapeute, webshop<br \/>\nThe shampooing activates the breath and stimulates the hair and hair. Sa mousse onctueuse et l\u00e9g\u00e8re prend soin du cuir chevelu. Sa concentration en actifs booster de croissance active la pousse de cheveux et favorise la pousse de cheveux plus longs, plus rapidement. Gr\u00e2ce \u00e0 ce shampooing pour la pousse des cheveux, les cheveux sont l\u00e9gers et brilliants.<\/p>\n<p>Usage<br \/>\nPublic \/ Patient, Pharmacien, Docteur, Maison de repos, H\u00f4pital, Infirmi\u00e8re, Physioth\u00e9rapeute, webshop<br \/>\nEmulsionner on cuir chevelu mouill\u00e9 and masser par mouvements circulaires, rincer.<\/p>\n<p>Composition<br \/>\nPublic \/ Patient, Pharmacien, Docteur, Maison de repos, H\u00f4pital, Infirmi\u00e8re, Physioth\u00e9rapeute, webshop<br \/>\nWATER (AQUA)*. LAURYL GLUCOSIDE*. SODIUM COCOYL ALANINATE*. COCO BETAINS. COCO GLUCOSIDE*. 1,2-HEXANEDIOL. ARGININE HCL*. BENZOIC ACID. BIOTIN. CAMPHORE*. CARAMEL*. CELLULOSE*. CELLULOSE GUM*. CITRIC ACID*. FRAGRANCE (PERFUME)*. GLYCERIN*. GLYCOL DISTEARATE*. GREEN 3 (CI 42053). HEXYL CINNAMAL*. HYDROXYPROPYL GUAR HYDROXYPROPYLTRIMONIUM CHLORIDE. LINALYL ACETATE*. OLETH-10. PINENE*. PROPANEDIOL*. PROPOLIS EXTRACT**. ROSMARINUS OFFICINALIS (ROSEMARY) LEAF OIL (ROSMARINUS OFFICINALIS LEAF OIL)*. SODIUM BENZOATE. SODIUM CITRATE*. TOCOPHEROL<\/p>\n<p>Propriet\u00e9s<br \/>\nPublic \/ Patient, Pharmacien, Docteur, Maison de repos, H\u00f4pital, Infirmi\u00e8re, Physioth\u00e9rapeute, webshop<br \/>\n\u2022FAVORISE LA POUSSE: this shampooing for the pousse of the cheveux stimulates the skin of the cheveux of the racine and makes the cheveux plus vite \u2022 CHEVEUX PLUS LONGS ET BRILLANTS: enriches with vitamins B8 and propolis, booster of k\u00e9ratine, the cheveux sont renforc\u00e9s et poussent plus vite \u2022 FORMULE L\u00c9G\u00c8RE: a shampooing pour la pousse des cheveux \u00e0 la mousse onctueuse, sans silicone et sans sulfate<\/p>","protected":false},"excerpt":{"rendered":"<p>Description general Public \/ Patient, Pharmacien, Docteur, Maison de repos, H\u00f4pital, Infirmi\u00e8re, Physioth\u00e9rapeute, webshop The shampooing activates the breath and stimulates the hair and hair. Sa mousse onctueuse et l\u00e9g\u00e8re prend soin du cuir chevelu. Sa concentration en actifs booster de croissance active la pousse de cheveux et favorise la pousse de cheveux plus longs, [&hellip;]<\/p>\n","protected":false},"featured_media":52252,"template":"","meta":{"_acf_changed":false,"footnotes":""},"product_brand":[],"product_cat":[756],"product_tag":[],"class_list":{"0":"post-52248","1":"product","2":"type-product","3":"status-publish","4":"has-post-thumbnail","6":"product_cat-shampoing-cheveux","8":"first","9":"instock","10":"taxable","11":"shipping-taxable","12":"purchasable","13":"product-type-simple"},"acf":[],"_links":{"self":[{"href":"https:\/\/www.pharmacieonline.lu\/en\/wp-json\/wp\/v2\/product\/52248","targetHints":{"allow":["GET"]}}],"collection":[{"href":"https:\/\/www.pharmacieonline.lu\/en\/wp-json\/wp\/v2\/product"}],"about":[{"href":"https:\/\/www.pharmacieonline.lu\/en\/wp-json\/wp\/v2\/types\/product"}],"version-history":[{"count":0,"href":"https:\/\/www.pharmacieonline.lu\/en\/wp-json\/wp\/v2\/product\/52248\/revisions"}],"wp:featuredmedia":[{"embeddable":true,"href":"https:\/\/www.pharmacieonline.lu\/en\/wp-json\/wp\/v2\/media\/52252"}],"wp:attachment":[{"href":"https:\/\/www.pharmacieonline.lu\/en\/wp-json\/wp\/v2\/media?parent=52248"}],"wp:term":[{"taxonomy":"product_brand","embeddable":true,"href":"https:\/\/www.pharmacieonline.lu\/en\/wp-json\/wp\/v2\/product_brand?post=52248"},{"taxonomy":"product_cat","embeddable":true,"href":"https:\/\/www.pharmacieonline.lu\/en\/wp-json\/wp\/v2\/product_cat?post=52248"},{"taxonomy":"product_tag","embeddable":true,"href":"https:\/\/www.pharmacieonline.lu\/en\/wp-json\/wp\/v2\/product_tag?post=52248"}],"curies":[{"name":"wp","href":"https:\/\/api.w.org\/{rel}","templated":true}]}}