{"id":52280,"date":"2025-09-22T14:48:13","date_gmt":"2025-09-22T12:48:13","guid":{"rendered":"https:\/\/www.pharmacieonline.lu\/?post_type=product&#038;p=52280"},"modified":"2026-04-06T01:55:08","modified_gmt":"2026-04-05T23:55:08","slug":"uriage-ds-hair-shamp-keratireduct-t150ml","status":"publish","type":"product","link":"https:\/\/www.pharmacieonline.lu\/en\/produit\/uriage-ds-hair-shamp-keratireduct-t150ml\/","title":{"rendered":"URIAGE DS HAIR SHAMP KERATIREDUCT T150ML"},"content":{"rendered":"<p>Innovation DS HAIR: the premiere of shampooings in the thermal water of the French Alps. The shampooing r\u00e9ducteur de k\u00e9ratine \u00e9limine les squames s\u00e8ches et grasses et an effet exfoliant. The purification of the skin of the chevelu, soulage les d\u00e9mangeaisons et redonne souplesse, beaut\u00e9 and brilliance aux cheveux. Extras: a sensual texture.<\/p>\n<p>Action calmante: The technology brevet\u00e9e TLR2-Regul, the thermal water of Uriage and the Edelweiss agissent chacun de mani\u00e8re sp\u00e9cifique pour apaiser and protect the cuir chevelu.<\/p>\n<p>Action k\u00e9rator\u00e9gulatrice: Extra efficace gr\u00e2ce \u00e0 l&#8217;acide salicylique qui exfoliate les squames.<\/p>\n<p>Action purifiante: La formule \u00e0 base de piroctone olamine et de lactate de zinc aide \u00e0 contr\u00f4ler la proliferation des Malassezia (micro-organismes qui aggravent les pellicules).<\/p>\n<p>Indication<\/p>\n<p>Shampooing antipellicular. Cuir chevelu grass et sec.<\/p>\n<p>Usage<\/p>\n<p>Appliquez une ou deux fois par semaine sur les cheveux mouill\u00e9s, du front \u00e0 la nuque. Faites mousser and massezz doucement the cuir chevelu. Laissez agir pendant 2 \u00e0 3 minutes et rincez abondamment.<\/p>\n<p>You can also use the DS HAIR MILD shampoo. For best results, use and complement the LOTION CAPILLAIRE DS CONTRE LES FRAGMENTS. \u00c9vitez tout contact avec les yeux.<\/p>\n<p>Composition<\/p>\n<p>AQUA (WATER, EAU) \u25cf SODIUM LAURETH SULFATE \u25cf SODIUM COCOYL GLUTAMATE \u25cf COCAMIDOPROPYL BETAINE \u25cf DECYL GLUCOSIDE \u25cf PARFUM (FRAGRANCE) \u25cf BUTYLENE GLYCOL \u25cf SALICYLIC ACID \u25cf PEG-4 DISTEARYL ETHER \u25cf PIROCTONE OLAMINE \u25cf COCO-GLUCOSIDE \u25cf GLYCERYL OLEATE \u25cf ZINC LACTATE \u25cf POLYQUATERNIUM-22 \u25cf SODIUM CHLORIDE \u25cf POLYACRYLATE CROSSPOLYMER-6 \u25cf LAURETH-2 \u25cf PEG\/PPG-120\/10 TRIMETHYLOLPROPANE TRIOLEATE \u25cf ISOSTEARAMIDE MIPA \u25cf DISTEARYL ETHER \u25cf GLYCERIN \u25cf DICAPRYLYL ETHER \u25cf GLYCERYL LAURATE \u25cf COCONUT ACID \u25cf SODIUM HYDROXIDE \u25cf SODIUM BENZOATE \u25cf CITRIC ACID \u25cf HIBISCUS SABDARIFFA FLOWER EXTRACT \u25cf PHYTOSPHINGOSINE \u25cf t-BUTYL ALCOHOL \u25cf ALCOHOL \u25cf LEONTOPODIUM ALPINUM FLOWER\/LEAF EXTRACT \u25cf ASIATICOSIDE \u25cf POTASSIUM SORBATE<\/p>","protected":false},"excerpt":{"rendered":"<p>Innovation DS HAIR: the premiere of shampooings in the thermal water of the French Alps. The shampooing r\u00e9ducteur de k\u00e9ratine \u00e9limine les squames s\u00e8ches et grasses et an effet exfoliant. The purification of the skin of the chevelu, soulage les d\u00e9mangeaisons et redonne souplesse, beaut\u00e9 and brilliance aux cheveux. Extras: a sensual texture. Action calmante: [&hellip;]<\/p>\n","protected":false},"featured_media":52282,"template":"","meta":{"_acf_changed":false,"footnotes":""},"product_brand":[],"product_cat":[756],"product_tag":[],"class_list":{"0":"post-52280","1":"product","2":"type-product","3":"status-publish","4":"has-post-thumbnail","6":"product_cat-shampoing-cheveux","8":"first","9":"instock","10":"taxable","11":"shipping-taxable","12":"purchasable","13":"product-type-simple"},"acf":[],"_links":{"self":[{"href":"https:\/\/www.pharmacieonline.lu\/en\/wp-json\/wp\/v2\/product\/52280","targetHints":{"allow":["GET"]}}],"collection":[{"href":"https:\/\/www.pharmacieonline.lu\/en\/wp-json\/wp\/v2\/product"}],"about":[{"href":"https:\/\/www.pharmacieonline.lu\/en\/wp-json\/wp\/v2\/types\/product"}],"version-history":[{"count":0,"href":"https:\/\/www.pharmacieonline.lu\/en\/wp-json\/wp\/v2\/product\/52280\/revisions"}],"wp:featuredmedia":[{"embeddable":true,"href":"https:\/\/www.pharmacieonline.lu\/en\/wp-json\/wp\/v2\/media\/52282"}],"wp:attachment":[{"href":"https:\/\/www.pharmacieonline.lu\/en\/wp-json\/wp\/v2\/media?parent=52280"}],"wp:term":[{"taxonomy":"product_brand","embeddable":true,"href":"https:\/\/www.pharmacieonline.lu\/en\/wp-json\/wp\/v2\/product_brand?post=52280"},{"taxonomy":"product_cat","embeddable":true,"href":"https:\/\/www.pharmacieonline.lu\/en\/wp-json\/wp\/v2\/product_cat?post=52280"},{"taxonomy":"product_tag","embeddable":true,"href":"https:\/\/www.pharmacieonline.lu\/en\/wp-json\/wp\/v2\/product_tag?post=52280"}],"curies":[{"name":"wp","href":"https:\/\/api.w.org\/{rel}","templated":true}]}}