{"id":53046,"date":"2025-10-29T14:59:43","date_gmt":"2025-10-29T13:59:43","guid":{"rendered":"https:\/\/www.pharmacieonline.lu\/?post_type=product&#038;p=53046"},"modified":"2026-04-04T07:55:10","modified_gmt":"2026-04-04T05:55:10","slug":"ducray-keracnyl-pp-creme-30ml-2","status":"publish","type":"product","link":"https:\/\/www.pharmacieonline.lu\/en\/produit\/ducray-keracnyl-pp-creme-30ml-2\/","title":{"rendered":"DUCRAY KERACNYL PP+ CREME 30ML"},"content":{"rendered":"<p>Usage<br \/>\nPublic \/ Patient, Pharmacien, Docteur, Maison de repos, H\u00f4pital, Infirmi\u00e8re, Physioth\u00e9rapeute, webshop<br \/>\n1 to 2 fois per day on a peau prealablement nettoy\u00e9e with KERACNYL Gel Moussant. It can be used or associated with a local medical treatment. NON-COMEDOGENE. Elaborate to minimize the risk of allergy reactions. Eviter le contact with the eyes.<\/p>\n<p>Composition<br \/>\nPublic \/ Patient, Pharmacien, Docteur, Maison de repos, H\u00f4pital, Infirmi\u00e8re, Physioth\u00e9rapeute, webshop<br \/>\nWATER (AQUA). CAPRYLIC\/CAPRIC TRIGLYCERIDES. CETEARYL ALCOHOL. ISOHEXADECANE. NIACINAMIDE. PENTYLENE GLYCOL. BUTYLENE GLYCOL. GLYCERIN. OCTYLDODECANOL. ORYZA SATIVA (RICE) STARCH (ORYZA SATIVA STARCH). POLYMETHYL METHACRYLATES. BENZOIC ACID. BUTYROSPERMUM PARKII (SHEA) BUTTER (BUTYROSPERMUM PARKII BUTTER). CETEARYL GLUCOSIDE. DICAPRYLYL CARBONATE. DISODIUM PHOSPHATE. GLYCERYL LAURATE. MYRTUS COMMUNIS LEAF EXTRACT. POLYACRYLATES-13. POLYISOBUTENE. POLYSORBATES 20. POTASSIUM PHOSPHATES. SODIUM CETEARYL SULFATE. SODIUM HYDROXIDE. SORBITAN ISOSTEARATE. STEARYL GLYCYRRHETINATE. TOCOPHEROL. TRIPTERYGIUM WILFORDII CALLUS EXTRACT. XANTHAN GUM<\/p>\n<p>Propriet\u00e9s<br \/>\nPublic \/ Patient, Pharmacien, Docteur, Maison de repos, H\u00f4pital, Infirmi\u00e8re, Physioth\u00e9rapeute, webshop<br \/>\n\u2022 Agit sur les boutons: r\u00e9\u00e9quilibre the flore bact\u00e9rienne and diminue les rougeurs.<\/p>\n<p>\u2022 Contribute to limit les marques r\u00e9siduelles.<\/p>\n<p>\u2022 Favor the disparition of the buttons during 7 days\u00b9. Remove the irritations from the first application of the anti-acne medication.<\/p>","protected":false},"excerpt":{"rendered":"<p>Usage Public \/ Patient, Pharmacien, Docteur, Maison de repos, H\u00f4pital, Infirmi\u00e8re, Physioth\u00e9rapeute, webshop 1 to 2 fois per day on a peau prealablement nettoy\u00e9e with KERACNYL Gel Moussant. It can be used or associated with a local medical treatment. NON-COMEDOGENE. Elaborate to minimize the risk of allergy reactions. Eviter le contact with the eyes. Composition [&hellip;]<\/p>\n","protected":false},"featured_media":53050,"template":"","meta":{"_acf_changed":false,"footnotes":""},"product_brand":[],"product_cat":[756,53],"product_tag":[],"class_list":{"0":"post-53046","1":"product","2":"type-product","3":"status-publish","4":"has-post-thumbnail","6":"product_cat-shampoing-cheveux","7":"product_cat-cheveux","9":"first","10":"instock","11":"taxable","12":"shipping-taxable","13":"purchasable","14":"product-type-simple"},"acf":[],"_links":{"self":[{"href":"https:\/\/www.pharmacieonline.lu\/en\/wp-json\/wp\/v2\/product\/53046","targetHints":{"allow":["GET"]}}],"collection":[{"href":"https:\/\/www.pharmacieonline.lu\/en\/wp-json\/wp\/v2\/product"}],"about":[{"href":"https:\/\/www.pharmacieonline.lu\/en\/wp-json\/wp\/v2\/types\/product"}],"version-history":[{"count":0,"href":"https:\/\/www.pharmacieonline.lu\/en\/wp-json\/wp\/v2\/product\/53046\/revisions"}],"wp:featuredmedia":[{"embeddable":true,"href":"https:\/\/www.pharmacieonline.lu\/en\/wp-json\/wp\/v2\/media\/53050"}],"wp:attachment":[{"href":"https:\/\/www.pharmacieonline.lu\/en\/wp-json\/wp\/v2\/media?parent=53046"}],"wp:term":[{"taxonomy":"product_brand","embeddable":true,"href":"https:\/\/www.pharmacieonline.lu\/en\/wp-json\/wp\/v2\/product_brand?post=53046"},{"taxonomy":"product_cat","embeddable":true,"href":"https:\/\/www.pharmacieonline.lu\/en\/wp-json\/wp\/v2\/product_cat?post=53046"},{"taxonomy":"product_tag","embeddable":true,"href":"https:\/\/www.pharmacieonline.lu\/en\/wp-json\/wp\/v2\/product_tag?post=53046"}],"curies":[{"name":"wp","href":"https:\/\/api.w.org\/{rel}","templated":true}]}}