{"id":5542,"date":"2020-12-17T18:23:43","date_gmt":"2020-12-17T17:23:43","guid":{"rendered":"https:\/\/www.pharmacieonline.lu\/?post_type=product&#038;p=5542"},"modified":"2026-04-08T01:55:28","modified_gmt":"2026-04-07T23:55:28","slug":"pranarom-aromafo-sol-def-nat-bio-nf-30ml","status":"publish","type":"product","link":"https:\/\/www.pharmacieonline.lu\/en\/produit\/pranarom-aromafo-sol-def-nat-bio-nf-30ml\/","title":{"rendered":"PRANAROM AROMAFO SOL DEF NAT BIO NF 30ML"},"content":{"rendered":"<p>Solution<\/p>\n<p>Natural defenses<\/p>\n<p>ORGANIC<\/p>\n<p>Mini to always have it with you.<\/p>\n<p>&nbsp;<\/p>\n<p>Solution 100% organic essential oils for preserved immunity.<\/p>\n<p>Multi-use, it can be used<\/p>\n<p>&#8211; orally &#8211; by friction &#8211; by diffusion &#8211; by inhalation.<\/p>\n<p>Use<\/p>\n<p>Advice: To ingest on a neutral support:<\/p>\n<p>From 6 to 12 years old: 1 drop, 2x \/ day<\/p>\n<p>12-18 years: 2 drops, 2x \/ day<\/p>\n<p>Adults: 2 drops, 3x \/ day<\/p>\n<p>Composition<\/p>\n<p>Composition: 100% organic essential oils *: Super lavandin, Ho wood, Radiated Eucalyptus, Niaouli, Rosemary, Globular Eucalyptus, Ravintsara, Peppermint, Clove, Tea-tree<\/p>","protected":false},"excerpt":{"rendered":"<p class=\"qtranxs-available-languages-message qtranxs-available-languages-message-en\">\n<div id=\"product-description-short-33020\" class=\"product-description-small h5\">\n<div>Contient de l\u2019huile essentielle d\u2019Eucalyptus globulus pour le maintien des d\u00e9fenses naturelles<\/div>\n<\/div>\n<div id=\"product-description-33020\" class=\"product-description\">\n<div>Solution 100% huiles essentielles BIO pour une immunit\u00e9 pr\u00e9serv\u00e9e.<br \/>\nMulti-usage, elle peut \u00eatre utilis\u00e9e :<br \/>\n&#8211; par voie orale &#8211; en friction &#8211; en diffusion &#8211; en inhalation.D\u00e9sinfectant pour les mains<br \/>\nQuelques gouttes dans votre gel lavant pour les mains.<\/p>\n<p>Renforcer votre immunit\u00e9<br \/>\nen friction locale : 3 \u00e0 5 gouttes sur le thorax et le dos, 2 \u00e0 4 fois par jour.<\/p>\n<p>Assainir l&#8217;air<br \/>\nquelques gouttes dans un diffuseur pour profiter des bienfaits des huiles essentielles.<\/p>\n<\/div>\n<\/div>\n<div>\n<h5>Posologie<\/h5>\n<div class=\"product-dosage\">A ing\u00e9rer sur un support neutre. A partir de<br \/>\n7 ans : jusqu\u2019\u00e0 5 gouttes \u00e0 r\u00e9partir sur la journ\u00e9e.<br \/>\nA partir de 12 ans : jusqu\u2019\u00e0 8 gouttes \u00e0 r\u00e9partir sur la journ\u00e9e. A partir de 18 ans?: jusqu\u2019\u00e0 13 gouttes<br \/>\n\u00e0 r\u00e9partir sur la journ\u00e9e. 14 jours maximum.<\/div>\n<\/div>\n","protected":false},"featured_media":5571,"template":"","meta":{"_acf_changed":false,"footnotes":""},"product_brand":[],"product_cat":[42,953,79],"product_tag":[],"class_list":{"0":"post-5542","1":"product","2":"type-product","3":"status-publish","4":"has-post-thumbnail","6":"product_cat-para-pharmacie","7":"product_cat-complements-alimentaires","8":"product_cat-aromatherapie","10":"first","11":"instock","12":"taxable","13":"shipping-taxable","14":"purchasable","15":"product-type-simple"},"acf":[],"_links":{"self":[{"href":"https:\/\/www.pharmacieonline.lu\/en\/wp-json\/wp\/v2\/product\/5542","targetHints":{"allow":["GET"]}}],"collection":[{"href":"https:\/\/www.pharmacieonline.lu\/en\/wp-json\/wp\/v2\/product"}],"about":[{"href":"https:\/\/www.pharmacieonline.lu\/en\/wp-json\/wp\/v2\/types\/product"}],"version-history":[{"count":0,"href":"https:\/\/www.pharmacieonline.lu\/en\/wp-json\/wp\/v2\/product\/5542\/revisions"}],"wp:featuredmedia":[{"embeddable":true,"href":"https:\/\/www.pharmacieonline.lu\/en\/wp-json\/wp\/v2\/media\/5571"}],"wp:attachment":[{"href":"https:\/\/www.pharmacieonline.lu\/en\/wp-json\/wp\/v2\/media?parent=5542"}],"wp:term":[{"taxonomy":"product_brand","embeddable":true,"href":"https:\/\/www.pharmacieonline.lu\/en\/wp-json\/wp\/v2\/product_brand?post=5542"},{"taxonomy":"product_cat","embeddable":true,"href":"https:\/\/www.pharmacieonline.lu\/en\/wp-json\/wp\/v2\/product_cat?post=5542"},{"taxonomy":"product_tag","embeddable":true,"href":"https:\/\/www.pharmacieonline.lu\/en\/wp-json\/wp\/v2\/product_tag?post=5542"}],"curies":[{"name":"wp","href":"https:\/\/api.w.org\/{rel}","templated":true}]}}