{"id":55559,"date":"2026-04-02T18:09:21","date_gmt":"2026-04-02T16:09:21","guid":{"rendered":"https:\/\/www.pharmacieonline.lu\/?post_type=product&#038;p=55559"},"modified":"2026-04-05T11:55:04","modified_gmt":"2026-04-05T09:55:04","slug":"profender-spot-on-grand-chat-4-pip-vet","status":"publish","type":"product","link":"https:\/\/www.pharmacieonline.lu\/en\/produit\/profender-spot-on-grand-chat-4-pip-vet\/","title":{"rendered":"PROFENDER SPOT-ON GRAND CHAT 4 PIP VET"},"content":{"rendered":"<p class=\"qtranxs-available-languages-message qtranxs-available-languages-message-en\"> <\/p><p><\/p>\n<div>\n<div class=\"flex flex-col gap-y-6\">\n<div>\n<ul class=\"mb-2 flex flex-wrap gap-2 !list-none !pl-0\">\n<li class=\"text-blue-green\">Chat<\/li>\n<\/ul>\n<div>\n<p>Pour les chats atteints ou expos\u00e9s au risque d\u2019infestations parasitaires mixtes caus\u00e9es par les vers ronds, les vers plats et les strongles respiratoires des esp\u00e8ces suivantes :<\/p>\n<p><strong>Vers ronds (n\u00e9matodes) :<\/strong><br \/>\n<i>Toxocara cati<\/i>\u00a0(stades adulte mature et immature et stades larvaires L3 et L4)<br \/>\n<i>Toxocara cati<\/i>\u00a0(stade larvaire L3) \u2013 traitement des femelles en fin de gestation en pr\u00e9vention d\u2019une transmission \u00e0 la port\u00e9e via l\u2019allaitement.<br \/>\n<i>Toxascaris leonina<\/i>\u00a0(stades adulte mature et immature et stade larvaire L4)<br \/>\n<i>Ancylostoma tubaeforme<\/i>\u00a0(stades adulte mature et immature et stade larvaire L4)<br \/>\n<strong>Vers plats (cestodes) :<\/strong><br \/>\n<i>Dipylidium caninum\u00a0<\/i>(stades adulte mature et immature)<br \/>\n<i>Taenia taeniaeformis<\/i>\u00a0(stade adulte)<br \/>\n<i>Echinococcus multilocularis<\/i>\u00a0(stade adulte)<br \/>\n<strong>Strongles respiratoires :<\/strong><br \/>\n<i>Aelurostrongylus abstrusus<\/i>\u00a0(stade adulte)<\/p>\n<\/div>\n<\/div>\n<\/div>\n<\/div>\n<div>\n<h3>Voie d&#8217;administration et posologie<\/h3>\n<div>\n<h4>Voie d&#8217;administration<\/h4>\n<ul class=\"mb-2 flex flex-wrap gap-2 !list-none !pl-0\">\n<li class=\"text-blue-green\">Spot-on<\/li>\n<\/ul>\n<\/div>\n<div>\n<h4>Posologie<\/h4>\n<ul class=\"!list-none !pl-0\">\n<li>\n<ul class=\"mb-2 flex flex-wrap gap-2 !list-none !pl-0\">\n<li class=\"text-blue-green\">Chat<\/li>\n<\/ul>\n<div>\n<p>Uniquement pour un usage externe.<\/p>\n<p>&nbsp;<\/p>\n<p><i><u>Sch\u00e9ma posologique<\/u><\/i><\/p>\n<p>Les doses minimales recommand\u00e9es sont de 3 mg d\u2019emodepside par kg de poids vif et 12 mg de praziquantel par kg de poids vif, soit 0,14 ml de m\u00e9dicament v\u00e9t\u00e9rinaire par kg de poids vif.<\/p>\n<p>&nbsp;<\/p>\n<figure class=\"table\">\n<table>\n<tbody>\n<tr>\n<td><strong>Poids du chat<\/strong><\/td>\n<td><strong>Taille de pipette \u00e0 utiliser<\/strong><\/td>\n<td><strong>Volume (ml)<\/strong><\/td>\n<td><strong>Emodepside (mg\/kg)<\/strong><\/td>\n<td><strong>Praziquantel (mg\/kg)<\/strong><\/td>\n<\/tr>\n<tr>\n<td>&gt;5 &#8211; 8<\/td>\n<td>Profender pour grands chats<\/td>\n<td>1,12 (1 pipette)<\/td>\n<td>3 &#8211; 4,8<\/td>\n<td>12 &#8211; 19,2<\/td>\n<\/tr>\n<\/tbody>\n<\/table>\n<\/figure>\n<p><i><u>Mode d\u2019administration<\/u><\/i><\/p>\n<p>Sortir une pipette de l\u2019emballage. Tenir la pipette en position verticale, tourner et tirer le capuchon. Utiliser le capuchon \u00e0 l\u2019envers pour visser et perforer l\u2019orifice de la pipette.<\/p>\n<p>Ecarter les poils du cou du chat, \u00e0 la base du cr\u00e2ne, de fa\u00e7on \u00e0 voir la peau. Placer l\u2019extr\u00e9mit\u00e9 de la pipette sur la peau et presser fermement plusieurs fois pour en vider le contenu directement sur la peau. L\u2019application \u00e0 la base du cou permettra de minimiser les possibilit\u00e9s de l\u00e9chage du produit par le chat.<\/p>\n<p>Un sous-dosage peut entrainer une inefficacit\u00e9 du m\u00e9dicament v\u00e9t\u00e9rinaire et favoriser le d\u00e9veloppement de r\u00e9sistances.<\/p>\n<p>Afin de garantir une posologie appropri\u00e9e, le poids vif doit \u00eatre d\u00e9termin\u00e9 aussi pr\u00e9cis\u00e9ment que possible. Si les animaux doivent \u00eatre trait\u00e9s collectivement, des groupes homog\u00e8nes doivent \u00eatre constitu\u00e9s et tous les animaux d&#8217;un groupe devront \u00eatre trait\u00e9s \u00e0 la dose correspondant au poids de l\u2019animal le plus lourd.<\/p>\n<\/div>\n<\/li>\n<\/ul>\n<\/div>\n<\/div>\n<p><\/p>","protected":false},"excerpt":{"rendered":"<p>Chat Pour les chats atteints ou expos\u00e9s au risque d\u2019infestations parasitaires mixtes caus\u00e9es par les vers ronds, les vers plats et les strongles respiratoires des esp\u00e8ces suivantes : Vers ronds (n\u00e9matodes) : Toxocara cati\u00a0(stades adulte mature et immature et stades larvaires L3 et L4) Toxocara cati\u00a0(stade larvaire L3) \u2013 traitement des femelles en fin de [&hellip;]<\/p>\n","protected":false},"featured_media":55562,"template":"","meta":{"_acf_changed":false,"footnotes":""},"product_brand":[],"product_cat":[150,154,15,46],"product_tag":[],"class_list":{"0":"post-55559","1":"product","2":"type-product","3":"status-publish","4":"has-post-thumbnail","6":"product_cat-chats","7":"product_cat-parasites","8":"product_cat-non-classe","9":"product_cat-veterinaire","11":"first","12":"instock","13":"taxable","14":"shipping-taxable","15":"purchasable","16":"product-type-simple"},"acf":[],"_links":{"self":[{"href":"https:\/\/www.pharmacieonline.lu\/en\/wp-json\/wp\/v2\/product\/55559","targetHints":{"allow":["GET"]}}],"collection":[{"href":"https:\/\/www.pharmacieonline.lu\/en\/wp-json\/wp\/v2\/product"}],"about":[{"href":"https:\/\/www.pharmacieonline.lu\/en\/wp-json\/wp\/v2\/types\/product"}],"version-history":[{"count":4,"href":"https:\/\/www.pharmacieonline.lu\/en\/wp-json\/wp\/v2\/product\/55559\/revisions"}],"predecessor-version":[{"id":55564,"href":"https:\/\/www.pharmacieonline.lu\/en\/wp-json\/wp\/v2\/product\/55559\/revisions\/55564"}],"wp:featuredmedia":[{"embeddable":true,"href":"https:\/\/www.pharmacieonline.lu\/en\/wp-json\/wp\/v2\/media\/55562"}],"wp:attachment":[{"href":"https:\/\/www.pharmacieonline.lu\/en\/wp-json\/wp\/v2\/media?parent=55559"}],"wp:term":[{"taxonomy":"product_brand","embeddable":true,"href":"https:\/\/www.pharmacieonline.lu\/en\/wp-json\/wp\/v2\/product_brand?post=55559"},{"taxonomy":"product_cat","embeddable":true,"href":"https:\/\/www.pharmacieonline.lu\/en\/wp-json\/wp\/v2\/product_cat?post=55559"},{"taxonomy":"product_tag","embeddable":true,"href":"https:\/\/www.pharmacieonline.lu\/en\/wp-json\/wp\/v2\/product_tag?post=55559"}],"curies":[{"name":"wp","href":"https:\/\/api.w.org\/{rel}","templated":true}]}}