{"id":55565,"date":"2026-04-02T18:11:04","date_gmt":"2026-04-02T16:11:04","guid":{"rendered":"https:\/\/www.pharmacieonline.lu\/?post_type=product&#038;p=55565"},"modified":"2026-04-05T11:55:03","modified_gmt":"2026-04-05T09:55:03","slug":"profender-spot-on-moyen-chat-4-pip-vet","status":"publish","type":"product","link":"https:\/\/www.pharmacieonline.lu\/en\/produit\/profender-spot-on-moyen-chat-4-pip-vet\/","title":{"rendered":"PROFENDER SPOT-ON MOYEN CHAT 4 PIP VET"},"content":{"rendered":"<p class=\"qtranxs-available-languages-message qtranxs-available-languages-message-en\"> <\/p><p><\/p>\n<h4>Usage<\/h4>\n<p>Administration par voie orale, chez les chiens \u00e0 partir de 12 semaines et pesant au moins 1 kg.<\/p>\n<p>Profender doit \u00eatre administr\u00e9 \u00e0 la dose minimale de 1 mg\/kg de poids vif d&#8217;Emodepside et 5 mg\/kg de poids vif de Praziquantel, selon le tableau de dosage ci-dessous :<\/p>\n<p>Un traitement d&#8217;une seule administration est efficace.<\/p>\n<p>Poids corporel (kg) Nombre de comprim\u00e9s de Profender petits chiens<\/p>\n<p>1 = 3 kg<br \/>\nchiens moyens<\/p>\n<p>1 = 10 kg grands chiens<\/p>\n<p>1 = 30 kg<\/p>\n<p>1 \u2013 1.5 \u00bd<\/p>\n<blockquote><p>1.5 \u2013 3 1<br \/>\n3 \u2013 4.5 1\u00bd<br \/>\n4.5 \u2013 6 2<br \/>\n6 \u2013 10 1<br \/>\n10 \u2013 15 1\u00bd<br \/>\n15 \u2013 20 2<br \/>\n20 \u2013 30 1 30 \u2013 45 1\u00bd 45 \u2013 60 2<\/p><\/blockquote>\n<p>Les comprim\u00e9s de Profender sont aromatis\u00e9s au boeuf, et habituellement les chiens les acceptent sans nourriture. Administrer uniquement \u00e0 des chiens \u00e0 jeun. Par exemple : Une nuit de je\u00fbne si le chien doit \u00eatre trait\u00e9 dans la matin\u00e9e. Aucune nourriture ne doit \u00eatre donn\u00e9e dans les 4 heures qui suivent l&#8217;administration du traitement.<\/p>","protected":false},"excerpt":{"rendered":"<p>Usage Administration par voie orale, chez les chiens \u00e0 partir de 12 semaines et pesant au moins 1 kg. Profender doit \u00eatre administr\u00e9 \u00e0 la dose minimale de 1 mg\/kg de poids vif d&#8217;Emodepside et 5 mg\/kg de poids vif de Praziquantel, selon le tableau de dosage ci-dessous : Un traitement d&#8217;une seule administration est [&hellip;]<\/p>\n","protected":false},"featured_media":55567,"template":"","meta":{"_acf_changed":false,"footnotes":""},"product_brand":[],"product_cat":[150,154,46],"product_tag":[],"class_list":{"0":"post-55565","1":"product","2":"type-product","3":"status-publish","4":"has-post-thumbnail","6":"product_cat-chats","7":"product_cat-parasites","8":"product_cat-veterinaire","10":"first","11":"outofstock","12":"taxable","13":"shipping-taxable","14":"purchasable","15":"product-type-simple"},"acf":[],"_links":{"self":[{"href":"https:\/\/www.pharmacieonline.lu\/en\/wp-json\/wp\/v2\/product\/55565","targetHints":{"allow":["GET"]}}],"collection":[{"href":"https:\/\/www.pharmacieonline.lu\/en\/wp-json\/wp\/v2\/product"}],"about":[{"href":"https:\/\/www.pharmacieonline.lu\/en\/wp-json\/wp\/v2\/types\/product"}],"version-history":[{"count":3,"href":"https:\/\/www.pharmacieonline.lu\/en\/wp-json\/wp\/v2\/product\/55565\/revisions"}],"predecessor-version":[{"id":55569,"href":"https:\/\/www.pharmacieonline.lu\/en\/wp-json\/wp\/v2\/product\/55565\/revisions\/55569"}],"wp:featuredmedia":[{"embeddable":true,"href":"https:\/\/www.pharmacieonline.lu\/en\/wp-json\/wp\/v2\/media\/55567"}],"wp:attachment":[{"href":"https:\/\/www.pharmacieonline.lu\/en\/wp-json\/wp\/v2\/media?parent=55565"}],"wp:term":[{"taxonomy":"product_brand","embeddable":true,"href":"https:\/\/www.pharmacieonline.lu\/en\/wp-json\/wp\/v2\/product_brand?post=55565"},{"taxonomy":"product_cat","embeddable":true,"href":"https:\/\/www.pharmacieonline.lu\/en\/wp-json\/wp\/v2\/product_cat?post=55565"},{"taxonomy":"product_tag","embeddable":true,"href":"https:\/\/www.pharmacieonline.lu\/en\/wp-json\/wp\/v2\/product_tag?post=55565"}],"curies":[{"name":"wp","href":"https:\/\/api.w.org\/{rel}","templated":true}]}}