{"id":55587,"date":"2026-04-03T13:54:57","date_gmt":"2026-04-03T11:54:57","guid":{"rendered":"https:\/\/www.pharmacieonline.lu\/?post_type=product&#038;p=55587"},"modified":"2026-04-03T14:56:35","modified_gmt":"2026-04-03T12:56:35","slug":"miloa-omega-sup-60-caps-vet","status":"publish","type":"product","link":"https:\/\/www.pharmacieonline.lu\/en\/produit\/miloa-omega-sup-60-caps-vet\/","title":{"rendered":"MILOA OMEGA SUP 60 CAPS VET"},"content":{"rendered":"<p class=\"qtranxs-available-languages-message qtranxs-available-languages-message-en\"> <\/p><p>Les Om\u00e9ga 3 sont des acides gras essentiels polyinsatur\u00e9s. Ils sont essentiels parce qu\u2019ils sont indispensables au bon fonctionnement de l\u2019organisme qui est incapable de les produire lui-m\u00eame. Par cons\u00e9quent, ils doivent \u00eatre apport\u00e9s par l\u2019alimentation.<\/p>\n<p>Les Om\u00e9ga 3 remplissent diff\u00e9rentes fonctions vitales dans l\u2019immunit\u00e9, l\u2019inflammation, la reproduction, la croissance, la sant\u00e9 de la peau et du poil, du c\u0153ur, des reins, des articulations etc\u2026 Ils sont n\u00e9cessaires depuis le d\u00e9veloppement f\u0153tal jusqu\u2019au vieillissement des animaux seniors.<\/p>\n<p>Les Om\u00e9ga 3 et les Om\u00e9ga 6 sont des pr\u00e9curseurs des m\u00e9diateurs de l\u2019inflammation et de l\u2019immunit\u00e9, les eicosano\u00efdes. Les Omega 3 sont anti-inflammatoires et les Om\u00e9ga 6 sont pro-inflammatoires. La chaine de production des Om\u00e9ga 6 utilise les m\u00eames enzymes que celle des Omega 3. Il a donc une comp\u00e9tition pour l\u2019utilisation des enzymes entre les Om\u00e9ga 3 et les Om\u00e9ga 6.<\/p>\n<p class=\"text-justify\">L\u2019EPA et le DHA sont essentiels pour les fonctions cutan\u00e9es, cardiaques, r\u00e9nales, articulaires, h\u00e9patiques, c\u00e9r\u00e9brales et immunitaires. L\u2019EPA et le DHA sont des constituants indispensables de toutes les membranes cellulaires. Ils interviennent dans les m\u00e9canismes de l\u2019inflammation en diminuant les m\u00e9diateurs pro-inflammatoires.<\/p>\n<ul class=\"list-unstyled prod-me mil_bold\">\n<li>Chiens et chats &lt; 10 kg :<span class=\"pull-right\">1 capsule\/j<\/span><\/li>\n<li>Chiens de 10 \u00e0 20 kg :<span class=\"pull-right\">2 capsules\/j<\/span><\/li>\n<li>Chiens de 20 \u00e0 30 kg :<span class=\"pull-right\">3 capsules\/j<\/span><\/li>\n<li>Chiens de plus de 30 kg :<span class=\"pull-right\">4 capsules\/j<\/span><\/li>\n<\/ul>\n<p class=\"text-justify\">La dur\u00e9e de suppl\u00e9mentation d\u2019Omega Supp\u2122 Miloa peut varier en fonction des besoins de votre animal.<\/p>\n<p><\/p>","protected":false},"excerpt":{"rendered":"<p>Les Om\u00e9ga 3 sont des acides gras essentiels polyinsatur\u00e9s. Ils sont essentiels parce qu\u2019ils sont indispensables au bon fonctionnement de l\u2019organisme qui est incapable de les produire lui-m\u00eame. Par cons\u00e9quent, ils doivent \u00eatre apport\u00e9s par l\u2019alimentation. Les Om\u00e9ga 3 remplissent diff\u00e9rentes fonctions vitales dans l\u2019immunit\u00e9, l\u2019inflammation, la reproduction, la croissance, la sant\u00e9 de la peau [&hellip;]<\/p>\n","protected":false},"featured_media":55588,"template":"","meta":{"_acf_changed":false,"footnotes":""},"product_brand":[],"product_cat":[151,150,46],"product_tag":[],"class_list":{"0":"post-55587","1":"product","2":"type-product","3":"status-publish","4":"has-post-thumbnail","6":"product_cat-chiens","7":"product_cat-chats","8":"product_cat-veterinaire","10":"first","11":"instock","12":"taxable","13":"shipping-taxable","14":"purchasable","15":"product-type-simple"},"acf":[],"_links":{"self":[{"href":"https:\/\/www.pharmacieonline.lu\/en\/wp-json\/wp\/v2\/product\/55587","targetHints":{"allow":["GET"]}}],"collection":[{"href":"https:\/\/www.pharmacieonline.lu\/en\/wp-json\/wp\/v2\/product"}],"about":[{"href":"https:\/\/www.pharmacieonline.lu\/en\/wp-json\/wp\/v2\/types\/product"}],"version-history":[{"count":1,"href":"https:\/\/www.pharmacieonline.lu\/en\/wp-json\/wp\/v2\/product\/55587\/revisions"}],"predecessor-version":[{"id":55589,"href":"https:\/\/www.pharmacieonline.lu\/en\/wp-json\/wp\/v2\/product\/55587\/revisions\/55589"}],"wp:featuredmedia":[{"embeddable":true,"href":"https:\/\/www.pharmacieonline.lu\/en\/wp-json\/wp\/v2\/media\/55588"}],"wp:attachment":[{"href":"https:\/\/www.pharmacieonline.lu\/en\/wp-json\/wp\/v2\/media?parent=55587"}],"wp:term":[{"taxonomy":"product_brand","embeddable":true,"href":"https:\/\/www.pharmacieonline.lu\/en\/wp-json\/wp\/v2\/product_brand?post=55587"},{"taxonomy":"product_cat","embeddable":true,"href":"https:\/\/www.pharmacieonline.lu\/en\/wp-json\/wp\/v2\/product_cat?post=55587"},{"taxonomy":"product_tag","embeddable":true,"href":"https:\/\/www.pharmacieonline.lu\/en\/wp-json\/wp\/v2\/product_tag?post=55587"}],"curies":[{"name":"wp","href":"https:\/\/api.w.org\/{rel}","templated":true}]}}