{"id":55600,"date":"2026-04-03T14:50:26","date_gmt":"2026-04-03T12:50:26","guid":{"rendered":"https:\/\/www.pharmacieonline.lu\/?post_type=product&#038;p=55600"},"modified":"2026-04-03T17:55:05","modified_gmt":"2026-04-03T15:55:05","slug":"miloa-cardio-supp-60-cpr-vet","status":"publish","type":"product","link":"https:\/\/www.pharmacieonline.lu\/en\/produit\/miloa-cardio-supp-60-cpr-vet\/","title":{"rendered":"MILOA CARDIO SUPP 60 CPR VET"},"content":{"rendered":"<p class=\"qtranxs-available-languages-message qtranxs-available-languages-message-en\"> <\/p><p>Cardio Supp des laboratoires Miloa est un aliment di\u00e9t\u00e9tique pour les chiens et les chats qui soutient la fonction cardiaque.<\/p>\n<div class=\"col-xs-12 clear\">\n<section class=\"page-product-box\">Cardio Supp\u2122 Miloa contribue au maintien d&#8217;une fonction cardiaque optimale. L&#8217;olivier, la taurine, les polyph\u00e9nols du th\u00e9 vert, le sophora japonica, la grenade et la coenzyme Q10 sont de puissants antioxydants qui capturent de nombreux radicaux libres.<\/section>\n<\/div>\n<div class=\"col-xs-12 clear\">\n<section class=\"page-product-box med-section indication\">\n<ul>\n<li>Chiens et chats &lt; 10 kg : 1\/2 comprim\u00e9\/jour<\/li>\n<li>Chiens de 10 \u00e0 20 kg : 1 comprim\u00e9\/jour<\/li>\n<li>Chiens de 20 \u00e0 30 kg : 2 comprim\u00e9s\/jour<\/li>\n<li>Chiens &gt; 30 kg : 3 comprim\u00e9s\/jour<\/li>\n<\/ul>\n<p>Cardio Supp\u2122 s&#8217;utilise en compl\u00e9ment d&#8217;une alimentation adapt\u00e9e. Les comprim\u00e9s sont savoureux et sont spontan\u00e9ment accept\u00e9s par la plupart des chiens et des chats. Ils peuvent \u00e9galement \u00eatre \u00e9cras\u00e9s et m\u00e9lang\u00e9s \u00e0 la nourriture.<\/p>\n<\/section>\n<\/div>\n<p><\/p>","protected":false},"excerpt":{"rendered":"<p>Cardio Supp des laboratoires Miloa est un aliment di\u00e9t\u00e9tique pour les chiens et les chats qui soutient la fonction cardiaque. Cardio Supp\u2122 Miloa contribue au maintien d&#8217;une fonction cardiaque optimale. L&#8217;olivier, la taurine, les polyph\u00e9nols du th\u00e9 vert, le sophora japonica, la grenade et la coenzyme Q10 sont de puissants antioxydants qui capturent de nombreux [&hellip;]<\/p>\n","protected":false},"featured_media":55602,"template":"","meta":{"_acf_changed":false,"footnotes":""},"product_brand":[],"product_cat":[151,150,46],"product_tag":[],"class_list":{"0":"post-55600","1":"product","2":"type-product","3":"status-publish","4":"has-post-thumbnail","6":"product_cat-chiens","7":"product_cat-chats","8":"product_cat-veterinaire","10":"first","11":"outofstock","12":"taxable","13":"shipping-taxable","14":"purchasable","15":"product-type-simple"},"acf":[],"_links":{"self":[{"href":"https:\/\/www.pharmacieonline.lu\/en\/wp-json\/wp\/v2\/product\/55600","targetHints":{"allow":["GET"]}}],"collection":[{"href":"https:\/\/www.pharmacieonline.lu\/en\/wp-json\/wp\/v2\/product"}],"about":[{"href":"https:\/\/www.pharmacieonline.lu\/en\/wp-json\/wp\/v2\/types\/product"}],"version-history":[{"count":2,"href":"https:\/\/www.pharmacieonline.lu\/en\/wp-json\/wp\/v2\/product\/55600\/revisions"}],"predecessor-version":[{"id":55604,"href":"https:\/\/www.pharmacieonline.lu\/en\/wp-json\/wp\/v2\/product\/55600\/revisions\/55604"}],"wp:featuredmedia":[{"embeddable":true,"href":"https:\/\/www.pharmacieonline.lu\/en\/wp-json\/wp\/v2\/media\/55602"}],"wp:attachment":[{"href":"https:\/\/www.pharmacieonline.lu\/en\/wp-json\/wp\/v2\/media?parent=55600"}],"wp:term":[{"taxonomy":"product_brand","embeddable":true,"href":"https:\/\/www.pharmacieonline.lu\/en\/wp-json\/wp\/v2\/product_brand?post=55600"},{"taxonomy":"product_cat","embeddable":true,"href":"https:\/\/www.pharmacieonline.lu\/en\/wp-json\/wp\/v2\/product_cat?post=55600"},{"taxonomy":"product_tag","embeddable":true,"href":"https:\/\/www.pharmacieonline.lu\/en\/wp-json\/wp\/v2\/product_tag?post=55600"}],"curies":[{"name":"wp","href":"https:\/\/api.w.org\/{rel}","templated":true}]}}