{"id":55617,"date":"2026-04-03T15:15:37","date_gmt":"2026-04-03T13:15:37","guid":{"rendered":"https:\/\/www.pharmacieonline.lu\/?post_type=product&#038;p=55617"},"modified":"2026-04-03T17:55:03","modified_gmt":"2026-04-03T15:55:03","slug":"miloa-anti-aging-60cpr-vet","status":"publish","type":"product","link":"https:\/\/www.pharmacieonline.lu\/en\/produit\/miloa-anti-aging-60cpr-vet\/","title":{"rendered":"MILOA ANTI AGING 60CPR VET"},"content":{"rendered":"<p class=\"qtranxs-available-languages-message qtranxs-available-languages-message-en\"> <\/p><p>Anti-Ageing\u00a0de chez Miloa est un\u00a0<strong>compl\u00e9ment alimentaire pour chien et chat pr\u00e9sentant des signes de vieillesse.<\/strong><\/p>\n<p>L\u2019ensemble des composants nutritionnels d\u2019Anti-Ageing optimalise le bien-\u00eatre des animaux pr\u00e9sentant des signes de vieillesse (d\u00e9sorientation, perte de m\u00e9moire et d\u2019\u00e9nergie), maintient les acquisitions psycho cognitives, soutient la m\u00e9moire et les capacit\u00e9s physiques.<br \/>\nLe cassis, la myrtille, le co-enzyme Q10 et la vitamine E sont de puissants antioxydants qui neutralisent les radicaux libres.<\/p>\n<p>Composition :\u00a0 Farine de poisson, Ribes nigrum (cassis), Panax ginseng (ginseng), Vaccinium myrtillus (myrtille), Ginseng quinquefolius, Ginkgo biloba (ginkgo), Melissa officinalis (m\u00e9lisse), Levure inactive riche en Coenzyme Q10.<\/p>\n<p>Additifs\u00a0 :\u00a0E306 (Vitamine E) : 10 430 UI\/kg<\/p>","protected":false},"excerpt":{"rendered":"<p>Anti-Ageing\u00a0de chez Miloa est un\u00a0compl\u00e9ment alimentaire pour chien et chat pr\u00e9sentant des signes de vieillesse. L\u2019ensemble des composants nutritionnels d\u2019Anti-Ageing optimalise le bien-\u00eatre des animaux pr\u00e9sentant des signes de vieillesse (d\u00e9sorientation, perte de m\u00e9moire et d\u2019\u00e9nergie), maintient les acquisitions psycho cognitives, soutient la m\u00e9moire et les capacit\u00e9s physiques. Le cassis, la myrtille, le co-enzyme Q10 [&hellip;]<\/p>\n","protected":false},"featured_media":55618,"template":"","meta":{"_acf_changed":false,"footnotes":""},"product_brand":[],"product_cat":[151,150,46],"product_tag":[],"class_list":{"0":"post-55617","1":"product","2":"type-product","3":"status-publish","4":"has-post-thumbnail","6":"product_cat-chiens","7":"product_cat-chats","8":"product_cat-veterinaire","10":"first","11":"outofstock","12":"taxable","13":"shipping-taxable","14":"purchasable","15":"product-type-simple"},"acf":[],"_links":{"self":[{"href":"https:\/\/www.pharmacieonline.lu\/en\/wp-json\/wp\/v2\/product\/55617","targetHints":{"allow":["GET"]}}],"collection":[{"href":"https:\/\/www.pharmacieonline.lu\/en\/wp-json\/wp\/v2\/product"}],"about":[{"href":"https:\/\/www.pharmacieonline.lu\/en\/wp-json\/wp\/v2\/types\/product"}],"version-history":[{"count":1,"href":"https:\/\/www.pharmacieonline.lu\/en\/wp-json\/wp\/v2\/product\/55617\/revisions"}],"predecessor-version":[{"id":55619,"href":"https:\/\/www.pharmacieonline.lu\/en\/wp-json\/wp\/v2\/product\/55617\/revisions\/55619"}],"wp:featuredmedia":[{"embeddable":true,"href":"https:\/\/www.pharmacieonline.lu\/en\/wp-json\/wp\/v2\/media\/55618"}],"wp:attachment":[{"href":"https:\/\/www.pharmacieonline.lu\/en\/wp-json\/wp\/v2\/media?parent=55617"}],"wp:term":[{"taxonomy":"product_brand","embeddable":true,"href":"https:\/\/www.pharmacieonline.lu\/en\/wp-json\/wp\/v2\/product_brand?post=55617"},{"taxonomy":"product_cat","embeddable":true,"href":"https:\/\/www.pharmacieonline.lu\/en\/wp-json\/wp\/v2\/product_cat?post=55617"},{"taxonomy":"product_tag","embeddable":true,"href":"https:\/\/www.pharmacieonline.lu\/en\/wp-json\/wp\/v2\/product_tag?post=55617"}],"curies":[{"name":"wp","href":"https:\/\/api.w.org\/{rel}","templated":true}]}}