{"id":55620,"date":"2026-04-03T15:50:14","date_gmt":"2026-04-03T13:50:14","guid":{"rendered":"https:\/\/www.pharmacieonline.lu\/?post_type=product&#038;p=55620"},"modified":"2026-04-03T15:50:14","modified_gmt":"2026-04-03T13:50:14","slug":"ipakitine-180-g-vet","status":"publish","type":"product","link":"https:\/\/www.pharmacieonline.lu\/en\/produit\/ipakitine-180-g-vet\/","title":{"rendered":"IPAKITINE 180 G VET"},"content":{"rendered":"<p class=\"qtranxs-available-languages-message qtranxs-available-languages-message-en\"> <\/p><p><strong>INDICATION\u00a0<\/strong><\/p>\n<p>Limiter l&#8217;absorption du phosphore et des toxines ur\u00e9miques chez les chiens et les chat atteint d&#8217; insuffisance r\u00e9nale chronique.<\/p>\n<p>&nbsp;<\/p>\n<p><strong>UTILISATION\u00a0<\/strong><\/p>\n<p>\u00c0 m\u00e9langer \u00e0 la nourriture. Dur\u00e9e d&#8217;utilisation recommand\u00e9e : initialement pendant 6 mois.<br \/>\nAvant utilisation ou prolongation de la dur\u00e9e d&#8217;utilisation, il est recommand\u00e9 de demander l&#8217;avis d&#8217;un v\u00e9t\u00e9rinaire.<\/p>\n<p>&nbsp;<\/p>\n<p><strong>DOSAGE\u00a0<\/strong><\/p>\n<p>1 g (1 cuill\u00e8re)\/5 kg, 2 fois par jour, \u00e0 m\u00e9langer \u00e0 la nourriture.<\/p>\n<p>&nbsp;<\/p>\n<p><strong>COMPOSITION\u00a0<\/strong><\/p>\n<table>\n<thead>\n<tr>\n<th>Nom du composant<\/th>\n<th>Quantit\u00e9 du composant<\/th>\n<\/tr>\n<\/thead>\n<tbody>\n<tr>\n<td class=\"font-semibold\">Lactose<\/td>\n<td>82 %<\/td>\n<\/tr>\n<tr>\n<td class=\"font-semibold\">Carbonate de calcium<\/td>\n<td>10 %<\/td>\n<\/tr>\n<tr>\n<td class=\"font-semibold\">Chitosan<\/td>\n<td>8 %<\/td>\n<\/tr>\n<tr>\n<td class=\"font-semibold\">Hydrolysat de soja<\/td>\n<td><\/td>\n<\/tr>\n<\/tbody>\n<\/table>\n<p><\/p>","protected":false},"excerpt":{"rendered":"<p>INDICATION\u00a0 Limiter l&#8217;absorption du phosphore et des toxines ur\u00e9miques chez les chiens et les chat atteint d&#8217; insuffisance r\u00e9nale chronique. &nbsp; UTILISATION\u00a0 \u00c0 m\u00e9langer \u00e0 la nourriture. Dur\u00e9e d&#8217;utilisation recommand\u00e9e : initialement pendant 6 mois. Avant utilisation ou prolongation de la dur\u00e9e d&#8217;utilisation, il est recommand\u00e9 de demander l&#8217;avis d&#8217;un v\u00e9t\u00e9rinaire. &nbsp; DOSAGE\u00a0 1 g [&hellip;]<\/p>\n","protected":false},"featured_media":55621,"template":"","meta":{"_acf_changed":false,"footnotes":""},"product_brand":[],"product_cat":[151,155,159,150,46],"product_tag":[],"class_list":{"0":"post-55620","1":"product","2":"type-product","3":"status-publish","4":"has-post-thumbnail","6":"product_cat-chiens","7":"product_cat-digestion","8":"product_cat-digestion-chiens","9":"product_cat-chats","10":"product_cat-veterinaire","12":"first","13":"instock","14":"taxable","15":"shipping-taxable","16":"product-type-simple"},"acf":[],"_links":{"self":[{"href":"https:\/\/www.pharmacieonline.lu\/en\/wp-json\/wp\/v2\/product\/55620","targetHints":{"allow":["GET"]}}],"collection":[{"href":"https:\/\/www.pharmacieonline.lu\/en\/wp-json\/wp\/v2\/product"}],"about":[{"href":"https:\/\/www.pharmacieonline.lu\/en\/wp-json\/wp\/v2\/types\/product"}],"version-history":[{"count":1,"href":"https:\/\/www.pharmacieonline.lu\/en\/wp-json\/wp\/v2\/product\/55620\/revisions"}],"predecessor-version":[{"id":55622,"href":"https:\/\/www.pharmacieonline.lu\/en\/wp-json\/wp\/v2\/product\/55620\/revisions\/55622"}],"wp:featuredmedia":[{"embeddable":true,"href":"https:\/\/www.pharmacieonline.lu\/en\/wp-json\/wp\/v2\/media\/55621"}],"wp:attachment":[{"href":"https:\/\/www.pharmacieonline.lu\/en\/wp-json\/wp\/v2\/media?parent=55620"}],"wp:term":[{"taxonomy":"product_brand","embeddable":true,"href":"https:\/\/www.pharmacieonline.lu\/en\/wp-json\/wp\/v2\/product_brand?post=55620"},{"taxonomy":"product_cat","embeddable":true,"href":"https:\/\/www.pharmacieonline.lu\/en\/wp-json\/wp\/v2\/product_cat?post=55620"},{"taxonomy":"product_tag","embeddable":true,"href":"https:\/\/www.pharmacieonline.lu\/en\/wp-json\/wp\/v2\/product_tag?post=55620"}],"curies":[{"name":"wp","href":"https:\/\/api.w.org\/{rel}","templated":true}]}}