{"id":55681,"date":"2026-04-09T16:47:09","date_gmt":"2026-04-09T14:47:09","guid":{"rendered":"https:\/\/www.pharmacieonline.lu\/?post_type=product&#038;p=55681"},"modified":"2026-04-15T03:55:12","modified_gmt":"2026-04-15T01:55:12","slug":"orozyme-rf2-stick-medium-a-214-vet","status":"publish","type":"product","link":"https:\/\/www.pharmacieonline.lu\/en\/produit\/orozyme-rf2-stick-medium-a-214-vet\/","title":{"rendered":"OROZYME RF2 STICK MEDIUM A 2*14 VET"},"content":{"rendered":"<p class=\"qtranxs-available-languages-message qtranxs-available-languages-message-en\"> <\/p><p>Aliment compl\u00e9mentiare pour reduire la plaque dentaire et la mauvaise haleine chez les chiens<\/p>\n<ul>\n<li>Pour l&#8217;hygi\u00e8ne dentaire des chiens<\/li>\n<li>Pour les chiens de 10 \u00e0 30 kg<\/li>\n<\/ul>\n<p><strong>Propri\u00e9t\u00e9s:<\/strong><\/p>\n<ul>\n<li><strong>Effet sur le biofilm:<\/strong><br \/>\nOrozyme RF2 Sticks contiennent le substance brevet\u00e9 RF2.<br \/>\nRF2 emp\u00eache la formation d&#8217;un biofilm sur les dents. Ce biofilm est le pr\u00e9curseur de la plaque dentaire.<br \/>\nEn enlevnat le biofilm, la formation de la plaque est emp\u00each\u00e9\u00e9. Par cons\u00e9quent, les Orozyme RF2 sricks emp\u00eachent la formation de plaque dentaire.<\/li>\n<li><strong>Mastication prolong\u00e9e:<\/strong><br \/>\nEnoutre, la composition et la forme ergonomique sp\u00e9cifique des Orozyme RF2 sticks \u00e0 votre chiens de m\u00e2cher plus longtemps.<br \/>\nCette action m\u00e9canique abrasive aide \u00e0 pr\u00e9venir la plaque dentaire.<\/li>\n<\/ul>\n<p><strong>Composition:<\/strong><br \/>\nSous-produits v\u00e9g\u00e9taux, c\u00e9r\u00e9ales, viande et sous-produits animaux, min\u00e9raux, huile et graisse, RF2 &#8211; Rheum officinale radix pulvis.<\/p>\n<p><strong>Constituants analytiques:<br \/>\n<\/strong>Cendres brutes 3,5 %<br \/>\nProt\u00e9ines brutes 6,5 %.<br \/>\nMati\u00e8res grasses brutes 1,5 %<br \/>\nCellulose brute 1,5 %<br \/>\nTeneur en humidit\u00e9 14%<\/p>\n<p><strong>Conseils d&#8217;utilisation:<\/strong><br \/>\nAdministration orale<br \/>\nDonnez \u00e0 votre chien 1 b\u00e2tonnet Orozyme RF2 par jour apr\u00e8s les repas.<br \/>\nVeillez \u00e0 ce que de l&#8217;eau potable fra\u00eeche soit toujours disponible.<\/p>\n<p><strong>Condtionnement:<\/strong><br \/>\n2 sachets de 14 sticks<\/p>","protected":false},"excerpt":{"rendered":"<p>Aliment compl\u00e9mentiare pour reduire la plaque dentaire et la mauvaise haleine chez les chiens Pour l&#8217;hygi\u00e8ne dentaire des chiens Pour les chiens de 10 \u00e0 30 kg Propri\u00e9t\u00e9s: Effet sur le biofilm: Orozyme RF2 Sticks contiennent le substance brevet\u00e9 RF2. RF2 emp\u00eache la formation d&#8217;un biofilm sur les dents. Ce biofilm est le pr\u00e9curseur de [&hellip;]<\/p>\n","protected":false},"featured_media":55682,"template":"","meta":{"_acf_changed":false,"footnotes":""},"product_brand":[],"product_cat":[151,46],"product_tag":[],"class_list":{"0":"post-55681","1":"product","2":"type-product","3":"status-publish","4":"has-post-thumbnail","6":"product_cat-chiens","7":"product_cat-veterinaire","9":"first","10":"outofstock","11":"taxable","12":"shipping-taxable","13":"purchasable","14":"product-type-simple"},"acf":[],"_links":{"self":[{"href":"https:\/\/www.pharmacieonline.lu\/en\/wp-json\/wp\/v2\/product\/55681","targetHints":{"allow":["GET"]}}],"collection":[{"href":"https:\/\/www.pharmacieonline.lu\/en\/wp-json\/wp\/v2\/product"}],"about":[{"href":"https:\/\/www.pharmacieonline.lu\/en\/wp-json\/wp\/v2\/types\/product"}],"version-history":[{"count":1,"href":"https:\/\/www.pharmacieonline.lu\/en\/wp-json\/wp\/v2\/product\/55681\/revisions"}],"predecessor-version":[{"id":55683,"href":"https:\/\/www.pharmacieonline.lu\/en\/wp-json\/wp\/v2\/product\/55681\/revisions\/55683"}],"wp:featuredmedia":[{"embeddable":true,"href":"https:\/\/www.pharmacieonline.lu\/en\/wp-json\/wp\/v2\/media\/55682"}],"wp:attachment":[{"href":"https:\/\/www.pharmacieonline.lu\/en\/wp-json\/wp\/v2\/media?parent=55681"}],"wp:term":[{"taxonomy":"product_brand","embeddable":true,"href":"https:\/\/www.pharmacieonline.lu\/en\/wp-json\/wp\/v2\/product_brand?post=55681"},{"taxonomy":"product_cat","embeddable":true,"href":"https:\/\/www.pharmacieonline.lu\/en\/wp-json\/wp\/v2\/product_cat?post=55681"},{"taxonomy":"product_tag","embeddable":true,"href":"https:\/\/www.pharmacieonline.lu\/en\/wp-json\/wp\/v2\/product_tag?post=55681"}],"curies":[{"name":"wp","href":"https:\/\/api.w.org\/{rel}","templated":true}]}}