{"id":55690,"date":"2026-04-09T17:26:46","date_gmt":"2026-04-09T15:26:46","guid":{"rendered":"https:\/\/www.pharmacieonline.lu\/?post_type=product&#038;p=55690"},"modified":"2026-04-15T03:55:12","modified_gmt":"2026-04-15T01:55:12","slug":"fiberact-100g-vet","status":"publish","type":"product","link":"https:\/\/www.pharmacieonline.lu\/en\/produit\/fiberact-100g-vet\/","title":{"rendered":"FIBERACT 100G VET"},"content":{"rendered":"<p class=\"qtranxs-available-languages-message qtranxs-available-languages-message-en\"> <\/p><p><\/p>\n<div class=\"type short-description\">Compl\u00e9ment alimentaire soutien du transit intestinal chez le chat et le chien<\/div>\n<div class=\"value\" data-role=\"content-preview\">\n<p><strong>Fiberact<\/strong>\u00a0permet de r\u00e9guler le transit de votre animal en cas de constipation et de diarrh\u00e9e chronique.<\/p>\n<p>L\u2019int\u00e9r\u00eat du psyllium r\u00e9side dans son action m\u00e9canique. Dans l\u2019intestin, les mucilages absorbent l\u2019eau et cr\u00e9ent un gel visqueux non absorb\u00e9 par l\u2019organisme. Il r\u00e9gularise la progression du contenu de l\u2019intestin gr\u00eale et du c\u00f4lon. Le gel lubri\ufb01ant de psyllium facilite alors l\u2019\u00e9limination des selles et des boules de poils.<br \/>\nLe manque d\u2019activit\u00e9 chez certains chats s\u00e9dentaires vivants en appartement peut entrainer un transit digestif ralenti. Des troubles digestifs li\u00e9s \u00e0 des boules de poils ou de la constipation peuvent apparaitre. Le psyllium a des e\ufb00ets positifs sur leur transit digestif.<\/p>\n<p>Mode d\u2019emploi :<br \/>\nChiens : 1 cuill\u00e8re \u00e0 caf\u00e9 par 10 kg\/jour.<br \/>\nChats : \u00bd cuill\u00e8re \u00e0 caf\u00e9 par jour.<br \/>\nM\u00e9langer \u00e0 la nourriture. S\u2019assurer que l\u2019animal ait de l\u2019eau \u00e0 disposition. Mouiller la nourriture si besoin. La quantit\u00e9 peut \u00eatre doubl\u00e9e en cas de besoin.<br \/>\nSuivre les conseils du v\u00e9t\u00e9rinaire.<\/p>\n<\/div>\n<p><\/p>","protected":false},"excerpt":{"rendered":"<p>Compl\u00e9ment alimentaire soutien du transit intestinal chez le chat et le chien Fiberact\u00a0permet de r\u00e9guler le transit de votre animal en cas de constipation et de diarrh\u00e9e chronique. L\u2019int\u00e9r\u00eat du psyllium r\u00e9side dans son action m\u00e9canique. Dans l\u2019intestin, les mucilages absorbent l\u2019eau et cr\u00e9ent un gel visqueux non absorb\u00e9 par l\u2019organisme. Il r\u00e9gularise la progression [&hellip;]<\/p>\n","protected":false},"featured_media":55691,"template":"","meta":{"_acf_changed":false,"footnotes":""},"product_brand":[],"product_cat":[151,150,46],"product_tag":[],"class_list":{"0":"post-55690","1":"product","2":"type-product","3":"status-publish","4":"has-post-thumbnail","6":"product_cat-chiens","7":"product_cat-chats","8":"product_cat-veterinaire","10":"first","11":"instock","12":"taxable","13":"shipping-taxable","14":"purchasable","15":"product-type-simple"},"acf":[],"_links":{"self":[{"href":"https:\/\/www.pharmacieonline.lu\/en\/wp-json\/wp\/v2\/product\/55690","targetHints":{"allow":["GET"]}}],"collection":[{"href":"https:\/\/www.pharmacieonline.lu\/en\/wp-json\/wp\/v2\/product"}],"about":[{"href":"https:\/\/www.pharmacieonline.lu\/en\/wp-json\/wp\/v2\/types\/product"}],"version-history":[{"count":1,"href":"https:\/\/www.pharmacieonline.lu\/en\/wp-json\/wp\/v2\/product\/55690\/revisions"}],"predecessor-version":[{"id":55692,"href":"https:\/\/www.pharmacieonline.lu\/en\/wp-json\/wp\/v2\/product\/55690\/revisions\/55692"}],"wp:featuredmedia":[{"embeddable":true,"href":"https:\/\/www.pharmacieonline.lu\/en\/wp-json\/wp\/v2\/media\/55691"}],"wp:attachment":[{"href":"https:\/\/www.pharmacieonline.lu\/en\/wp-json\/wp\/v2\/media?parent=55690"}],"wp:term":[{"taxonomy":"product_brand","embeddable":true,"href":"https:\/\/www.pharmacieonline.lu\/en\/wp-json\/wp\/v2\/product_brand?post=55690"},{"taxonomy":"product_cat","embeddable":true,"href":"https:\/\/www.pharmacieonline.lu\/en\/wp-json\/wp\/v2\/product_cat?post=55690"},{"taxonomy":"product_tag","embeddable":true,"href":"https:\/\/www.pharmacieonline.lu\/en\/wp-json\/wp\/v2\/product_tag?post=55690"}],"curies":[{"name":"wp","href":"https:\/\/api.w.org\/{rel}","templated":true}]}}