{"id":55693,"date":"2026-04-09T17:31:04","date_gmt":"2026-04-09T15:31:04","guid":{"rendered":"https:\/\/www.pharmacieonline.lu\/?post_type=product&#038;p=55693"},"modified":"2026-04-12T06:55:08","modified_gmt":"2026-04-12T04:55:08","slug":"flubenol-kh-44-pate-78ml-vet","status":"publish","type":"product","link":"https:\/\/www.pharmacieonline.lu\/en\/produit\/flubenol-kh-44-pate-78ml-vet\/","title":{"rendered":"FLUBENOL KH 44% PATE 7,8ML VET"},"content":{"rendered":"<p class=\"qtranxs-available-languages-message qtranxs-available-languages-message-en\"> <\/p><p><\/p>\n<h3 class=\"h3-onglet\">Flubenol Kh traite les infestations vermineuses<\/h3>\n<p>Chez les chiens par :<\/p>\n<ul>\n<li>Ascarides : Toxocara canis (stades adultes), Toxascaris leonina (stades adultes).<\/li>\n<li>Tricoc\u00e9phales : Trichuris vulpis (stades adultes).<\/li>\n<li>Ankylostomes : Uncinaria stenocephala (stades adultes), Ancylostoma caninum (stades adultes).<\/li>\n<\/ul>\n<p>Chez les chats par :<\/p>\n<ul>\n<li>Ascarides : Toxocara cati (stades adultes), Toxascaris leonina (stades adultes).<\/li>\n<li>Ankylostomes : Ancylostoma tubaeforme (stades adultes).<\/li>\n<li>Cestodes : Taenia taeniaeformis (stades adultes).<\/li>\n<\/ul>\n<h3 class=\"h3-onglet\">Conseils d&#8217;utilisation :<\/h3>\n<ul>\n<li>Enlever le capuchon de s\u00e9curit\u00e9 ;<\/li>\n<li>Tenir le piston\u00a0tout en bloquant la bague de r\u00e9glage\u00a0sur la subdivision correspondant au poids corporel de l&#8217;animal en kilos ;<\/li>\n<li>Administrer la p\u00e2te ;<\/li>\n<li>Pour une administration suivante, additionner le poids corporel de l&#8217;animal au nombre correspondant \u00e0 la subdivision utilis\u00e9e pr\u00e9c\u00e9demment ;<\/li>\n<li>Bloquer la bague\u00a0sur la subdivision correspondant au total obtenu.<\/li>\n<\/ul>\n<h3 class=\"h3-onglet\">Mode d&#8217;administration :<\/h3>\n<p>La p\u00e2te peut \u00eatre administr\u00e9e d&#8217;une des mani\u00e8res suivantes :<\/p>\n<ul>\n<li>introduire directement la dose exacte dans la gueule du chien ou du chat ;<\/li>\n<li>m\u00e9langer la dose exacte \u00e0 la nourriture (ce mode d&#8217;administration est indiqu\u00e9 pour les animaux difficiles \u00e0 manipuler ou agressifs) ;<\/li>\n<li>La seringue contient suffisamment de p\u00e2te pour traiter un animal de 5 kg pendant 3 jours.<\/li>\n<\/ul>\n<h3 class=\"h3-onglet\">Posologie :<\/h3>\n<ul>\n<li>1 ml par 2 kg de poids corporel = 22 mg\/kg ;<\/li>\n<li>Chiens et chats infest\u00e9s par des ascarides et des ankylostomes :\n<ul>\n<li>1 ml de p\u00e2te par 2 kg de poids corporel ;<\/li>\n<li>une fois par jour, \u00e0 administrer pendant 2 jours cons\u00e9cutifs.<\/li>\n<\/ul>\n<\/li>\n<li>Chiens et chats infest\u00e9s par d&#8217;autres esp\u00e8ces de vers :\n<ul>\n<li>1 ml de p\u00e2te par 2 kg de poids corporel ;<\/li>\n<li>une fois par jour ;<\/li>\n<li>\u00e0 administrer pendant 3 jours cons\u00e9cutifs.<\/li>\n<\/ul>\n<\/li>\n<\/ul>\n<p><\/p>","protected":false},"excerpt":{"rendered":"<p>Flubenol Kh traite les infestations vermineuses Chez les chiens par : Ascarides : Toxocara canis (stades adultes), Toxascaris leonina (stades adultes). Tricoc\u00e9phales : Trichuris vulpis (stades adultes). Ankylostomes : Uncinaria stenocephala (stades adultes), Ancylostoma caninum (stades adultes). Chez les chats par : Ascarides : Toxocara cati (stades adultes), Toxascaris leonina (stades adultes). Ankylostomes : Ancylostoma [&hellip;]<\/p>\n","protected":false},"featured_media":55694,"template":"","meta":{"_acf_changed":false,"footnotes":""},"product_brand":[],"product_cat":[151,150,154,158,46],"product_tag":[],"class_list":{"0":"post-55693","1":"product","2":"type-product","3":"status-publish","4":"has-post-thumbnail","6":"product_cat-chiens","7":"product_cat-chats","8":"product_cat-parasites","9":"product_cat-parasites-chiens","10":"product_cat-veterinaire","12":"first","13":"instock","14":"taxable","15":"shipping-taxable","16":"purchasable","17":"product-type-simple"},"acf":[],"_links":{"self":[{"href":"https:\/\/www.pharmacieonline.lu\/en\/wp-json\/wp\/v2\/product\/55693","targetHints":{"allow":["GET"]}}],"collection":[{"href":"https:\/\/www.pharmacieonline.lu\/en\/wp-json\/wp\/v2\/product"}],"about":[{"href":"https:\/\/www.pharmacieonline.lu\/en\/wp-json\/wp\/v2\/types\/product"}],"version-history":[{"count":1,"href":"https:\/\/www.pharmacieonline.lu\/en\/wp-json\/wp\/v2\/product\/55693\/revisions"}],"predecessor-version":[{"id":55695,"href":"https:\/\/www.pharmacieonline.lu\/en\/wp-json\/wp\/v2\/product\/55693\/revisions\/55695"}],"wp:featuredmedia":[{"embeddable":true,"href":"https:\/\/www.pharmacieonline.lu\/en\/wp-json\/wp\/v2\/media\/55694"}],"wp:attachment":[{"href":"https:\/\/www.pharmacieonline.lu\/en\/wp-json\/wp\/v2\/media?parent=55693"}],"wp:term":[{"taxonomy":"product_brand","embeddable":true,"href":"https:\/\/www.pharmacieonline.lu\/en\/wp-json\/wp\/v2\/product_brand?post=55693"},{"taxonomy":"product_cat","embeddable":true,"href":"https:\/\/www.pharmacieonline.lu\/en\/wp-json\/wp\/v2\/product_cat?post=55693"},{"taxonomy":"product_tag","embeddable":true,"href":"https:\/\/www.pharmacieonline.lu\/en\/wp-json\/wp\/v2\/product_tag?post=55693"}],"curies":[{"name":"wp","href":"https:\/\/api.w.org\/{rel}","templated":true}]}}