{"id":55738,"date":"2026-04-09T18:04:38","date_gmt":"2026-04-09T16:04:38","guid":{"rendered":"https:\/\/www.pharmacieonline.lu\/?post_type=product&#038;p=55738"},"modified":"2026-04-12T06:55:06","modified_gmt":"2026-04-12T04:55:06","slug":"flexadin-plus-maxi-90-chews-vet","status":"publish","type":"product","link":"https:\/\/www.pharmacieonline.lu\/en\/produit\/flexadin-plus-maxi-90-chews-vet\/","title":{"rendered":"FLEXADIN PLUS MAXI 90 CHEWS VET"},"content":{"rendered":"<p class=\"qtranxs-available-languages-message qtranxs-available-languages-message-en\"> <\/p><p>Fabriqu\u00e9 en France, Flexadin Plus est un aliment compl\u00e9mentaire efficace et s\u00fbr pour votre animal. Ces aliments compl\u00e9mentaires se pr\u00e9sentent sous la forme de sachets fraicheurs refermables de 30 ou 90 bouch\u00e9es, pour petit chien et chat (Flexadin Plus Mini) ou pour gros chien (Flexadin Plus Maxi)<\/p>\n<p>Flexadin Plus est compos\u00e9 de plusieurs ingr\u00e9dients, sp\u00e9cifiquement choisis pour leurs actions sur les probl\u00e8mes d\u2019articulations et de mobilit\u00e9.<br \/>\n&#8211; La glucosamine, mol\u00e9cule qui stimule la formation du collag\u00e8ne des articulations,<br \/>\n&#8211; La chondro\u00eftine sulfate, qui prot\u00e8ge le cartilage des enzymes de destruction,<br \/>\n&#8211; L\u2019Harpagophytum procumbens, plante \u00e0 action reconnue sur l\u2019inflammation.<\/p>\n<p>Utilisation :<br \/>\nBouch\u00e9es app\u00e9tentes pour une administration facile 1 fois par jour.<br \/>\nPour les chiens dont le poids se situe entre 10 et 30kg, il est recommand\u00e9 de donner 1 bouch\u00e9e de Flexadin Plus Maxi par jour.<br \/>\nPour les chiens de plus de 30kg, il est recommand\u00e9 de donner 2 bouch\u00e9es de Flexadin Plus Maxi par jour.<\/p>","protected":false},"excerpt":{"rendered":"<p>Fabriqu\u00e9 en France, Flexadin Plus est un aliment compl\u00e9mentaire efficace et s\u00fbr pour votre animal. Ces aliments compl\u00e9mentaires se pr\u00e9sentent sous la forme de sachets fraicheurs refermables de 30 ou 90 bouch\u00e9es, pour petit chien et chat (Flexadin Plus Mini) ou pour gros chien (Flexadin Plus Maxi) Flexadin Plus est compos\u00e9 de plusieurs ingr\u00e9dients, sp\u00e9cifiquement [&hellip;]<\/p>\n","protected":false},"featured_media":55739,"template":"","meta":{"_acf_changed":false,"footnotes":""},"product_brand":[],"product_cat":[151,46],"product_tag":[],"class_list":{"0":"post-55738","1":"product","2":"type-product","3":"status-publish","4":"has-post-thumbnail","6":"product_cat-chiens","7":"product_cat-veterinaire","9":"first","10":"instock","11":"taxable","12":"shipping-taxable","13":"purchasable","14":"product-type-simple"},"acf":[],"_links":{"self":[{"href":"https:\/\/www.pharmacieonline.lu\/en\/wp-json\/wp\/v2\/product\/55738","targetHints":{"allow":["GET"]}}],"collection":[{"href":"https:\/\/www.pharmacieonline.lu\/en\/wp-json\/wp\/v2\/product"}],"about":[{"href":"https:\/\/www.pharmacieonline.lu\/en\/wp-json\/wp\/v2\/types\/product"}],"version-history":[{"count":1,"href":"https:\/\/www.pharmacieonline.lu\/en\/wp-json\/wp\/v2\/product\/55738\/revisions"}],"predecessor-version":[{"id":55740,"href":"https:\/\/www.pharmacieonline.lu\/en\/wp-json\/wp\/v2\/product\/55738\/revisions\/55740"}],"wp:featuredmedia":[{"embeddable":true,"href":"https:\/\/www.pharmacieonline.lu\/en\/wp-json\/wp\/v2\/media\/55739"}],"wp:attachment":[{"href":"https:\/\/www.pharmacieonline.lu\/en\/wp-json\/wp\/v2\/media?parent=55738"}],"wp:term":[{"taxonomy":"product_brand","embeddable":true,"href":"https:\/\/www.pharmacieonline.lu\/en\/wp-json\/wp\/v2\/product_brand?post=55738"},{"taxonomy":"product_cat","embeddable":true,"href":"https:\/\/www.pharmacieonline.lu\/en\/wp-json\/wp\/v2\/product_cat?post=55738"},{"taxonomy":"product_tag","embeddable":true,"href":"https:\/\/www.pharmacieonline.lu\/en\/wp-json\/wp\/v2\/product_tag?post=55738"}],"curies":[{"name":"wp","href":"https:\/\/api.w.org\/{rel}","templated":true}]}}