{"id":55753,"date":"2026-04-09T18:10:32","date_gmt":"2026-04-09T16:10:32","guid":{"rendered":"https:\/\/www.pharmacieonline.lu\/?post_type=product&#038;p=55753"},"modified":"2026-04-14T18:07:09","modified_gmt":"2026-04-14T16:07:09","slug":"flexadin-plus-maxi-30-chews-vet","status":"publish","type":"product","link":"https:\/\/www.pharmacieonline.lu\/en\/produit\/flexadin-plus-maxi-30-chews-vet\/","title":{"rendered":"FLEXADIN PLUS MAXI 30 CHEWS VET"},"content":{"rendered":"<p class=\"qtranxs-available-languages-message qtranxs-available-languages-message-en\"> <\/p><p><\/p>\n<div class=\"type short-description\">\n<p>Compl\u00e9ment alimentaire anti-arthrose chez les chiens de plus de 10Kg<\/p>\n<\/div>\n<div class=\"value\" data-role=\"content-preview\">\n<div>\n<div>\n<div>\n<p>Flexadin PLUS Maxi est un suppl\u00e9ment nutritionnel pour le soutien articulaire chez le chien de plus de 10Kg.<\/p>\n<p>L&#8217;int\u00e9grit\u00e9 du cartilage articulaire est un \u00e9l\u00e9ment fondamental du maintien des capacit\u00e9s locomotrices et du confort de vie de l&#8217;animal, particuli\u00e8rement chez les chiens \u00e2g\u00e9s, les sujets de grande race ou en cas d&#8217;ob\u00e9sit\u00e9.<\/p>\n<p>Chez le chien, les articulations les plus souvent atteintes sont les hanches, les genoux et \u00e0 un moindre degr\u00e9,les \u00e9paules et les jarrets. Par sa composition originale en chondroitine sulfate, glucosamine et Harpagophytum procumbens (bien connu pour ses propri\u00e9t\u00e9s apaisantes au niveau articulaire), Flexadin PLUS apporte l&#8217;ensemble des nutriments essentiels au cartilage et contribue au maintien de son int\u00e9grit\u00e9, indispensable \u00e0 une mobilit\u00e9, en particulier chez le chien \u00e2g\u00e9.<\/p>\n<p>En entretien : chiens de 10 \u00e0 30 kg : 1 bouch\u00e9e par jour \u2013 Chiens d\u2019un poids &gt;30kg : 2 bouch\u00e9es par jour. Pendant les 4 \u00e0 6 premi\u00e8res semaines, il est possible de doubler les doses d\u00e9finies. Les bouch\u00e9es peuvent \u00eatre donn\u00e9es directement dans la gueule de l\u2019animal ou m\u00e9lang\u00e9es avec l\u2019alimentation. Laisser de l\u2019eau disponible en permanence.<\/p>\n<p>Ce produit contient du Mangan\u00e8se pour lequel un seuil maximal a \u00e9t\u00e9 d\u00e9fini. Ne pas d\u00e9passer le dosage recommand\u00e9.<\/p>\n<p>Contient de la glucosamine et du sulfate de chondro\u00eftine. Ces deux \u00e9l\u00e9ments participent \u00e0 la synth\u00e8se du cartilage et soutiennent la fonction articulaire. Contient \u00e9galement des acides gras Om\u00e9ga-3 qui participent au maintien des articulations et de la Vitamine E connue pour ses propri\u00e9t\u00e9s anti-oxydantes.<\/p>\n<\/div>\n<\/div>\n<\/div>\n<\/div>\n<p><\/p>","protected":false},"excerpt":{"rendered":"<p>Compl\u00e9ment alimentaire anti-arthrose chez les chiens de plus de 10Kg Flexadin PLUS Maxi est un suppl\u00e9ment nutritionnel pour le soutien articulaire chez le chien de plus de 10Kg. L&#8217;int\u00e9grit\u00e9 du cartilage articulaire est un \u00e9l\u00e9ment fondamental du maintien des capacit\u00e9s locomotrices et du confort de vie de l&#8217;animal, particuli\u00e8rement chez les chiens \u00e2g\u00e9s, les sujets [&hellip;]<\/p>\n","protected":false},"featured_media":55756,"template":"","meta":{"_acf_changed":false,"footnotes":""},"product_brand":[],"product_cat":[151,46],"product_tag":[],"class_list":{"0":"post-55753","1":"product","2":"type-product","3":"status-publish","4":"has-post-thumbnail","6":"product_cat-chiens","7":"product_cat-veterinaire","9":"first","10":"instock","11":"taxable","12":"shipping-taxable","13":"purchasable","14":"product-type-simple"},"acf":[],"_links":{"self":[{"href":"https:\/\/www.pharmacieonline.lu\/en\/wp-json\/wp\/v2\/product\/55753","targetHints":{"allow":["GET"]}}],"collection":[{"href":"https:\/\/www.pharmacieonline.lu\/en\/wp-json\/wp\/v2\/product"}],"about":[{"href":"https:\/\/www.pharmacieonline.lu\/en\/wp-json\/wp\/v2\/types\/product"}],"version-history":[{"count":2,"href":"https:\/\/www.pharmacieonline.lu\/en\/wp-json\/wp\/v2\/product\/55753\/revisions"}],"predecessor-version":[{"id":55802,"href":"https:\/\/www.pharmacieonline.lu\/en\/wp-json\/wp\/v2\/product\/55753\/revisions\/55802"}],"wp:featuredmedia":[{"embeddable":true,"href":"https:\/\/www.pharmacieonline.lu\/en\/wp-json\/wp\/v2\/media\/55756"}],"wp:attachment":[{"href":"https:\/\/www.pharmacieonline.lu\/en\/wp-json\/wp\/v2\/media?parent=55753"}],"wp:term":[{"taxonomy":"product_brand","embeddable":true,"href":"https:\/\/www.pharmacieonline.lu\/en\/wp-json\/wp\/v2\/product_brand?post=55753"},{"taxonomy":"product_cat","embeddable":true,"href":"https:\/\/www.pharmacieonline.lu\/en\/wp-json\/wp\/v2\/product_cat?post=55753"},{"taxonomy":"product_tag","embeddable":true,"href":"https:\/\/www.pharmacieonline.lu\/en\/wp-json\/wp\/v2\/product_tag?post=55753"}],"curies":[{"name":"wp","href":"https:\/\/api.w.org\/{rel}","templated":true}]}}