{"id":836,"date":"2020-11-25T17:27:06","date_gmt":"2020-11-25T16:27:06","guid":{"rendered":"https:\/\/www.pharmacieonline.lu\/produit\/arkogelules-rhodio-relax-45-caps\/"},"modified":"2026-04-28T16:40:25","modified_gmt":"2026-04-28T14:40:25","slug":"arkogelules-rhodio-relax-45-caps","status":"publish","type":"product","link":"https:\/\/www.pharmacieonline.lu\/en\/produit\/arkogelules-rhodio-relax-45-caps\/","title":{"rendered":"ARKOGELULES RHODIO RELAX 45 CAPS"},"content":{"rendered":"<p>Indication<br \/>\nThe root of Rhodiola rosea facilitates relaxation and relaxation.<\/p>\n<p>Use<br \/>\n2 capsules in the morning and 1 capsule at midday to be taken at mealtimes with a large glass of water.<\/p>","protected":false},"excerpt":{"rendered":"<p class=\"qtranxs-available-languages-message qtranxs-available-languages-message-en\">\n<div class=\"product-categories\">\n<div class=\"category\"><a class=\"catalog-category-0\" href=\"https:\/\/www.arkopharma.com\/fr-FR\/phytotherapie\">PHYTOTH\u00c9RAPIE<\/a><\/div>\n<div class=\"category\"><a class=\"catalog-category-1\" href=\"https:\/\/www.arkopharma.com\/fr-FR\/sommeil-et-stress\">SOMMEIL ET STRESS\u00a0<\/a>,\u00a0<a class=\"catalog-category-1\" href=\"https:\/\/www.arkopharma.com\/fr-FR\/detente\">D\u00c9TENTE\u00a0<\/a>,\u00a0<a class=\"catalog-category-1\" href=\"https:\/\/www.arkopharma.com\/fr-FR\/stress\">STRESS<\/a><\/div>\n<div class=\"category\"><span class=\"catalog-category-3\">Compl\u00e9ment alimentaire<\/span><\/div>\n<\/div>\n<div class=\"product-description-text\">\n<div class=\"field field--name-field-product-description field--type-text-long field--label-hidden field--item\">\n<p><em>La racine de Rhodiola rosea facilite la d\u00e9tente et la relaxation.<\/em><\/p>\n<p>Forts de leur expertise dans le domaine de la phytoth\u00e9rapie, les laboratoires Arkopharma ont \u00e9labor\u00e9 Arkog\u00e9lules\u00ae Rhodiole :\u00a0<strong>une formule exclusive qui agit dans le plus grand respect de votre corps.<\/strong><\/p>\n<\/div>\n<\/div>\n<p>2 g\u00e9lules le matin et 1 g\u00e9lule le midi \u00e0 prendre au moment des repas avec un grand verre d&#8217;eau.<\/p>\n<p>La racine de Rhodiola rosea facilite la d\u00e9tente et la relaxation.<\/p>\n","protected":false},"featured_media":4095,"template":"","meta":{"_acf_changed":false,"footnotes":""},"product_brand":[],"product_cat":[42,953,78,782],"product_tag":[],"class_list":{"0":"post-836","1":"product","2":"type-product","3":"status-publish","4":"has-post-thumbnail","6":"product_cat-para-pharmacie","7":"product_cat-complements-alimentaires","8":"product_cat-phytotherapie","9":"product_cat-vegan","11":"first","12":"instock","13":"taxable","14":"shipping-taxable","15":"purchasable","16":"product-type-simple"},"acf":[],"_links":{"self":[{"href":"https:\/\/www.pharmacieonline.lu\/en\/wp-json\/wp\/v2\/product\/836","targetHints":{"allow":["GET"]}}],"collection":[{"href":"https:\/\/www.pharmacieonline.lu\/en\/wp-json\/wp\/v2\/product"}],"about":[{"href":"https:\/\/www.pharmacieonline.lu\/en\/wp-json\/wp\/v2\/types\/product"}],"version-history":[{"count":0,"href":"https:\/\/www.pharmacieonline.lu\/en\/wp-json\/wp\/v2\/product\/836\/revisions"}],"wp:featuredmedia":[{"embeddable":true,"href":"https:\/\/www.pharmacieonline.lu\/en\/wp-json\/wp\/v2\/media\/4095"}],"wp:attachment":[{"href":"https:\/\/www.pharmacieonline.lu\/en\/wp-json\/wp\/v2\/media?parent=836"}],"wp:term":[{"taxonomy":"product_brand","embeddable":true,"href":"https:\/\/www.pharmacieonline.lu\/en\/wp-json\/wp\/v2\/product_brand?post=836"},{"taxonomy":"product_cat","embeddable":true,"href":"https:\/\/www.pharmacieonline.lu\/en\/wp-json\/wp\/v2\/product_cat?post=836"},{"taxonomy":"product_tag","embeddable":true,"href":"https:\/\/www.pharmacieonline.lu\/en\/wp-json\/wp\/v2\/product_tag?post=836"}],"curies":[{"name":"wp","href":"https:\/\/api.w.org\/{rel}","templated":true}]}}